{"id":5930,"date":"2019-11-23T13:49:29","date_gmt":"2019-11-23T13:49:29","guid":{"rendered":"https:\/\/eliquidnicotine.co.uk\/shop\/la-tabaccheria-mata-fina-tabak-extrakt-aroma\/"},"modified":"2021-03-01T12:52:51","modified_gmt":"2021-03-01T12:52:51","slug":"la-tabaccheria-mata-fina-tobacco-extract-flavour","status":"publish","type":"product","link":"https:\/\/eliquidnicotine.co.uk\/es\/shop\/la-tabaccheria-mata-fina-extracto-de-tabaco-sabor\/","title":{"rendered":"La tabaccheria Mata Fina"},"content":{"rendered":"<p>Define la \"Prima Donna\" por sus propiedades arom\u00e1ticas realmente notables, pero al mismo tiempo muy delicadas. La Mata Fina pertenece a la clase Dark Air Cured. Los tabacos de esta clase se utilizan para hacer puros, se tratan con aire y se someten a fermentaci\u00f3n, tras lo cual las hojas adquieren un color extremadamente oscuro y propiedades arom\u00e1ticas muy pronunciadas. La Mata Fina que seleccionamos es una capa Sun-Grown o un tabaco de venda cultivado al sol. Estos tabacos se diferencian de las capas Shade-Grown precisamente porque el cultivo al sol hace que estas plantas produzcan un aroma m\u00e1s fuerte que las Shades, que son m\u00e1s suaves y neutras. En la producci\u00f3n de puros, las capas se definen como la hoja exterior, los aglutinantes son la banda inferior y las tripas son el relleno. El extracto de tabaco Mata Fina de Nuestra L\u00ednea Elite es un compa\u00f1ero inseparable para todos aquellos que buscan un aroma verdaderamente distintivo, delicado y sensual, y que, como una elegante \"Prima Donna\" a su lado, mantendr\u00e1 el d\u00eda<\/p>","protected":false},"excerpt":{"rendered":"<p>Contenido 10 ml La Mata Fina, descrita como la \"primera mujer\" del tabaco para puros, es un tabaco de primera calidad producido en el estado brasile\u00f1o de Bah\u00eda y con el que se elaboran muchos puros de calidad.\u00a0<\/p>","protected":false},"featured_media":433,"comment_status":"open","ping_status":"closed","template":"","meta":{"_acf_changed":false,"_genesis_hide_title":false,"_genesis_hide_breadcrumbs":false,"_genesis_hide_singular_image":false,"_genesis_hide_footer_widgets":false,"_genesis_custom_body_class":"","_genesis_custom_post_class":"","_genesis_layout":""},"product_brand":[],"product_cat":[250],"product_tag":[],"class_list":{"1":"product","2":"type-product","6":"product_cat-pure-tobacco-extract-flavours","7":"entry","9":"first","10":"outofstock","11":"taxable","12":"shipping-taxable","13":"purchasable","14":"product-type-simple"},"acf":[],"_links":{"self":[{"href":"https:\/\/eliquidnicotine.co.uk\/es\/wp-json\/wp\/v2\/product\/5930","targetHints":{"allow":["GET"]}}],"collection":[{"href":"https:\/\/eliquidnicotine.co.uk\/es\/wp-json\/wp\/v2\/product"}],"about":[{"href":"https:\/\/eliquidnicotine.co.uk\/es\/wp-json\/wp\/v2\/types\/product"}],"replies":[{"embeddable":true,"href":"https:\/\/eliquidnicotine.co.uk\/es\/wp-json\/wp\/v2\/comments?post=5930"}],"wp:featuredmedia":[{"embeddable":true,"href":"https:\/\/eliquidnicotine.co.uk\/es\/wp-json\/wp\/v2\/media\/433"}],"wp:attachment":[{"href":"https:\/\/eliquidnicotine.co.uk\/es\/wp-json\/wp\/v2\/media?parent=5930"}],"wp:term":[{"taxonomy":"product_brand","embeddable":true,"href":"https:\/\/eliquidnicotine.co.uk\/es\/wp-json\/wp\/v2\/product_brand?post=5930"},{"taxonomy":"product_cat","embeddable":true,"href":"https:\/\/eliquidnicotine.co.uk\/es\/wp-json\/wp\/v2\/product_cat?post=5930"},{"taxonomy":"product_tag","embeddable":true,"href":"https:\/\/eliquidnicotine.co.uk\/es\/wp-json\/wp\/v2\/product_tag?post=5930"}],"curies":[{"name":"wp","href":"https:\/\/api.w.org\/{rel}","templated":true}]}}