{"id":5932,"date":"2019-11-23T13:49:29","date_gmt":"2019-11-23T13:49:29","guid":{"rendered":"https:\/\/eliquidnicotine.co.uk\/shop\/la-tabaccheria-mary-land-tabak-extrakt-aroma\/"},"modified":"2021-08-11T06:36:10","modified_gmt":"2021-08-11T06:36:10","slug":"la-tabaccheria-mary-land-tobacco-extract-flavour","status":"publish","type":"product","link":"https:\/\/eliquidnicotine.co.uk\/es\/shop\/la-tabaccheria-mary-land-extracto-de-tabaco-sabor\/","title":{"rendered":"La Tabaccheria Mary Land"},"content":{"rendered":"<p>A menudo se prefer\u00eda al Burley precisamente en la formulaci\u00f3n de las mezclas American Blend que resultaban mucho m\u00e1s sabrosas y con m\u00e1s cuerpo si se formulaban con una mezcla de Virginia, Maryland y Oriental en lugar de Virginia, Burley y Oriental. La elecci\u00f3n del Maryland en la formulaci\u00f3n del American Blend es utilizada por conocidos fabricantes que han hecho fortuna gracias al uso de este fant\u00e1stico tabaco que consigue dar un cuerpo y una aromaticidad completamente diferentes a los de una cl\u00e1sica mezcla americana. El Extracto de Tabaco Maryland, perteneciente a nuestra L\u00ednea Elite, tiene un aroma adorable y especiado, un aroma completo, redondo y satisfactorio, que sentar\u00e1 bien a los amantes de los sabores salados, pero que al mismo tiempo no resulta intrusivo, por lo que puede utilizarse durante todo el d\u00eda sin cansarse nunca.<\/p>","protected":false},"excerpt":{"rendered":"<p>Contenido 10 ml Maryland es un tabaco t\u00edpicamente americano. Al igual que el Burley, pertenece a la clase Light Air Cured, pero se diferencia mucho del Burley en que tiene un aroma realmente \u00fanico, mucho m\u00e1s redondo y con m\u00e1s cuerpo que el Burley, casi cremoso.\u00a0<\/p>","protected":false},"featured_media":434,"comment_status":"open","ping_status":"closed","template":"","meta":{"_acf_changed":false,"_genesis_hide_title":false,"_genesis_hide_breadcrumbs":false,"_genesis_hide_singular_image":false,"_genesis_hide_footer_widgets":false,"_genesis_custom_body_class":"","_genesis_custom_post_class":"","_genesis_layout":""},"product_brand":[],"product_cat":[250],"product_tag":[],"class_list":{"1":"product","2":"type-product","6":"product_cat-pure-tobacco-extract-flavours","7":"entry","9":"first","10":"outofstock","11":"taxable","12":"shipping-taxable","13":"purchasable","14":"product-type-simple"},"acf":[],"_links":{"self":[{"href":"https:\/\/eliquidnicotine.co.uk\/es\/wp-json\/wp\/v2\/product\/5932","targetHints":{"allow":["GET"]}}],"collection":[{"href":"https:\/\/eliquidnicotine.co.uk\/es\/wp-json\/wp\/v2\/product"}],"about":[{"href":"https:\/\/eliquidnicotine.co.uk\/es\/wp-json\/wp\/v2\/types\/product"}],"replies":[{"embeddable":true,"href":"https:\/\/eliquidnicotine.co.uk\/es\/wp-json\/wp\/v2\/comments?post=5932"}],"wp:featuredmedia":[{"embeddable":true,"href":"https:\/\/eliquidnicotine.co.uk\/es\/wp-json\/wp\/v2\/media\/434"}],"wp:attachment":[{"href":"https:\/\/eliquidnicotine.co.uk\/es\/wp-json\/wp\/v2\/media?parent=5932"}],"wp:term":[{"taxonomy":"product_brand","embeddable":true,"href":"https:\/\/eliquidnicotine.co.uk\/es\/wp-json\/wp\/v2\/product_brand?post=5932"},{"taxonomy":"product_cat","embeddable":true,"href":"https:\/\/eliquidnicotine.co.uk\/es\/wp-json\/wp\/v2\/product_cat?post=5932"},{"taxonomy":"product_tag","embeddable":true,"href":"https:\/\/eliquidnicotine.co.uk\/es\/wp-json\/wp\/v2\/product_tag?post=5932"}],"curies":[{"name":"wp","href":"https:\/\/api.w.org\/{rel}","templated":true}]}}