{"id":5934,"date":"2019-11-23T13:49:29","date_gmt":"2019-11-23T13:49:29","guid":{"rendered":"https:\/\/eliquidnicotine.co.uk\/shop\/la-tabaccheria-kentucky-usa-elite-tabak-extrakt-aroma\/"},"modified":"2021-03-25T08:05:28","modified_gmt":"2021-03-25T08:05:28","slug":"la-tabaccheria-kentucky-usa-elite-tobacco-extract-flavour","status":"publish","type":"product","link":"https:\/\/eliquidnicotine.co.uk\/es\/shop\/la-tabaccheria-kentucky-usa-elite-tobacco-extract-flavour\/","title":{"rendered":"La Tabaccheria Kentucky USA Elite"},"content":{"rendered":"<p>Es un tabaco muy especial producido en Am\u00e9rica y precisamente en Tennessee. Como todo Kentucky pertenece a la clase Fire Cured pero a diferencia del Kentucky utilizado en nuestra L\u00ednea de Extractos de Tabaco, este producto nos ha sorprendido por la particular fumada, muy diferente, si queremos mucho m\u00e1s fuerte. Sin embargo, las notas ahumadas son m\u00e1s amables y mucho m\u00e1s arom\u00e1ticas que un Kentucky \"Cl\u00e1sico\". Kentucky USA Tobacco Extract, perteneciente a nuestra Elite Line, tiene un sabor fuerte y arom\u00e1tico, un aroma que recuerda al olor de una buena barbacoa y que ser\u00e1 ideal despu\u00e9s de una comida de carne. El extracto de tabaco Kentucky USA, aunque no sea un aroma pensado para el vapor diario, es un \"Must\" para aquellos que buscan un sabor realmente especial y diferente en el tabaco curado al fuego.<\/p>","protected":false},"excerpt":{"rendered":"<p>Contenido 10 ml Kentucky USA es un nombre que hemos querido dar para diferenciar este producto del anterior Kentucky.\u00a0<\/p>","protected":false},"featured_media":436,"comment_status":"open","ping_status":"closed","template":"","meta":{"_acf_changed":false,"_genesis_hide_title":false,"_genesis_hide_breadcrumbs":false,"_genesis_hide_singular_image":false,"_genesis_hide_footer_widgets":false,"_genesis_custom_body_class":"","_genesis_custom_post_class":"","_genesis_layout":""},"product_brand":[],"product_cat":[250],"product_tag":[],"class_list":{"1":"product","2":"type-product","6":"product_cat-pure-tobacco-extract-flavours","7":"entry","9":"first","10":"outofstock","11":"taxable","12":"shipping-taxable","13":"purchasable","14":"product-type-simple"},"acf":[],"_links":{"self":[{"href":"https:\/\/eliquidnicotine.co.uk\/es\/wp-json\/wp\/v2\/product\/5934","targetHints":{"allow":["GET"]}}],"collection":[{"href":"https:\/\/eliquidnicotine.co.uk\/es\/wp-json\/wp\/v2\/product"}],"about":[{"href":"https:\/\/eliquidnicotine.co.uk\/es\/wp-json\/wp\/v2\/types\/product"}],"replies":[{"embeddable":true,"href":"https:\/\/eliquidnicotine.co.uk\/es\/wp-json\/wp\/v2\/comments?post=5934"}],"wp:featuredmedia":[{"embeddable":true,"href":"https:\/\/eliquidnicotine.co.uk\/es\/wp-json\/wp\/v2\/media\/436"}],"wp:attachment":[{"href":"https:\/\/eliquidnicotine.co.uk\/es\/wp-json\/wp\/v2\/media?parent=5934"}],"wp:term":[{"taxonomy":"product_brand","embeddable":true,"href":"https:\/\/eliquidnicotine.co.uk\/es\/wp-json\/wp\/v2\/product_brand?post=5934"},{"taxonomy":"product_cat","embeddable":true,"href":"https:\/\/eliquidnicotine.co.uk\/es\/wp-json\/wp\/v2\/product_cat?post=5934"},{"taxonomy":"product_tag","embeddable":true,"href":"https:\/\/eliquidnicotine.co.uk\/es\/wp-json\/wp\/v2\/product_tag?post=5934"}],"curies":[{"name":"wp","href":"https:\/\/api.w.org\/{rel}","templated":true}]}}