{"id":5942,"date":"2019-11-23T13:49:29","date_gmt":"2019-11-23T13:49:29","guid":{"rendered":"https:\/\/eliquidnicotine.co.uk\/shop\/la-tabaccheria-special-blend-harmonium-tabak-extrakt-aroma\/"},"modified":"2021-05-18T11:00:00","modified_gmt":"2021-05-18T11:00:00","slug":"la-tabaccheria-special-blend-harmonium-tobacco-extract-flavour","status":"publish","type":"product","link":"https:\/\/eliquidnicotine.co.uk\/es\/shop\/la-tabaccheria-special-blend-harmonium-tobacco-extract-flavour\/","title":{"rendered":"La Tabaccheria Mezcla Especial Harmonium"},"content":{"rendered":"<p>Descripci\u00f3n<br \/>\nDescripci\u00f3n del producto:<\/p>\n<p>Mezcla de extractos de tabaco aromatizados. No es un alimento. No ingerir. No utilizar como tal. Utilizar en diluci\u00f3n 10-15% para aromatizar l\u00edquidos de inhalaci\u00f3n (bases neutras) para cigarrillos electr\u00f3nicos (ECig), puros electr\u00f3nicos (ECigar), pipas electr\u00f3nicas (EPipe).<\/p>\n<p>Ingredientes:<\/p>\n<p>Propilenglicol, aromas, extractos de tabaco.<\/p>\n<p>Advertencias:<\/p>\n<p>Lea la etiqueta antes de utilizarlo. No es un alimento. No ingerir. No utilizar como tal. Diluir a 10-15% en base neutra para cigarrillo electr\u00f3nico. El producto no requiere maduraci\u00f3n posterior a la diluci\u00f3n. Puede contener trazas inevitables de nicotina procedentes del proceso de extracci\u00f3n. Mantener fuera del alcance de los ni\u00f1os. EN CASO DE LESI\u00d3N: Si se encuentra mal, p\u00f3ngase en contacto con un CENTRO DE INFORMACI\u00d3N TOXICOL\u00d3GICA o con un m\u00e9dico. Eliminar el producto\/envase de acuerdo con la normativa nacional. Conservar entre 1\u00b0C y 40\u00b0C protegido de la luz solar. Ficha de datos de seguridad disponible a petici\u00f3n. Prospecto y ficha de datos de seguridad en www.latabaccheria.net. PRODUCTO DESTINADO \u00daNICA Y EXCLUSIVAMENTE AL CONSUMIDOR FINAL. PROHIBIDA LA VENTA A MENORES DE 18 A\u00d1OS.<\/p>","protected":false},"excerpt":{"rendered":"<p>Contenido 10 ml Una sinfon\u00eda endurecida por el fuego con un toque de avellana, coco y barrica.<\/p>","protected":false},"featured_media":11702,"comment_status":"open","ping_status":"closed","template":"","meta":{"_acf_changed":false,"_genesis_hide_title":false,"_genesis_hide_breadcrumbs":false,"_genesis_hide_singular_image":false,"_genesis_hide_footer_widgets":false,"_genesis_custom_body_class":"","_genesis_custom_post_class":"","_genesis_layout":""},"product_brand":[],"product_cat":[250],"product_tag":[],"class_list":{"1":"product","2":"type-product","6":"product_cat-pure-tobacco-extract-flavours","7":"entry","9":"first","10":"outofstock","11":"taxable","12":"shipping-taxable","13":"purchasable","14":"product-type-simple"},"acf":[],"_links":{"self":[{"href":"https:\/\/eliquidnicotine.co.uk\/es\/wp-json\/wp\/v2\/product\/5942","targetHints":{"allow":["GET"]}}],"collection":[{"href":"https:\/\/eliquidnicotine.co.uk\/es\/wp-json\/wp\/v2\/product"}],"about":[{"href":"https:\/\/eliquidnicotine.co.uk\/es\/wp-json\/wp\/v2\/types\/product"}],"replies":[{"embeddable":true,"href":"https:\/\/eliquidnicotine.co.uk\/es\/wp-json\/wp\/v2\/comments?post=5942"}],"wp:featuredmedia":[{"embeddable":true,"href":"https:\/\/eliquidnicotine.co.uk\/es\/wp-json\/wp\/v2\/media\/11702"}],"wp:attachment":[{"href":"https:\/\/eliquidnicotine.co.uk\/es\/wp-json\/wp\/v2\/media?parent=5942"}],"wp:term":[{"taxonomy":"product_brand","embeddable":true,"href":"https:\/\/eliquidnicotine.co.uk\/es\/wp-json\/wp\/v2\/product_brand?post=5942"},{"taxonomy":"product_cat","embeddable":true,"href":"https:\/\/eliquidnicotine.co.uk\/es\/wp-json\/wp\/v2\/product_cat?post=5942"},{"taxonomy":"product_tag","embeddable":true,"href":"https:\/\/eliquidnicotine.co.uk\/es\/wp-json\/wp\/v2\/product_tag?post=5942"}],"curies":[{"name":"wp","href":"https:\/\/api.w.org\/{rel}","templated":true}]}}