{"id":5944,"date":"2019-11-23T13:49:29","date_gmt":"2019-11-23T13:49:29","guid":{"rendered":"https:\/\/eliquidnicotine.co.uk\/shop\/la-tabaccheria-mixture-n-1-tabak-extrakt-aroma\/"},"modified":"2021-01-16T08:31:23","modified_gmt":"2021-01-16T08:31:23","slug":"la-tabaccheria-mixture-n-1-tobacco-extract-flavour","status":"publish","type":"product","link":"https:\/\/eliquidnicotine.co.uk\/es\/shop\/la-tabaccheria-mixtura-n-1-extracto-de-tabaco-sabor\/","title":{"rendered":"La Tabaccheria Mezcla N 1"},"content":{"rendered":"<p>Esta mezcla abre las puertas a un verdadero spin off de la l\u00ednea \"Miscele Barrique\". A esta l\u00ednea pertenecer\u00e1n mezclas que tendr\u00e1n una gama m\u00e1s amplia de combinaciones arom\u00e1ticas, ya que se formular\u00e1n utilizando todos nuestros productos, \u00a1\u00a1\u00a1l\u00ednea \u00e9lite incluida!!!<\/p>\n<p>Esta mezcla es la mezcla que realmente faltaba, donde uno de nuestros \"caballos de batalla\" el Sr. Kentucky, dirige una orquesta de sabor, cuerpo y aromas dados por una compleja mezcla de diferentes tabacos y notas de barrica.<\/p>\n<p>Una mezcla que pondr\u00e1 de acuerdo a todos, incluso a los que se asoman por primera vez al curado al fuego, ya que hemos estudiado una f\u00f3rmula compleja, redonda y llena de facetas, pero al mismo tiempo no intrusiva y dirigida a todos los amantes del tabaco dulce, equilibrado o ahumado.<\/p>","protected":false},"excerpt":{"rendered":"<h2>Extracto de tabaco puro para la mezcla de e-l\u00edquidos mejor golpe de garganta v\u00edspera<\/h2>\n<p>ESTAMOS ORGULLOSOS DE PRESENTARLES LA PRIMERA MEZCLA, QUE TUVO EL HONOR DE LLEVAR EL NOMBRE DE LA EMPRESA: \"LA TABACCHERIA MEZCLA N.1\".<\/p>","protected":false},"featured_media":6509,"comment_status":"open","ping_status":"closed","template":"","meta":{"_acf_changed":false,"_genesis_hide_title":false,"_genesis_hide_breadcrumbs":false,"_genesis_hide_singular_image":false,"_genesis_hide_footer_widgets":false,"_genesis_custom_body_class":"","_genesis_custom_post_class":"","_genesis_layout":""},"product_brand":[],"product_cat":[250],"product_tag":[],"class_list":{"1":"product","2":"type-product","6":"product_cat-pure-tobacco-extract-flavours","7":"entry","9":"first","10":"outofstock","11":"taxable","12":"shipping-taxable","13":"purchasable","14":"product-type-simple"},"acf":[],"_links":{"self":[{"href":"https:\/\/eliquidnicotine.co.uk\/es\/wp-json\/wp\/v2\/product\/5944","targetHints":{"allow":["GET"]}}],"collection":[{"href":"https:\/\/eliquidnicotine.co.uk\/es\/wp-json\/wp\/v2\/product"}],"about":[{"href":"https:\/\/eliquidnicotine.co.uk\/es\/wp-json\/wp\/v2\/types\/product"}],"replies":[{"embeddable":true,"href":"https:\/\/eliquidnicotine.co.uk\/es\/wp-json\/wp\/v2\/comments?post=5944"}],"wp:featuredmedia":[{"embeddable":true,"href":"https:\/\/eliquidnicotine.co.uk\/es\/wp-json\/wp\/v2\/media\/6509"}],"wp:attachment":[{"href":"https:\/\/eliquidnicotine.co.uk\/es\/wp-json\/wp\/v2\/media?parent=5944"}],"wp:term":[{"taxonomy":"product_brand","embeddable":true,"href":"https:\/\/eliquidnicotine.co.uk\/es\/wp-json\/wp\/v2\/product_brand?post=5944"},{"taxonomy":"product_cat","embeddable":true,"href":"https:\/\/eliquidnicotine.co.uk\/es\/wp-json\/wp\/v2\/product_cat?post=5944"},{"taxonomy":"product_tag","embeddable":true,"href":"https:\/\/eliquidnicotine.co.uk\/es\/wp-json\/wp\/v2\/product_tag?post=5944"}],"curies":[{"name":"wp","href":"https:\/\/api.w.org\/{rel}","templated":true}]}}