{"id":5946,"date":"2019-11-23T13:49:29","date_gmt":"2019-11-23T13:49:29","guid":{"rendered":"https:\/\/eliquidnicotine.co.uk\/shop\/la-tabaccheria-hells-mixture-baffometto-tabak-extrakt-aroma\/"},"modified":"2021-11-01T10:36:15","modified_gmt":"2021-11-01T10:36:15","slug":"la-tabaccheria-hells-mixture-baffometto-tobacco-extract-flavour","status":"publish","type":"product","link":"https:\/\/eliquidnicotine.co.uk\/es\/shop\/la-tabaccheria-hells-mixture-baffometto-tobacco-extract-flavour\/","title":{"rendered":"La Tabaccheria Mezcla del Infierno Baffometto"},"content":{"rendered":"<p>Una mezcla de nuestros tabacos Virginia, Black Cavendish y extractos de Latakia, formulada por el \"Sommelier del Svapo\" Umberto Giannini y producida por nuestra empresa en su honor. Una mezcla \"TODO EL D\u00cdA\" y al mismo tiempo una \"degustaci\u00f3n\", basada en el m\u00e9todo de diluci\u00f3n elegido, que le proporcionar\u00e1 momentos de relajaci\u00f3n o le acompa\u00f1ar\u00e1 durante todo el d\u00eda. Una mezcla de la que ser\u00e1 dif\u00edcil desprenderse, \u00a1\u00a1\u00a1digna de la L\u00ednea de Mezclas del Infierno!!!<\/p>","protected":false},"excerpt":{"rendered":"<p>Contenido 10 ml La primera mezcla de edici\u00f3n limitada de la nueva l\u00ednea Hell's Mixtures.<\/p>","protected":false},"featured_media":11698,"comment_status":"open","ping_status":"closed","template":"","meta":{"_acf_changed":false,"_genesis_hide_title":false,"_genesis_hide_breadcrumbs":false,"_genesis_hide_singular_image":false,"_genesis_hide_footer_widgets":false,"_genesis_custom_body_class":"","_genesis_custom_post_class":"","_genesis_layout":""},"product_brand":[],"product_cat":[250],"product_tag":[],"class_list":{"1":"product","2":"type-product","6":"product_cat-pure-tobacco-extract-flavours","7":"entry","9":"first","10":"outofstock","11":"taxable","12":"shipping-taxable","13":"purchasable","14":"product-type-simple"},"acf":[],"_links":{"self":[{"href":"https:\/\/eliquidnicotine.co.uk\/es\/wp-json\/wp\/v2\/product\/5946","targetHints":{"allow":["GET"]}}],"collection":[{"href":"https:\/\/eliquidnicotine.co.uk\/es\/wp-json\/wp\/v2\/product"}],"about":[{"href":"https:\/\/eliquidnicotine.co.uk\/es\/wp-json\/wp\/v2\/types\/product"}],"replies":[{"embeddable":true,"href":"https:\/\/eliquidnicotine.co.uk\/es\/wp-json\/wp\/v2\/comments?post=5946"}],"wp:featuredmedia":[{"embeddable":true,"href":"https:\/\/eliquidnicotine.co.uk\/es\/wp-json\/wp\/v2\/media\/11698"}],"wp:attachment":[{"href":"https:\/\/eliquidnicotine.co.uk\/es\/wp-json\/wp\/v2\/media?parent=5946"}],"wp:term":[{"taxonomy":"product_brand","embeddable":true,"href":"https:\/\/eliquidnicotine.co.uk\/es\/wp-json\/wp\/v2\/product_brand?post=5946"},{"taxonomy":"product_cat","embeddable":true,"href":"https:\/\/eliquidnicotine.co.uk\/es\/wp-json\/wp\/v2\/product_cat?post=5946"},{"taxonomy":"product_tag","embeddable":true,"href":"https:\/\/eliquidnicotine.co.uk\/es\/wp-json\/wp\/v2\/product_tag?post=5946"}],"curies":[{"name":"wp","href":"https:\/\/api.w.org\/{rel}","templated":true}]}}