{"id":5948,"date":"2019-11-23T13:49:29","date_gmt":"2019-11-23T13:49:29","guid":{"rendered":"https:\/\/eliquidnicotine.co.uk\/shop\/la-tabaccheria-hells-mixture-n-759-tabak-extrakt-aroma\/"},"modified":"2021-03-24T13:23:39","modified_gmt":"2021-03-24T13:23:39","slug":"la-tabaccheria-hells-mixture-n-759-tobacco-extract-flavour","status":"publish","type":"product","link":"https:\/\/eliquidnicotine.co.uk\/es\/shop\/la-tabaccheria-hells-mixture-n-759-extracto-de-tabaco-sabor\/","title":{"rendered":"La Tabaccheria Mezcla del Infierno N.759"},"content":{"rendered":"<p>\u00a1\u00a1\u00a1Esta es nuestra interpretaci\u00f3n de la mezcla !!! Al realizar esta revisi\u00f3n, debemos tener en cuenta algunos factores importantes, ya que queremos ser claros y transparentes con nuestros clientes, como siempre. El primer factor a tener en cuenta es el hecho de que esta mezcla ya no se produce en su versi\u00f3n original. Ser\u00eda imposible que alguien volviera a fabricar este producto, aunque todav\u00eda quedan existencias muy escasas, pero no cantidades que permitan la producci\u00f3n al vapor (entre otras cosas, no recomendamos a nadie que vaporice productos de tabaco que hayan sido procesados por diversas razones, siempre es mejor utilizar extractos hechos con tabaco crudo y de primera calidad). Sin embargo, hay que tener en cuenta otro factor: Los tabacos que componen esta mezcla ya no se cultivan ni est\u00e1n disponibles, como el Latakia sirio. Para recrear exactamente esta mezcla legendaria, hoy en d\u00eda ser\u00eda imposible incluso para la casa fabricante que contiene la receta original, no s\u00f3lo las proporciones de los tabacos juegan un papel importante, sino exactamente estos tabacos, como la calidad, el grado, el origen, sino tambi\u00e9n la a\u00f1ada, un poco como la producci\u00f3n de vino. Imag\u00ednese entonces que algunos de estos tabacos ya no se cultivan. Consideremos ahora otras dos diferencias principales: - La primera diferencia es entre el tabaco procesado (condimentado, aromatizado, tratado) y el tabaco sin procesar tal y como lo utilizamos. - Otra diferencia es entre el tabaco para fumar y el tabaco para extractos y para vapear. \u00a1\u00a1\u00a1Todo esto para decir que hoy en d\u00eda cualquier enfoque sin la receta exacta y sin estas materias primas s\u00f3lo puede ser una revisi\u00f3n basada en la literatura, pero nunca podr\u00eda ser o pretender ser este producto que ahora sigue siendo una leyenda !!! Sin embargo, sobre la base de la experiencia del equipo y la gran literatura disponible, hemos hecho todo lo posible para crear esta mezcla digna de nuestra l\u00ednea Hell's Mixtures.<\/p>","protected":false},"excerpt":{"rendered":"<h2>Tenemos el placer de presentarles nuestro \"nuevo demonio\", el mejor golpe de garganta del mercado.<\/h2>\n<p>Contenido 10 ml La revisi\u00f3n de una mezcla legendaria en torno a la cual se ha creado un mito y de la que se ha hecho m\u00e1s literatura e hip\u00f3tesis sobre la verdadera receta que de ninguna otra mezcla de tabaco.<\/p>","protected":false},"featured_media":11699,"comment_status":"open","ping_status":"closed","template":"","meta":{"_acf_changed":false,"_genesis_hide_title":false,"_genesis_hide_breadcrumbs":false,"_genesis_hide_singular_image":false,"_genesis_hide_footer_widgets":false,"_genesis_custom_body_class":"","_genesis_custom_post_class":"","_genesis_layout":""},"product_brand":[],"product_cat":[250],"product_tag":[],"class_list":{"1":"product","2":"type-product","6":"product_cat-pure-tobacco-extract-flavours","7":"entry","9":"first","10":"outofstock","11":"taxable","12":"shipping-taxable","13":"purchasable","14":"product-type-simple"},"acf":[],"_links":{"self":[{"href":"https:\/\/eliquidnicotine.co.uk\/es\/wp-json\/wp\/v2\/product\/5948","targetHints":{"allow":["GET"]}}],"collection":[{"href":"https:\/\/eliquidnicotine.co.uk\/es\/wp-json\/wp\/v2\/product"}],"about":[{"href":"https:\/\/eliquidnicotine.co.uk\/es\/wp-json\/wp\/v2\/types\/product"}],"replies":[{"embeddable":true,"href":"https:\/\/eliquidnicotine.co.uk\/es\/wp-json\/wp\/v2\/comments?post=5948"}],"wp:featuredmedia":[{"embeddable":true,"href":"https:\/\/eliquidnicotine.co.uk\/es\/wp-json\/wp\/v2\/media\/11699"}],"wp:attachment":[{"href":"https:\/\/eliquidnicotine.co.uk\/es\/wp-json\/wp\/v2\/media?parent=5948"}],"wp:term":[{"taxonomy":"product_brand","embeddable":true,"href":"https:\/\/eliquidnicotine.co.uk\/es\/wp-json\/wp\/v2\/product_brand?post=5948"},{"taxonomy":"product_cat","embeddable":true,"href":"https:\/\/eliquidnicotine.co.uk\/es\/wp-json\/wp\/v2\/product_cat?post=5948"},{"taxonomy":"product_tag","embeddable":true,"href":"https:\/\/eliquidnicotine.co.uk\/es\/wp-json\/wp\/v2\/product_tag?post=5948"}],"curies":[{"name":"wp","href":"https:\/\/api.w.org\/{rel}","templated":true}]}}