{"id":70,"date":"2017-12-03T06:49:59","date_gmt":"2017-12-03T06:49:59","guid":{"rendered":"https:\/\/eliquidnicotine.co.uk\/?post_type=product&#038;p=70"},"modified":"2021-12-04T21:29:05","modified_gmt":"2021-12-04T21:29:05","slug":"fly-me-to-mars-premium-flavours","status":"publish","type":"product","link":"https:\/\/eliquidnicotine.co.uk\/es\/shop\/fly-me-to-mars-premium-flavours\/","title":{"rendered":"Fly me to mars sabores premium"},"content":{"rendered":"<h2 class=\"vc_custom_heading wpb_animate_when_almost_visible wpb_appear appear wpb_start_animation animated\">Aromas naturales ecol\u00f3gicos<\/h2>\n<p>Sabores muy concentrados, s\u00f3lo necesitas 5% para tener un e-l\u00edquido de buen sabor.<\/p>\n<p>Producimos aromas para la industria alimentaria y de bebidas, utilizando los mejores ingredientes y siguiendo las normas de fabricaci\u00f3n m\u00e1s estrictas.<\/p>\n<p>Los altos est\u00e1ndares de calidad nos permiten ahora crear los mejores sabores, por lo que a partir de ahora vapear se convierte en toda una nueva experiencia.<\/p>\n<p><strong>NO al Diacetil, Aceto\u00edna y Acetil Propionil o Tintura.<\/strong><\/p>\n<p>Todos los sabores han sido probados y equilibrados por nuestro equipo de saboristas y mix\u00f3logos.<\/p>\n<p>El mundo de los aromas cambia a menudo y son los gustos de los consumidores los que lo dictan. Tomemos como ejemplo la no tan reciente tendencia de los consumidores a preferir sabores naturales.\u00a0<strong>El saborista debe estar al tanto de estas tendencias<\/strong><\/p>\n<p><strong>Un saborista act\u00faa como un mago combinando diferentes sabores\u00a0<\/strong>crear la mezcla perfecta para hacer un capricho m\u00e1gico<\/p>\n<p><strong>\u00bfCu\u00e1ndo fue la \u00faltima vez que realmente se tom\u00f3 un momento para apreciar el sabor de su e-l\u00edquido?<\/strong><\/p>\n<p>&nbsp;<\/p>\n<p><strong>Entonces, \u00bfpor qu\u00e9 utilizar FM2M para su OEM?<\/strong><\/p>\n<ul>\n<li>Todos nuestros sabores se preparan y producen en Europa con ingredientes de la m\u00e1xima calidad procedentes de la UE.<\/li>\n<li>Todos nuestros sabores, ya sean OEM, a granel, al por mayor o al por menor, se controlan rigurosamente por lotes para garantizar una calidad responsable en cada botella.<\/li>\n<li>Todos nuestros aromas est\u00e1n exentos de DEG, diacetilo y acetilpropionilo.<\/li>\n<li>Certificados de todos y cada uno de los sabores que producimos<\/li>\n<li>Configuraci\u00f3n personalizada de cada sabor ajustada a sus preferencias<\/li>\n<li>Siempre todo un equipo con conocimientos y experiencia para producir los sabores que necesite a su servicio. Juntos creamos su experiencia de vapeo definitiva.<\/li>\n<\/ul>\n<ul>\n<li>\u00bfEs usted una nueva empresa? \u00bfUna empresa en r\u00e1pida expansi\u00f3n? \u00bfO simplemente busca un nuevo reto?  Nos encantar\u00eda ponernos en contacto con usted.<\/li>\n<\/ul>","protected":false},"excerpt":{"rendered":"<p>30 ml Sabores muy concentrados s\u00f3lo necesitas 5% para tener un e-l\u00edquido de buen sabor.<\/p>","protected":false},"featured_media":2332,"comment_status":"open","ping_status":"closed","template":"","meta":{"_acf_changed":false,"_genesis_hide_title":false,"_genesis_hide_breadcrumbs":false,"_genesis_hide_singular_image":false,"_genesis_hide_footer_widgets":false,"_genesis_custom_body_class":"","_genesis_custom_post_class":"","_genesis_layout":""},"product_brand":[],"product_cat":[252],"product_tag":[],"class_list":{"1":"product","2":"type-product","6":"product_cat-fly-me-to-mars-flavours-for-self-mixing","7":"entry","9":"first","10":"outofstock","11":"taxable","12":"shipping-taxable","13":"purchasable","14":"product-type-variable"},"acf":[],"_links":{"self":[{"href":"https:\/\/eliquidnicotine.co.uk\/es\/wp-json\/wp\/v2\/product\/70","targetHints":{"allow":["GET"]}}],"collection":[{"href":"https:\/\/eliquidnicotine.co.uk\/es\/wp-json\/wp\/v2\/product"}],"about":[{"href":"https:\/\/eliquidnicotine.co.uk\/es\/wp-json\/wp\/v2\/types\/product"}],"replies":[{"embeddable":true,"href":"https:\/\/eliquidnicotine.co.uk\/es\/wp-json\/wp\/v2\/comments?post=70"}],"wp:featuredmedia":[{"embeddable":true,"href":"https:\/\/eliquidnicotine.co.uk\/es\/wp-json\/wp\/v2\/media\/2332"}],"wp:attachment":[{"href":"https:\/\/eliquidnicotine.co.uk\/es\/wp-json\/wp\/v2\/media?parent=70"}],"wp:term":[{"taxonomy":"product_brand","embeddable":true,"href":"https:\/\/eliquidnicotine.co.uk\/es\/wp-json\/wp\/v2\/product_brand?post=70"},{"taxonomy":"product_cat","embeddable":true,"href":"https:\/\/eliquidnicotine.co.uk\/es\/wp-json\/wp\/v2\/product_cat?post=70"},{"taxonomy":"product_tag","embeddable":true,"href":"https:\/\/eliquidnicotine.co.uk\/es\/wp-json\/wp\/v2\/product_tag?post=70"}],"curies":[{"name":"wp","href":"https:\/\/api.w.org\/{rel}","templated":true}]}}