{"id":8523,"date":"2020-01-25T08:31:22","date_gmt":"2020-01-25T08:31:22","guid":{"rendered":"https:\/\/eliquidnicotine.co.uk\/shop\/avoria-premium-qualitat-ananas-e-liquid\/"},"modified":"2021-08-12T13:04:56","modified_gmt":"2021-08-12T13:04:56","slug":"avoria-premium-quality-pineapple-e-liquid","status":"publish","type":"product","link":"https:\/\/eliquidnicotine.co.uk\/es\/shop\/avoria-premium-quality-pineapple-e-liquid\/","title":{"rendered":"Pi\u00f1a de primera calidad Avoria"},"content":{"rendered":"<p>Vapear cigarrillos electr\u00f3nicos es uno de esos placeres cotidianos que pueden ser bastante sencillos, pero tambi\u00e9n enormemente complicados. Muchos usuarios aprecian el hecho de que los l\u00edquidos s\u00f3lo tengan que gotearse en el dep\u00f3sito de l\u00edquido de un e-cigarrillo y, de este modo, la experiencia de vaporizar puede comenzar en pocos segundos.<\/p>","protected":false},"excerpt":{"rendered":"<h2>Todos los productos Avoria ahora con un 50% de descuento<\/h2>\n<p>Los E-l\u00edquidos Avoria no tienen necesidad de ocultar su sabor y usted como usuario se beneficia inmensamente en casi todos los niveles. Pruebe los E-l\u00edquidos Avoria y la incre\u00edble variedad de sabores que puede disfrutar.<\/p>","protected":false},"featured_media":6624,"comment_status":"open","ping_status":"closed","template":"","meta":{"_acf_changed":false,"_genesis_hide_title":false,"_genesis_hide_breadcrumbs":false,"_genesis_hide_singular_image":false,"_genesis_hide_footer_widgets":false,"_genesis_custom_body_class":"","_genesis_custom_post_class":"","_genesis_layout":""},"product_brand":[],"product_cat":[397],"product_tag":[],"class_list":{"1":"product","2":"type-product","6":"product_cat-avoria-premium-e-liquid","7":"entry","9":"first","10":"outofstock","11":"taxable","12":"shipping-taxable","13":"purchasable","14":"product-type-variable"},"acf":[],"_links":{"self":[{"href":"https:\/\/eliquidnicotine.co.uk\/es\/wp-json\/wp\/v2\/product\/8523","targetHints":{"allow":["GET"]}}],"collection":[{"href":"https:\/\/eliquidnicotine.co.uk\/es\/wp-json\/wp\/v2\/product"}],"about":[{"href":"https:\/\/eliquidnicotine.co.uk\/es\/wp-json\/wp\/v2\/types\/product"}],"replies":[{"embeddable":true,"href":"https:\/\/eliquidnicotine.co.uk\/es\/wp-json\/wp\/v2\/comments?post=8523"}],"wp:featuredmedia":[{"embeddable":true,"href":"https:\/\/eliquidnicotine.co.uk\/es\/wp-json\/wp\/v2\/media\/6624"}],"wp:attachment":[{"href":"https:\/\/eliquidnicotine.co.uk\/es\/wp-json\/wp\/v2\/media?parent=8523"}],"wp:term":[{"taxonomy":"product_brand","embeddable":true,"href":"https:\/\/eliquidnicotine.co.uk\/es\/wp-json\/wp\/v2\/product_brand?post=8523"},{"taxonomy":"product_cat","embeddable":true,"href":"https:\/\/eliquidnicotine.co.uk\/es\/wp-json\/wp\/v2\/product_cat?post=8523"},{"taxonomy":"product_tag","embeddable":true,"href":"https:\/\/eliquidnicotine.co.uk\/es\/wp-json\/wp\/v2\/product_tag?post=8523"}],"curies":[{"name":"wp","href":"https:\/\/api.w.org\/{rel}","templated":true}]}}