{"id":22823,"date":"2021-12-07T15:17:47","date_gmt":"2021-12-07T15:17:47","guid":{"rendered":"https:\/\/eliquidnicotine.co.uk\/?page_id=22823"},"modified":"2021-12-07T15:17:48","modified_gmt":"2021-12-07T15:17:48","slug":"privacy","status":"publish","type":"page","link":"https:\/\/eliquidnicotine.co.uk\/fr\/confidentialite\/","title":{"rendered":"Vie priv\u00e9e"},"content":{"rendered":"<p>Politique de confidentialit\u00e9<\/p>\n<p>La personne responsable du traitement des donn\u00e9es est :<br \/>\nTJ Papen<br \/>\nHertog Hendriklaan 7A<br \/>\n3743DL Baarn<br \/>\nPays-Bas<br \/>\ninfo@eliquidnicotine.co.uk<\/p>\n<p>Nous vous remercions de l'int\u00e9r\u00eat que vous portez \u00e0 notre boutique en ligne. La protection de votre vie priv\u00e9e est tr\u00e8s importante pour nous. Nous vous informons ci-dessous en d\u00e9tail sur la mani\u00e8re dont nous traitons vos donn\u00e9es.<\/p>\n<p>1. ACC\u00c8S AUX DONN\u00c9ES ET H\u00c9BERGEMENT<br \/>\nVous pouvez visiter nos sites web sans fournir d'informations personnelles. \u00c0 chaque fois que vous acc\u00e9dez \u00e0 un site web, le serveur web enregistre automatiquement un fichier dit \"journal du serveur\", qui contient, par exemple, le nom du fichier demand\u00e9, votre adresse IP, la date et l'heure de l'acc\u00e8s, la quantit\u00e9 de donn\u00e9es transf\u00e9r\u00e9es et le fournisseur demandeur (donn\u00e9es d'acc\u00e8s) et documente l'acc\u00e8s. Ces donn\u00e9es d'acc\u00e8s sont \u00e9valu\u00e9es uniquement dans le but de garantir le bon fonctionnement du site et d'am\u00e9liorer nos services. Cela sert \u00e0 prot\u00e9ger nos int\u00e9r\u00eats l\u00e9gitimes dans la pr\u00e9sentation correcte de notre offre, qui l'emportent sur nos int\u00e9r\u00eats conform\u00e9ment \u00e0 l'art. 6 Para. 1 S. 1 lit. f DSGVO. Toutes les donn\u00e9es d'acc\u00e8s sont supprim\u00e9es au plus tard sept jours apr\u00e8s la fin de votre visite sur le site.<\/p>\n<p>1.1 H\u00c9BERGEMENT<br \/>\nLes services d'h\u00e9bergement et d'affichage du site web sont en partie fournis par nos prestataires de services dans le cadre d'un traitement pour notre compte. Sauf explication contraire dans la pr\u00e9sente politique de confidentialit\u00e9, toutes les donn\u00e9es d'acc\u00e8s ainsi que toutes les donn\u00e9es collect\u00e9es dans les formulaires pr\u00e9vus \u00e0 cet effet sur ce site web sont trait\u00e9es sur leurs serveurs. Si vous avez des questions concernant nos prestataires de services et les bases de notre coop\u00e9ration avec eux, veuillez utiliser l'option de contact d\u00e9crite dans la pr\u00e9sente politique de confidentialit\u00e9.<\/p>\n<p>1.2 R\u00c9SEAU DE DIFFUSION DE CONTENU<br \/>\nAfin de r\u00e9duire le temps de chargement, nous utilisons pour certaines offres un r\u00e9seau de diffusion de contenu (\"CDN\"). Gr\u00e2ce \u00e0 ce service, les contenus, par exemple les fichiers multim\u00e9dias volumineux, sont livr\u00e9s par l'interm\u00e9diaire de serveurs distribu\u00e9s au niveau r\u00e9gional par des prestataires de services CDN externes. Par cons\u00e9quent, les donn\u00e9es d'acc\u00e8s sont trait\u00e9es sur les serveurs des prestataires de services. Nos prestataires de services travaillent pour nous dans le cadre du traitement des commandes. Nos prestataires de services sont situ\u00e9s et\/ou utilisent des serveurs dans des pays situ\u00e9s en dehors de l'UE et de l'EEE. Il n'existe pas de d\u00e9cision d'ad\u00e9quation de la Commission europ\u00e9enne pour ces pays. Notre coop\u00e9ration avec eux est bas\u00e9e sur les clauses standard de protection des donn\u00e9es de la Commission europ\u00e9enne. Si vous avez des questions concernant nos prestataires de services et la base de notre coop\u00e9ration avec eux, veuillez utiliser l'option de contact d\u00e9crite dans la pr\u00e9sente politique de confidentialit\u00e9.<\/p>\n<p>2. TRAITEMENT DES DONN\u00c9ES POUR LE TRAITEMENT DES CONTRATS, LA PRISE DE CONTACT ET LORS DE L'OUVERTURE D'UN COMPTE CLIENT.<br \/>\nNous collectons des donn\u00e9es personnelles si vous nous les fournissez volontairement dans le cadre de votre commande ou lorsque vous nous contactez (par exemple via le formulaire de contact ou par e-mail). Les champs obligatoires sont marqu\u00e9s comme tels, car nous avons besoin de ces donn\u00e9es dans ces cas pour ex\u00e9cuter le contrat ou pour traiter votre contact et vous ne pouvez pas envoyer la commande ou le contact sans les fournir. Les donn\u00e9es collect\u00e9es sont indiqu\u00e9es dans les formulaires de saisie respectifs. Nous utilisons les donn\u00e9es que vous fournissez pour traiter le contrat et vos demandes conform\u00e9ment \u00e0 l'art. 6 Para. 1 S. 1 lit. b DSGVO.<br \/>\nDans la mesure o\u00f9 vous avez donn\u00e9 votre consentement \u00e0 cet \u00e9gard conform\u00e9ment \u00e0 l'art. 6 para. 1 p. 1 lit. a DSGVO en d\u00e9cidant d'ouvrir un compte client, nous utiliserons vos donn\u00e9es dans le but d'ouvrir un compte client. Vous trouverez de plus amples informations sur le traitement de vos donn\u00e9es, en particulier sur le transfert \u00e0 nos prestataires de services aux fins du traitement des commandes, des paiements et des exp\u00e9ditions, dans les sections suivantes de la pr\u00e9sente politique de confidentialit\u00e9. Apr\u00e8s le traitement complet du contrat ou la suppression de votre compte client, vos donn\u00e9es seront limit\u00e9es \u00e0 un traitement ult\u00e9rieur et supprim\u00e9es apr\u00e8s expiration des d\u00e9lais de conservation pr\u00e9vus par le droit fiscal et commercial, conform\u00e9ment \u00e0 l'art. 6 (1) phrase 1 lit. c DSGVO, sauf si vous avez express\u00e9ment consenti \u00e0 une utilisation ult\u00e9rieure de vos donn\u00e9es conform\u00e9ment \u00e0 l'art. 6 (1) phrase 1 lit. a DSGVO ou nous nous r\u00e9servons le droit d'utiliser les donn\u00e9es au-del\u00e0, ce qui est autoris\u00e9 par la loi et dont nous vous informons dans cette d\u00e9claration. La suppression de votre compte client est possible \u00e0 tout moment et peut \u00eatre effectu\u00e9e soit en envoyant un message \u00e0 l'option de contact d\u00e9crite dans la pr\u00e9sente d\u00e9claration de protection des donn\u00e9es, soit via une fonction pr\u00e9vue \u00e0 cet effet dans le compte client.<\/p>\n<p>2.1 SYST\u00c8ME DE GESTION DES MARCHANDISES<br \/>\nNous utilisons les syst\u00e8mes de gestion des marchandises de prestataires de services externes pour le traitement des commandes et des contrats. Nos prestataires de services travaillent pour nous dans le cadre du traitement des commandes. Si vous avez des questions sur nos prestataires de services et sur les bases de notre coop\u00e9ration avec eux, veuillez vous adresser au<\/p>","protected":false},"excerpt":{"rendered":"<p>Politique de confidentialit\u00e9 Le responsable du traitement des donn\u00e9es est : TJ Papen Hertog Hendriklaan 7A 3743DL Baarn Pays-Bas info@eliquidnicotine.co.uk Nous vous remercions de l'int\u00e9r\u00eat que vous portez \u00e0 notre boutique en ligne. La protection de votre vie priv\u00e9e est tr\u00e8s importante pour nous. Nous vous informons ci-dessous en d\u00e9tail de la mani\u00e8re dont nous traitons vos donn\u00e9es. 1. DONN\u00c9ES D'ACC\u00c8S ET H\u00c9BERGEMENT Vous ...<\/p>","protected":false},"author":1,"featured_media":0,"parent":0,"menu_order":0,"comment_status":"closed","ping_status":"closed","template":"","meta":{"_acf_changed":false,"_genesis_hide_title":false,"_genesis_hide_breadcrumbs":false,"_genesis_hide_singular_image":false,"_genesis_hide_footer_widgets":false,"_genesis_custom_body_class":"","_genesis_custom_post_class":"","_genesis_layout":"","footnotes":""},"class_list":{"1":"page","2":"type-page","5":"entry"},"acf":[],"_links":{"self":[{"href":"https:\/\/eliquidnicotine.co.uk\/fr\/wp-json\/wp\/v2\/pages\/22823","targetHints":{"allow":["GET"]}}],"collection":[{"href":"https:\/\/eliquidnicotine.co.uk\/fr\/wp-json\/wp\/v2\/pages"}],"about":[{"href":"https:\/\/eliquidnicotine.co.uk\/fr\/wp-json\/wp\/v2\/types\/page"}],"author":[{"embeddable":true,"href":"https:\/\/eliquidnicotine.co.uk\/fr\/wp-json\/wp\/v2\/users\/1"}],"replies":[{"embeddable":true,"href":"https:\/\/eliquidnicotine.co.uk\/fr\/wp-json\/wp\/v2\/comments?post=22823"}],"version-history":[{"count":2,"href":"https:\/\/eliquidnicotine.co.uk\/fr\/wp-json\/wp\/v2\/pages\/22823\/revisions"}],"predecessor-version":[{"id":22825,"href":"https:\/\/eliquidnicotine.co.uk\/fr\/wp-json\/wp\/v2\/pages\/22823\/revisions\/22825"}],"wp:attachment":[{"href":"https:\/\/eliquidnicotine.co.uk\/fr\/wp-json\/wp\/v2\/media?parent=22823"}],"curies":[{"name":"wp","href":"https:\/\/api.w.org\/{rel}","templated":true}]}}