{"id":75,"date":"2017-12-03T06:51:47","date_gmt":"2017-12-03T06:51:47","guid":{"rendered":"https:\/\/eliquidnicotine.co.uk\/?page_id=75"},"modified":"2026-01-26T13:39:07","modified_gmt":"2026-01-26T12:39:07","slug":"how-to-make-a-payment","status":"publish","type":"page","link":"https:\/\/eliquidnicotine.co.uk\/fr\/comment-effectuer-un-paiement\/","title":{"rendered":"Comment effectuer un paiement"},"content":{"rendered":"<p>Les paiements peuvent \u00eatre effectu\u00e9s par virement bancaire.<\/p>\n<p>Paiements par carte de cr\u00e9dit, option portefeuille Viva.<br \/>\nLes cartes de cr\u00e9dit ne sont accept\u00e9es que si c'est une carte \"Euro\".<br \/>\nMalheureusement, notre prestataire de services de paiement n'accepte pas la livre sterling comme devise.<br \/>\nVeuillez utiliser le virement bancaire comme mode de paiement si vous \u00eates bas\u00e9 au Royaume-Uni.<\/p>\n<p>Carte de d\u00e9bit id\u00e9ale<\/p>\n<p>Carte de d\u00e9bit bancaire Sofort<\/p>\n<p>R\u00e9f\u00e9rences de la banque,\u00a0<strong>IBAN NL 71 INGB 00061505 79<\/strong><br \/>\nCode BIC : INGBNL2A<br \/>\nNom : Skindeep BV<\/p>\n<p>Banque en ligne N26<br \/>\nTheo Jan Papen<br \/>\nIBAN : <strong>DE12100110012621221868<\/strong><br \/>\nBIC : NTSBDEB1XXX<\/p>\n<p><strong>Pour les clients britanniques<\/strong><br \/>\nNous n'utilisons pas de codes de tri en Europe. Vous devez d'abord cr\u00e9er un nouveau b\u00e9n\u00e9ficiaire dans le portail de votre banque, puis choisir le pays, dans ce cas les Pays-Bas ou l'Allemagne.<br \/>\nVous pouvez alors utiliser l'un de nos num\u00e9ros de compte bancaire Iban. N'oubliez pas que les codes de tri ne sont utilis\u00e9s que pour les paiements nationaux.<\/p>","protected":false},"excerpt":{"rendered":"<p>Les paiements peuvent \u00eatre effectu\u00e9s par virement bancaire. Paiements par carte de cr\u00e9dit, option Viva wallet. Les cartes de cr\u00e9dit ne sont accept\u00e9es que s'il s'agit d'une carte \"Euro\". Malheureusement, notre prestataire de paiement ne peut pas accepter la livre sterling comme devise. Veuillez utiliser le virement bancaire comme mode de paiement lorsque vous \u00eates bas\u00e9 au Royaume-Uni. Carte de d\u00e9bit Ideal Sofort Carte de d\u00e9bit bancaire Banque ...<\/p>","protected":false},"author":1,"featured_media":0,"parent":0,"menu_order":0,"comment_status":"closed","ping_status":"closed","template":"","meta":{"_acf_changed":false,"_genesis_hide_title":false,"_genesis_hide_breadcrumbs":false,"_genesis_hide_singular_image":false,"_genesis_hide_footer_widgets":false,"_genesis_custom_body_class":"","_genesis_custom_post_class":"","_genesis_layout":"","footnotes":""},"class_list":{"1":"page","2":"type-page","5":"entry"},"acf":[],"_links":{"self":[{"href":"https:\/\/eliquidnicotine.co.uk\/fr\/wp-json\/wp\/v2\/pages\/75","targetHints":{"allow":["GET"]}}],"collection":[{"href":"https:\/\/eliquidnicotine.co.uk\/fr\/wp-json\/wp\/v2\/pages"}],"about":[{"href":"https:\/\/eliquidnicotine.co.uk\/fr\/wp-json\/wp\/v2\/types\/page"}],"author":[{"embeddable":true,"href":"https:\/\/eliquidnicotine.co.uk\/fr\/wp-json\/wp\/v2\/users\/1"}],"replies":[{"embeddable":true,"href":"https:\/\/eliquidnicotine.co.uk\/fr\/wp-json\/wp\/v2\/comments?post=75"}],"version-history":[{"count":16,"href":"https:\/\/eliquidnicotine.co.uk\/fr\/wp-json\/wp\/v2\/pages\/75\/revisions"}],"predecessor-version":[{"id":40721,"href":"https:\/\/eliquidnicotine.co.uk\/fr\/wp-json\/wp\/v2\/pages\/75\/revisions\/40721"}],"wp:attachment":[{"href":"https:\/\/eliquidnicotine.co.uk\/fr\/wp-json\/wp\/v2\/media?parent=75"}],"curies":[{"name":"wp","href":"https:\/\/api.w.org\/{rel}","templated":true}]}}