{"id":115,"date":"2017-12-03T10:33:43","date_gmt":"2017-12-03T10:33:43","guid":{"rendered":"https:\/\/eliquidnicotine.co.uk\/?post_type=product&#038;p=115"},"modified":"2021-06-27T15:10:12","modified_gmt":"2021-06-27T15:10:12","slug":"pure-tobacco-extracts","status":"publish","type":"product","link":"https:\/\/eliquidnicotine.co.uk\/fr\/shop\/extrait-tabac-pur\/","title":{"rendered":"Extraits purs de tabac"},"content":{"rendered":"<p>Rien ne se rapproche plus du tabac \u00e0 fumer, vous obtenez le go\u00fbt, pas les effets secondaires. ils co\u00fbtent plus cher que vos ar\u00f4mes r\u00e9guliers, pour extraire la saveur d'une feuille de tabac est un processus long et complexe.<\/p>","protected":false},"excerpt":{"rendered":"<p>10 ml Pour de meilleurs r\u00e9sultats, utiliser 3 \u00e0 10 %%<\/p>","protected":false},"featured_media":436,"comment_status":"open","ping_status":"closed","template":"","meta":{"_acf_changed":false,"_genesis_hide_title":false,"_genesis_hide_breadcrumbs":false,"_genesis_hide_singular_image":false,"_genesis_hide_footer_widgets":false,"_genesis_custom_body_class":"","_genesis_custom_post_class":"","_genesis_layout":""},"product_brand":[],"product_cat":[250],"product_tag":[],"class_list":{"1":"product","2":"type-product","6":"product_cat-pure-tobacco-extract-flavours","7":"entry","9":"first","10":"outofstock","11":"taxable","12":"shipping-taxable","13":"purchasable","14":"product-type-variable"},"acf":[],"_links":{"self":[{"href":"https:\/\/eliquidnicotine.co.uk\/fr\/wp-json\/wp\/v2\/product\/115","targetHints":{"allow":["GET"]}}],"collection":[{"href":"https:\/\/eliquidnicotine.co.uk\/fr\/wp-json\/wp\/v2\/product"}],"about":[{"href":"https:\/\/eliquidnicotine.co.uk\/fr\/wp-json\/wp\/v2\/types\/product"}],"replies":[{"embeddable":true,"href":"https:\/\/eliquidnicotine.co.uk\/fr\/wp-json\/wp\/v2\/comments?post=115"}],"wp:featuredmedia":[{"embeddable":true,"href":"https:\/\/eliquidnicotine.co.uk\/fr\/wp-json\/wp\/v2\/media\/436"}],"wp:attachment":[{"href":"https:\/\/eliquidnicotine.co.uk\/fr\/wp-json\/wp\/v2\/media?parent=115"}],"wp:term":[{"taxonomy":"product_brand","embeddable":true,"href":"https:\/\/eliquidnicotine.co.uk\/fr\/wp-json\/wp\/v2\/product_brand?post=115"},{"taxonomy":"product_cat","embeddable":true,"href":"https:\/\/eliquidnicotine.co.uk\/fr\/wp-json\/wp\/v2\/product_cat?post=115"},{"taxonomy":"product_tag","embeddable":true,"href":"https:\/\/eliquidnicotine.co.uk\/fr\/wp-json\/wp\/v2\/product_tag?post=115"}],"curies":[{"name":"wp","href":"https:\/\/api.w.org\/{rel}","templated":true}]}}