{"id":13105,"date":"2020-02-21T12:49:28","date_gmt":"2020-02-21T12:49:28","guid":{"rendered":"https:\/\/eliquidnicotine.co.uk\/?post_type=product&#038;p=13105"},"modified":"2020-10-12T14:31:10","modified_gmt":"2020-10-12T14:31:10","slug":"mix-pack-for-100-ml-e-liquid","status":"publish","type":"product","link":"https:\/\/eliquidnicotine.co.uk\/fr\/shop\/emballage-de-melange-pour-100-ml-de-liquide\/","title":{"rendered":"Paquet pour 100 ml de liquide"},"content":{"rendered":"<h2>M\u00e9lange pour 100 ml e liquide, PG\/VG Aroma et Nicotine<\/h2>\n<p>Emballage de m\u00e9lange pour 100 ml de liquide e, liquide en vapeur peu co\u00fbteux et savoureux. Pas difficile, vous recevez des doses de 20 mg\/ml pour augmenter votre liquide e \u00e0 la concentration de nicotine d\u00e9sir\u00e9e. 15 ml de saveur sont inclus, soit 5 ml de plus que la quantit\u00e9 totale que vous obtenez dans la bouteille de 100 ml, \u00e0 vous de choisir la quantit\u00e9 de saveur que vous utilisez.<\/p>\n<p>Instructions : Contenu de l'emballage : 100 ml de PG\/VG, ar\u00f4me, nicotine. Chaque dose contient 20 mg\/ml de nicotine pour une quantit\u00e9 de 10 ml. Pour l'ar\u00f4me, nous recommandons 10%, vous obtenez 15 ml-15%. \u00c0 2 mg\/ml, 1 dose suffit, 4 mg\/ml 2 doses, 6 mg\/ml 3 doses, 8 mg\/ml 4 doses. Rappelez-vous que la quantit\u00e9 totale de liquide est de 100 ml, les doses doivent \u00eatre soustraites de cette quantit\u00e9, \u00e0 2 mg, vous ajoutez 1 dose de 10 ml \u00e0 90 ml de PG VG et \u00e9ventuellement de l'ar\u00f4me. Conseil : commencez toujours par les doses et l'ar\u00f4me, le reste \u00e9tant simplement rempli de doses neutres de PG VG sans nicotine.<\/p>","protected":false},"excerpt":{"rendered":"<p>M\u00e9lange d'ar\u00f4mes TPA pour 100 ml de liquide, chaque dose est de 10 ml<br \/>\nInclus, une bouteille de 1X100 ml \u00e0 remplissage court.<br \/>\nD'abord les doses et l'ar\u00f4me dans la bouteille de 100 ml, puis remplir de PG VG, agiter et pr\u00eat.<br \/>\nEn raison de la l\u00e9gislation, tout est fourni en bouteilles de 10 ml.<\/p>","protected":false},"featured_media":9459,"comment_status":"open","ping_status":"closed","template":"","meta":{"_acf_changed":false,"_genesis_hide_title":false,"_genesis_hide_breadcrumbs":false,"_genesis_hide_singular_image":false,"_genesis_hide_footer_widgets":false,"_genesis_custom_body_class":"","_genesis_custom_post_class":"","_genesis_layout":""},"product_brand":[],"product_cat":[447],"product_tag":[],"class_list":{"1":"product","2":"type-product","6":"product_cat-e-liquid-mix-pack","7":"entry","9":"first","10":"instock","11":"taxable","12":"shipping-taxable","13":"purchasable","14":"product-type-variable"},"acf":[],"_links":{"self":[{"href":"https:\/\/eliquidnicotine.co.uk\/fr\/wp-json\/wp\/v2\/product\/13105","targetHints":{"allow":["GET"]}}],"collection":[{"href":"https:\/\/eliquidnicotine.co.uk\/fr\/wp-json\/wp\/v2\/product"}],"about":[{"href":"https:\/\/eliquidnicotine.co.uk\/fr\/wp-json\/wp\/v2\/types\/product"}],"replies":[{"embeddable":true,"href":"https:\/\/eliquidnicotine.co.uk\/fr\/wp-json\/wp\/v2\/comments?post=13105"}],"wp:featuredmedia":[{"embeddable":true,"href":"https:\/\/eliquidnicotine.co.uk\/fr\/wp-json\/wp\/v2\/media\/9459"}],"wp:attachment":[{"href":"https:\/\/eliquidnicotine.co.uk\/fr\/wp-json\/wp\/v2\/media?parent=13105"}],"wp:term":[{"taxonomy":"product_brand","embeddable":true,"href":"https:\/\/eliquidnicotine.co.uk\/fr\/wp-json\/wp\/v2\/product_brand?post=13105"},{"taxonomy":"product_cat","embeddable":true,"href":"https:\/\/eliquidnicotine.co.uk\/fr\/wp-json\/wp\/v2\/product_cat?post=13105"},{"taxonomy":"product_tag","embeddable":true,"href":"https:\/\/eliquidnicotine.co.uk\/fr\/wp-json\/wp\/v2\/product_tag?post=13105"}],"curies":[{"name":"wp","href":"https:\/\/api.w.org\/{rel}","templated":true}]}}