{"id":14750,"date":"2020-03-02T12:59:23","date_gmt":"2020-03-02T12:59:23","guid":{"rendered":"https:\/\/eliquidnicotine.co.uk\/?post_type=product&#038;p=14750"},"modified":"2025-04-02T15:25:58","modified_gmt":"2025-04-02T14:25:58","slug":"double-chocolate-tpa","status":"publish","type":"product","link":"https:\/\/eliquidnicotine.co.uk\/fr\/shop\/double-chocolat-au-gout-tpa\/","title":{"rendered":"Double chocolat au go\u00fbt TPA"},"content":{"rendered":"","protected":false},"excerpt":{"rendered":"<p><font size=\"2\"><\/p>\n<h2>Perfumers Apprentice Double Chocolat<\/h2>\n<p><\/font><br \/>\nClear Aroma donne un go\u00fbt de chocolat fort.E ar\u00f4mes liquides de l'apprenti parfumeur TPA. Il s'agit d'ar\u00f4mes concentr\u00e9s, qui ne se vendent pas non dilu\u00e9s, vous devez les ajouter \u00e0 votre liquide de base.<\/p>","protected":false},"featured_media":14830,"comment_status":"open","ping_status":"closed","template":"","meta":{"_acf_changed":false,"_genesis_hide_title":false,"_genesis_hide_breadcrumbs":false,"_genesis_hide_singular_image":false,"_genesis_hide_footer_widgets":false,"_genesis_custom_body_class":"","_genesis_custom_post_class":"","_genesis_layout":""},"product_brand":[],"product_cat":[243],"product_tag":[],"class_list":{"1":"product","2":"type-product","6":"product_cat-tpa-flavours-for-self-mixing","7":"entry","9":"first","10":"instock","11":"taxable","12":"shipping-taxable","13":"purchasable","14":"product-type-variable"},"acf":[],"_links":{"self":[{"href":"https:\/\/eliquidnicotine.co.uk\/fr\/wp-json\/wp\/v2\/product\/14750","targetHints":{"allow":["GET"]}}],"collection":[{"href":"https:\/\/eliquidnicotine.co.uk\/fr\/wp-json\/wp\/v2\/product"}],"about":[{"href":"https:\/\/eliquidnicotine.co.uk\/fr\/wp-json\/wp\/v2\/types\/product"}],"replies":[{"embeddable":true,"href":"https:\/\/eliquidnicotine.co.uk\/fr\/wp-json\/wp\/v2\/comments?post=14750"}],"wp:featuredmedia":[{"embeddable":true,"href":"https:\/\/eliquidnicotine.co.uk\/fr\/wp-json\/wp\/v2\/media\/14830"}],"wp:attachment":[{"href":"https:\/\/eliquidnicotine.co.uk\/fr\/wp-json\/wp\/v2\/media?parent=14750"}],"wp:term":[{"taxonomy":"product_brand","embeddable":true,"href":"https:\/\/eliquidnicotine.co.uk\/fr\/wp-json\/wp\/v2\/product_brand?post=14750"},{"taxonomy":"product_cat","embeddable":true,"href":"https:\/\/eliquidnicotine.co.uk\/fr\/wp-json\/wp\/v2\/product_cat?post=14750"},{"taxonomy":"product_tag","embeddable":true,"href":"https:\/\/eliquidnicotine.co.uk\/fr\/wp-json\/wp\/v2\/product_tag?post=14750"}],"curies":[{"name":"wp","href":"https:\/\/api.w.org\/{rel}","templated":true}]}}