{"id":18795,"date":"2020-05-23T17:48:24","date_gmt":"2020-05-23T17:48:24","guid":{"rendered":"https:\/\/eliquidnicotine.co.uk\/?post_type=product&#038;p=18795"},"modified":"2024-12-09T11:18:54","modified_gmt":"2024-12-09T10:18:54","slug":"liquideo-blue-alien","status":"publish","type":"product","link":"https:\/\/eliquidnicotine.co.uk\/fr\/shop\/liquideo-blue-alien\/","title":{"rendered":"Liquideo Blue Alien"},"content":{"rendered":"<p>Liquideo - Blue Alien<\/p>\n<h2>M\u00e9lange fruit\u00e9 rafra\u00eechissant de framboise, de Cura\u00e7ao et de menthe<\/h2>\n<p>Si quelqu'un a un palais raffin\u00e9, ce doit \u00eatre les Fran\u00e7ais. Liquideo est un fabricant parisien, qui conna\u00eet son m\u00e9tier sur le bout des doigts. Les saveurs extraordinaires sont pr\u00e9cises \u00e0 100%. Vous go\u00fbtez simplement l'effort et le d\u00e9vouement au produit que Liquideo a mis dans le d\u00e9veloppement de chaque vari\u00e9t\u00e9.<\/p>\n<p>Seule une qualit\u00e9 alimentaire certifi\u00e9e est utilis\u00e9e, ce qui est confirm\u00e9 par une expertise de la MSNA (National Agency for Health and Medicine). La s\u00e9lection minutieuse des saveurs se r\u00e9v\u00e8le payante pour le go\u00fbt des liquides.<\/p>\n<p>Les bouteilles innovantes de Liquideo sont confortables \u00e0 presser pendant le remplissage et ont une canule extra longue. Bien entendu, tous les avertissements n\u00e9cessaires se trouvent sur le flacon, qui est prot\u00e9g\u00e9 par une s\u00e9curit\u00e9 enfant.<\/p>\n<p>Le rapport de m\u00e9lange est de 70PG\/30VG.<\/p>","protected":false},"excerpt":{"rendered":"<p>Un m\u00e9lange de framboise, de curacao et de menthe. Un go\u00fbt de cocktail tr\u00e8s int\u00e9ressant qu'il faut essayer, car on ne peut pas le d\u00e9crire.<br \/>\nRemise sur volume<br \/>\n1 est le prix plein, 5=5% de r\u00e9duction, 10=10% de r\u00e9duction<\/p>","protected":false},"featured_media":25472,"comment_status":"open","ping_status":"closed","template":"","meta":{"_acf_changed":false,"_genesis_hide_title":false,"_genesis_hide_breadcrumbs":false,"_genesis_hide_singular_image":false,"_genesis_hide_footer_widgets":false,"_genesis_custom_body_class":"","_genesis_custom_post_class":"","_genesis_layout":""},"product_brand":[],"product_cat":[454],"product_tag":[],"class_list":{"1":"product","2":"type-product","6":"product_cat-liquideo","7":"entry","9":"first","10":"outofstock","11":"taxable","12":"shipping-taxable","13":"purchasable","14":"product-type-variable"},"acf":[],"_links":{"self":[{"href":"https:\/\/eliquidnicotine.co.uk\/fr\/wp-json\/wp\/v2\/product\/18795","targetHints":{"allow":["GET"]}}],"collection":[{"href":"https:\/\/eliquidnicotine.co.uk\/fr\/wp-json\/wp\/v2\/product"}],"about":[{"href":"https:\/\/eliquidnicotine.co.uk\/fr\/wp-json\/wp\/v2\/types\/product"}],"replies":[{"embeddable":true,"href":"https:\/\/eliquidnicotine.co.uk\/fr\/wp-json\/wp\/v2\/comments?post=18795"}],"wp:featuredmedia":[{"embeddable":true,"href":"https:\/\/eliquidnicotine.co.uk\/fr\/wp-json\/wp\/v2\/media\/25472"}],"wp:attachment":[{"href":"https:\/\/eliquidnicotine.co.uk\/fr\/wp-json\/wp\/v2\/media?parent=18795"}],"wp:term":[{"taxonomy":"product_brand","embeddable":true,"href":"https:\/\/eliquidnicotine.co.uk\/fr\/wp-json\/wp\/v2\/product_brand?post=18795"},{"taxonomy":"product_cat","embeddable":true,"href":"https:\/\/eliquidnicotine.co.uk\/fr\/wp-json\/wp\/v2\/product_cat?post=18795"},{"taxonomy":"product_tag","embeddable":true,"href":"https:\/\/eliquidnicotine.co.uk\/fr\/wp-json\/wp\/v2\/product_tag?post=18795"}],"curies":[{"name":"wp","href":"https:\/\/api.w.org\/{rel}","templated":true}]}}