{"id":18945,"date":"2020-06-27T07:55:39","date_gmt":"2020-06-27T07:55:39","guid":{"rendered":"https:\/\/eliquidnicotine.co.uk\/?post_type=product&#038;p=18945"},"modified":"2025-04-30T07:13:51","modified_gmt":"2025-04-30T06:13:51","slug":"6-mg-ml-e-liquid-base","status":"publish","type":"product","link":"https:\/\/eliquidnicotine.co.uk\/fr\/shop\/6-mg-ml-base-pour-e-liquid\/","title":{"rendered":"6 mg\/ml base pour e liquid"},"content":{"rendered":"<p>1000 ml de base pr\u00eate \u00e0 l'emploi pour e-Liquid<\/p>\n<p>1 litre 6 mg\/ml dans diff\u00e9rents rapports PG VG. Il suffit d'ajouter \u00e9ventuellement un ar\u00f4me et vous avez un produit pr\u00eat \u00e0 \u00eatre mis en vente. La nicotine utilis\u00e9e provient d'Alchem International, le propyl\u00e8ne glycol et la glyc\u00e9rine v\u00e9g\u00e9tale sont de la plus haute qualit\u00e9, notamment pharmaceutique. Vous pourrez peut-\u00eatre obtenir la fiche technique, la MSDS, de ces produits afin de savoir exactement ce qu'ils contiennent. Nous fournissons les 18 mg\/ml avec une valeur sup\u00e9rieure \u00e0 10%, de sorte qu'apr\u00e8s avoir ajout\u00e9 un ar\u00f4me, g\u00e9n\u00e9ralement 10%, vous obtenez encore exactement 6 mg\/ml.<\/p>","protected":false},"excerpt":{"rendered":"<p>1000 ml 6 mg\/ml base pour e liquide<\/p>","protected":false},"featured_media":18951,"comment_status":"open","ping_status":"closed","template":"","meta":{"_acf_changed":false,"_genesis_hide_title":false,"_genesis_hide_breadcrumbs":false,"_genesis_hide_singular_image":false,"_genesis_hide_footer_widgets":false,"_genesis_custom_body_class":"","_genesis_custom_post_class":"","_genesis_layout":""},"product_brand":[],"product_cat":[572,242],"product_tag":[],"class_list":{"1":"product","2":"type-product","6":"product_cat-e-liquid-base","7":"product_cat-nicotine-liquid","8":"entry","10":"first","11":"instock","12":"taxable","13":"shipping-taxable","14":"purchasable","15":"product-type-variable"},"acf":[],"_links":{"self":[{"href":"https:\/\/eliquidnicotine.co.uk\/fr\/wp-json\/wp\/v2\/product\/18945","targetHints":{"allow":["GET"]}}],"collection":[{"href":"https:\/\/eliquidnicotine.co.uk\/fr\/wp-json\/wp\/v2\/product"}],"about":[{"href":"https:\/\/eliquidnicotine.co.uk\/fr\/wp-json\/wp\/v2\/types\/product"}],"replies":[{"embeddable":true,"href":"https:\/\/eliquidnicotine.co.uk\/fr\/wp-json\/wp\/v2\/comments?post=18945"}],"wp:featuredmedia":[{"embeddable":true,"href":"https:\/\/eliquidnicotine.co.uk\/fr\/wp-json\/wp\/v2\/media\/18951"}],"wp:attachment":[{"href":"https:\/\/eliquidnicotine.co.uk\/fr\/wp-json\/wp\/v2\/media?parent=18945"}],"wp:term":[{"taxonomy":"product_brand","embeddable":true,"href":"https:\/\/eliquidnicotine.co.uk\/fr\/wp-json\/wp\/v2\/product_brand?post=18945"},{"taxonomy":"product_cat","embeddable":true,"href":"https:\/\/eliquidnicotine.co.uk\/fr\/wp-json\/wp\/v2\/product_cat?post=18945"},{"taxonomy":"product_tag","embeddable":true,"href":"https:\/\/eliquidnicotine.co.uk\/fr\/wp-json\/wp\/v2\/product_tag?post=18945"}],"curies":[{"name":"wp","href":"https:\/\/api.w.org\/{rel}","templated":true}]}}