{"id":19,"date":"2017-12-02T07:55:29","date_gmt":"2017-12-02T07:55:29","guid":{"rendered":"https:\/\/eliquidnicotine.co.uk\/?post_type=product&#038;p=19"},"modified":"2026-04-02T13:01:43","modified_gmt":"2026-04-02T12:01:43","slug":"nicotine-e-liquid-diy","status":"publish","type":"product","link":"https:\/\/eliquidnicotine.co.uk\/fr\/shop\/nicotine-base-e-liquid-bricolage\/","title":{"rendered":"Nicotine liquide pour le bricolage"},"content":{"rendered":"<p>Achetez de la nicotine, si vous recherchez une nicotine de qualit\u00e9 claire et fra\u00eeche pour m\u00e9langer votre jus de nicotine, nous pouvons vous la fournir. Faites toujours attention lorsque vous manipulez de la nicotine, utilisez des gants et assurez-vous de la conserver dans un endroit s\u00fbr, \u00e0 l'\u00e9cart des animaux et des enfants. La nicotine est toxique. La nicotine est disponible en diff\u00e9rentes concentrations, 100 mg, 50 mg, 36 mg et 18 mg. La nicotine base de jus de nicotine doit \u00eatre dilu\u00e9e avant utilisation. La solution de concentr\u00e9 de nicotine est r\u00e9serv\u00e9e \u00e0 un personnel qualifi\u00e9. Familiarisez-vous avec l'utilisation s\u00fbre de la nicotine, avant de la m\u00e9langer. Il est pr\u00e9f\u00e9rable de la conserver au cong\u00e9lateur.<\/p>\n<p>&nbsp;<\/p>\n<p>Pour obtenir des donn\u00e9es exactes sur les m\u00e9langes, vous pouvez utiliser notre calculateur e liquid.<\/p>\n<p><a class=\"button\" href=\"https:\/\/eliquidnicotine.co.uk\/fr\/calculateur-nicotine-liquide\/\">Calculateur de liquide E<\/a><\/p>","protected":false},"excerpt":{"rendered":"<p>La base de nicotine pour m\u00e9lange votre liquide est fabriqu\u00e9e par Alchem International de Suisse.<\/p>\n<p>1 livre sterling = 1,12 euro<img decoding=\"async\" title=\"Avertissement de nicotine\" src=\"https:\/\/eliquidnicotine.co.uk\/wp-content\/uploads\/2017\/12\/Unknown-1-300x150.png\" alt=\"Avertissement nicotine\" \/><\/p>\n<p>&nbsp;<\/p>","protected":false},"featured_media":18604,"comment_status":"open","ping_status":"closed","template":"","meta":{"_acf_changed":false,"_genesis_hide_title":false,"_genesis_hide_breadcrumbs":false,"_genesis_hide_singular_image":false,"_genesis_hide_footer_widgets":false,"_genesis_custom_body_class":"","_genesis_custom_post_class":"","_genesis_layout":""},"product_brand":[],"product_cat":[572,242],"product_tag":[],"class_list":{"1":"product","2":"type-product","6":"product_cat-e-liquid-base","7":"product_cat-nicotine-liquid","8":"entry","10":"first","11":"instock","12":"taxable","13":"shipping-taxable","14":"purchasable","15":"product-type-variable"},"acf":[],"_links":{"self":[{"href":"https:\/\/eliquidnicotine.co.uk\/fr\/wp-json\/wp\/v2\/product\/19","targetHints":{"allow":["GET"]}}],"collection":[{"href":"https:\/\/eliquidnicotine.co.uk\/fr\/wp-json\/wp\/v2\/product"}],"about":[{"href":"https:\/\/eliquidnicotine.co.uk\/fr\/wp-json\/wp\/v2\/types\/product"}],"replies":[{"embeddable":true,"href":"https:\/\/eliquidnicotine.co.uk\/fr\/wp-json\/wp\/v2\/comments?post=19"}],"wp:featuredmedia":[{"embeddable":true,"href":"https:\/\/eliquidnicotine.co.uk\/fr\/wp-json\/wp\/v2\/media\/18604"}],"wp:attachment":[{"href":"https:\/\/eliquidnicotine.co.uk\/fr\/wp-json\/wp\/v2\/media?parent=19"}],"wp:term":[{"taxonomy":"product_brand","embeddable":true,"href":"https:\/\/eliquidnicotine.co.uk\/fr\/wp-json\/wp\/v2\/product_brand?post=19"},{"taxonomy":"product_cat","embeddable":true,"href":"https:\/\/eliquidnicotine.co.uk\/fr\/wp-json\/wp\/v2\/product_cat?post=19"},{"taxonomy":"product_tag","embeddable":true,"href":"https:\/\/eliquidnicotine.co.uk\/fr\/wp-json\/wp\/v2\/product_tag?post=19"}],"curies":[{"name":"wp","href":"https:\/\/api.w.org\/{rel}","templated":true}]}}