{"id":19192,"date":"2020-08-24T12:37:23","date_gmt":"2020-08-24T12:37:23","guid":{"rendered":"https:\/\/eliquidnicotine.co.uk\/?post_type=product&#038;p=19192"},"modified":"2025-10-29T11:34:32","modified_gmt":"2025-10-29T10:34:32","slug":"dinner-lady-30-ml-blue-menthol","status":"publish","type":"product","link":"https:\/\/eliquidnicotine.co.uk\/fr\/shop\/diner-lady-30-ml-blue-menthol\/","title":{"rendered":"Dinner Lady 30 ml de menthol bleu"},"content":{"rendered":"<p>CARACT\u00c9RISTIQUES DU PRODUIT<br \/>\nMenthol bleu 30ml, concentr\u00e9 d'ar\u00f4me pour e-liquides pour les bricoleurs. M\u00e9langez-le avec vos propres quantit\u00e9s de PG\/VG et de seringues \u00e0 nicotine pour cr\u00e9er votre propre e-liquide au go\u00fbt de haute qualit\u00e9 de Dinner Lady.<\/p>\n<p>SP\u00c9CIFICATIONS<br \/>\ntaille de la bouteille : 30ml<br \/>\nRapport PG\/VG : 100PG<br \/>\nFabriqu\u00e9 au Royaume-Uni<br \/>\nRapport de m\u00e9lange de concentr\u00e9 sugg\u00e9r\u00e9 : 19%<\/p>","protected":false},"excerpt":{"rendered":"<p>Menthol bleu 30ml PG concentr\u00e9 d'ar\u00f4me e-liquide en suspension. E-liquide au go\u00fbt de myrtille et de groseille : avec \u00e9dulcorant, anis doux et menthol.<\/p>","protected":false},"featured_media":19186,"comment_status":"open","ping_status":"closed","template":"","meta":{"_acf_changed":false,"_genesis_hide_title":false,"_genesis_hide_breadcrumbs":false,"_genesis_hide_singular_image":false,"_genesis_hide_footer_widgets":false,"_genesis_custom_body_class":"","_genesis_custom_post_class":"","_genesis_layout":""},"product_brand":[],"product_cat":[540,573],"product_tag":[],"class_list":{"1":"product","2":"type-product","6":"product_cat-dinner-lady","7":"product_cat-flavours-for-e-liquid-mixing","8":"entry","10":"first","11":"outofstock","12":"taxable","13":"shipping-taxable","14":"purchasable","15":"product-type-simple"},"acf":[],"_links":{"self":[{"href":"https:\/\/eliquidnicotine.co.uk\/fr\/wp-json\/wp\/v2\/product\/19192","targetHints":{"allow":["GET"]}}],"collection":[{"href":"https:\/\/eliquidnicotine.co.uk\/fr\/wp-json\/wp\/v2\/product"}],"about":[{"href":"https:\/\/eliquidnicotine.co.uk\/fr\/wp-json\/wp\/v2\/types\/product"}],"replies":[{"embeddable":true,"href":"https:\/\/eliquidnicotine.co.uk\/fr\/wp-json\/wp\/v2\/comments?post=19192"}],"wp:featuredmedia":[{"embeddable":true,"href":"https:\/\/eliquidnicotine.co.uk\/fr\/wp-json\/wp\/v2\/media\/19186"}],"wp:attachment":[{"href":"https:\/\/eliquidnicotine.co.uk\/fr\/wp-json\/wp\/v2\/media?parent=19192"}],"wp:term":[{"taxonomy":"product_brand","embeddable":true,"href":"https:\/\/eliquidnicotine.co.uk\/fr\/wp-json\/wp\/v2\/product_brand?post=19192"},{"taxonomy":"product_cat","embeddable":true,"href":"https:\/\/eliquidnicotine.co.uk\/fr\/wp-json\/wp\/v2\/product_cat?post=19192"},{"taxonomy":"product_tag","embeddable":true,"href":"https:\/\/eliquidnicotine.co.uk\/fr\/wp-json\/wp\/v2\/product_tag?post=19192"}],"curies":[{"name":"wp","href":"https:\/\/api.w.org\/{rel}","templated":true}]}}