{"id":19193,"date":"2020-08-24T12:39:50","date_gmt":"2020-08-24T12:39:50","guid":{"rendered":"https:\/\/eliquidnicotine.co.uk\/?post_type=product&#038;p=19193"},"modified":"2026-01-27T14:21:37","modified_gmt":"2026-01-27T13:21:37","slug":"dinner-lady-30-ml-pink-wave","status":"publish","type":"product","link":"https:\/\/eliquidnicotine.co.uk\/fr\/shop\/diner-lady-30-ml-pink-wave\/","title":{"rendered":"Dinner Lady 30 ml Pink Wave"},"content":{"rendered":"<p>CARACT\u00c9RISTIQUES DU PRODUIT<br \/>\nPink Wave 30ml de concentr\u00e9 de saveur pour les E-Liquids \u00e0 faire soi-m\u00eame. M\u00e9langez-le avec vos propres quantit\u00e9s de PG\/VG et de seringues \u00e0 nicotine pour cr\u00e9er votre propre e-liquide au go\u00fbt premium de Dinner Lady.<\/p>\n<p>SP\u00c9CIFICATIONS<br \/>\ntaille de la bouteille : 30ml<br \/>\nRapport PG\/VG : 100PG<br \/>\nFabriqu\u00e9 au Royaume-Uni<br \/>\nRapport de m\u00e9lange de concentr\u00e9 sugg\u00e9r\u00e9 : 17%<\/p>","protected":false},"excerpt":{"rendered":"<p>Pink Wave 30ml PG concentr\u00e9 d'ar\u00f4me E-liquide en suspension. Fraises avec des notes de noix de coco, d'ananas et d'agrumes.<\/p>","protected":false},"featured_media":19189,"comment_status":"open","ping_status":"closed","template":"","meta":{"_acf_changed":false,"_genesis_hide_title":false,"_genesis_hide_breadcrumbs":false,"_genesis_hide_singular_image":false,"_genesis_hide_footer_widgets":false,"_genesis_custom_body_class":"","_genesis_custom_post_class":"","_genesis_layout":""},"product_brand":[],"product_cat":[540,573],"product_tag":[],"class_list":{"1":"product","2":"type-product","6":"product_cat-dinner-lady","7":"product_cat-flavours-for-e-liquid-mixing","8":"entry","10":"first","11":"outofstock","12":"taxable","13":"shipping-taxable","14":"purchasable","15":"product-type-simple"},"acf":[],"_links":{"self":[{"href":"https:\/\/eliquidnicotine.co.uk\/fr\/wp-json\/wp\/v2\/product\/19193","targetHints":{"allow":["GET"]}}],"collection":[{"href":"https:\/\/eliquidnicotine.co.uk\/fr\/wp-json\/wp\/v2\/product"}],"about":[{"href":"https:\/\/eliquidnicotine.co.uk\/fr\/wp-json\/wp\/v2\/types\/product"}],"replies":[{"embeddable":true,"href":"https:\/\/eliquidnicotine.co.uk\/fr\/wp-json\/wp\/v2\/comments?post=19193"}],"wp:featuredmedia":[{"embeddable":true,"href":"https:\/\/eliquidnicotine.co.uk\/fr\/wp-json\/wp\/v2\/media\/19189"}],"wp:attachment":[{"href":"https:\/\/eliquidnicotine.co.uk\/fr\/wp-json\/wp\/v2\/media?parent=19193"}],"wp:term":[{"taxonomy":"product_brand","embeddable":true,"href":"https:\/\/eliquidnicotine.co.uk\/fr\/wp-json\/wp\/v2\/product_brand?post=19193"},{"taxonomy":"product_cat","embeddable":true,"href":"https:\/\/eliquidnicotine.co.uk\/fr\/wp-json\/wp\/v2\/product_cat?post=19193"},{"taxonomy":"product_tag","embeddable":true,"href":"https:\/\/eliquidnicotine.co.uk\/fr\/wp-json\/wp\/v2\/product_tag?post=19193"}],"curies":[{"name":"wp","href":"https:\/\/api.w.org\/{rel}","templated":true}]}}