{"id":19195,"date":"2020-08-24T13:04:06","date_gmt":"2020-08-24T13:04:06","guid":{"rendered":"https:\/\/eliquidnicotine.co.uk\/?post_type=product&#038;p=19195"},"modified":"2024-03-17T10:08:54","modified_gmt":"2024-03-17T09:08:54","slug":"dinner-lady-30-ml-sun-tan-mango","status":"publish","type":"product","link":"https:\/\/eliquidnicotine.co.uk\/fr\/shop\/diner-demoiselle-30-ml-soleil-tan-mangue\/","title":{"rendered":"Dinner Lady 30 ml Sun Tan Mango"},"content":{"rendered":"<p>CARACT\u00c9RISTIQUES DU PRODUIT<br \/>\nSun Tan Mango 30ml de concentr\u00e9 d'ar\u00f4mes pour les e-liquides de bricolage. M\u00e9langez-le avec vos propres quantit\u00e9s de PG\/VG et des seringues de nicotine pour faire votre propre E-liquide avec le go\u00fbt de haute qualit\u00e9 de Dinner Lady.<\/p>\n<p>SP\u00c9CIFICATIONS<br \/>\ntaille de la bouteille : 30ml<br \/>\nRapport PG\/VG : 100PG<br \/>\nFabriqu\u00e9 au Royaume-Uni<br \/>\nRapport de m\u00e9lange de concentr\u00e9 sugg\u00e9r\u00e9 : 19%<\/p>","protected":false},"excerpt":{"rendered":"<p>Sun Tan Mango 30ml PG concentr\u00e9 d'ar\u00f4me e-liquide en suspension. Mangue sucr\u00e9e et koolada.<\/p>","protected":false},"featured_media":19191,"comment_status":"open","ping_status":"closed","template":"","meta":{"_acf_changed":false,"_genesis_hide_title":false,"_genesis_hide_breadcrumbs":false,"_genesis_hide_singular_image":false,"_genesis_hide_footer_widgets":false,"_genesis_custom_body_class":"","_genesis_custom_post_class":"","_genesis_layout":""},"product_brand":[],"product_cat":[540,573],"product_tag":[],"class_list":{"1":"product","2":"type-product","6":"product_cat-dinner-lady","7":"product_cat-flavours-for-e-liquid-mixing","8":"entry","10":"first","11":"instock","12":"taxable","13":"shipping-taxable","14":"purchasable","15":"product-type-simple"},"acf":[],"_links":{"self":[{"href":"https:\/\/eliquidnicotine.co.uk\/fr\/wp-json\/wp\/v2\/product\/19195","targetHints":{"allow":["GET"]}}],"collection":[{"href":"https:\/\/eliquidnicotine.co.uk\/fr\/wp-json\/wp\/v2\/product"}],"about":[{"href":"https:\/\/eliquidnicotine.co.uk\/fr\/wp-json\/wp\/v2\/types\/product"}],"replies":[{"embeddable":true,"href":"https:\/\/eliquidnicotine.co.uk\/fr\/wp-json\/wp\/v2\/comments?post=19195"}],"wp:featuredmedia":[{"embeddable":true,"href":"https:\/\/eliquidnicotine.co.uk\/fr\/wp-json\/wp\/v2\/media\/19191"}],"wp:attachment":[{"href":"https:\/\/eliquidnicotine.co.uk\/fr\/wp-json\/wp\/v2\/media?parent=19195"}],"wp:term":[{"taxonomy":"product_brand","embeddable":true,"href":"https:\/\/eliquidnicotine.co.uk\/fr\/wp-json\/wp\/v2\/product_brand?post=19195"},{"taxonomy":"product_cat","embeddable":true,"href":"https:\/\/eliquidnicotine.co.uk\/fr\/wp-json\/wp\/v2\/product_cat?post=19195"},{"taxonomy":"product_tag","embeddable":true,"href":"https:\/\/eliquidnicotine.co.uk\/fr\/wp-json\/wp\/v2\/product_tag?post=19195"}],"curies":[{"name":"wp","href":"https:\/\/api.w.org\/{rel}","templated":true}]}}