{"id":19481,"date":"2020-11-02T10:45:27","date_gmt":"2020-11-02T09:45:27","guid":{"rendered":"https:\/\/eliquidnicotine.co.uk\/?post_type=product&#038;p=19481"},"modified":"2023-03-07T09:44:01","modified_gmt":"2023-03-07T08:44:01","slug":"liquideo-chew-it","status":"publish","type":"product","link":"https:\/\/eliquidnicotine.co.uk\/fr\/shop\/liquideo-chew-it\/","title":{"rendered":"Liquideo Chew IT"},"content":{"rendered":"<p>Notre e-liquide Chew It de la collection Yummy Evolution a un rapport 60\/40PG\/VG. . Bien \u00e9quilibr\u00e9 et gr\u00e2ce \u00e0 sa dominance de propyl\u00e8ne glycol, le hit reste mod\u00e9r\u00e9 et la vo\u00fbte satisfaisante, tandis que les ar\u00f4mes sont bien conserv\u00e9s. Un e-liquide de gomme \u00e0 m\u00e2cher pure \u00e0 la fraise que l'on aime vaporiser toute la journ\u00e9e ou apr\u00e8s le d\u00eener. Il r\u00e9v\u00e8le des saveurs sucr\u00e9es pour que vous puissiez appr\u00e9cier le go\u00fbt du vrai chewing-gum sans risque d'explosion des cavit\u00e9s ou des bulles.<\/p>","protected":false},"excerpt":{"rendered":"<p>Remise sur volume<br \/>\n1 est le prix plein, 5=5% de r\u00e9duction, 10=10% de r\u00e9duction<br \/>\nD\u00e9couvrez notre e-liquide Chew it de la collection Yummy Evolution : un chewing-gum \u00e0 la fraise, doux et savoureux, que vous voulez continuer \u00e0 vaporiser jusqu'\u00e0 la fin des temps sans risque de carie dentaire !<\/p>","protected":false},"featured_media":25473,"comment_status":"open","ping_status":"closed","template":"","meta":{"_acf_changed":false,"_genesis_hide_title":false,"_genesis_hide_breadcrumbs":false,"_genesis_hide_singular_image":false,"_genesis_hide_footer_widgets":false,"_genesis_custom_body_class":"","_genesis_custom_post_class":"","_genesis_layout":""},"product_brand":[],"product_cat":[454],"product_tag":[],"class_list":{"1":"product","2":"type-product","6":"product_cat-liquideo","7":"entry","9":"first","10":"outofstock","11":"taxable","12":"shipping-taxable","13":"purchasable","14":"product-type-variable"},"acf":[],"_links":{"self":[{"href":"https:\/\/eliquidnicotine.co.uk\/fr\/wp-json\/wp\/v2\/product\/19481","targetHints":{"allow":["GET"]}}],"collection":[{"href":"https:\/\/eliquidnicotine.co.uk\/fr\/wp-json\/wp\/v2\/product"}],"about":[{"href":"https:\/\/eliquidnicotine.co.uk\/fr\/wp-json\/wp\/v2\/types\/product"}],"replies":[{"embeddable":true,"href":"https:\/\/eliquidnicotine.co.uk\/fr\/wp-json\/wp\/v2\/comments?post=19481"}],"wp:featuredmedia":[{"embeddable":true,"href":"https:\/\/eliquidnicotine.co.uk\/fr\/wp-json\/wp\/v2\/media\/25473"}],"wp:attachment":[{"href":"https:\/\/eliquidnicotine.co.uk\/fr\/wp-json\/wp\/v2\/media?parent=19481"}],"wp:term":[{"taxonomy":"product_brand","embeddable":true,"href":"https:\/\/eliquidnicotine.co.uk\/fr\/wp-json\/wp\/v2\/product_brand?post=19481"},{"taxonomy":"product_cat","embeddable":true,"href":"https:\/\/eliquidnicotine.co.uk\/fr\/wp-json\/wp\/v2\/product_cat?post=19481"},{"taxonomy":"product_tag","embeddable":true,"href":"https:\/\/eliquidnicotine.co.uk\/fr\/wp-json\/wp\/v2\/product_tag?post=19481"}],"curies":[{"name":"wp","href":"https:\/\/api.w.org\/{rel}","templated":true}]}}