{"id":19482,"date":"2020-11-02T10:42:04","date_gmt":"2020-11-02T09:42:04","guid":{"rendered":"https:\/\/eliquidnicotine.co.uk\/?post_type=product&#038;p=19482"},"modified":"2023-03-07T09:44:12","modified_gmt":"2023-03-07T08:44:12","slug":"liquideo-gary-guet","status":"publish","type":"product","link":"https:\/\/eliquidnicotine.co.uk\/fr\/shop\/liquideo-gary-guet\/","title":{"rendered":"Liquideo Gary Guet"},"content":{"rendered":"<p>Les fraises sauvages de l'\u00e9t\u00e9<\/p>\n<p>PG\/VG : 60\/40<\/p>\n<p>Contenu : 10 ml<\/p>\n<p>teneur en nicotine : 0, 3, 6, 10 mg\/ml<\/p>\n<p>Notre e-liquide Gary Guet de la collection Fruity Evolution a un rapport PG\/VG \u00e9quilibr\u00e9 de 60\/40 et gr\u00e2ce \u00e0 sa forte concentration en propyl\u00e8ne glycol, le hit reste mod\u00e9r\u00e9 et la vapeur satisfaisante, tout en pr\u00e9servant l'ar\u00f4me. Avec son bon go\u00fbt fruit\u00e9, vous serez enchant\u00e9 par son intensit\u00e9 \u00e0 chaque bouff\u00e9e. Un plaisir \u00e0 consommer sans aucune mod\u00e9ration, et c'est pourquoi il est l'un de nos best-sellers depuis sa cr\u00e9ation.<\/p>","protected":false},"excerpt":{"rendered":"<p>Remise sur volume<br \/>\n1 est le prix plein, 5=5% de r\u00e9duction, 10=10% de r\u00e9duction<br \/>\nEssayez notre liquide Gary Guet de la collection Fruit Evolution : l\u00e9g\u00e8rement sucr\u00e9 avec un soup\u00e7on de saveur piquante, Gary Guet est doux au palais. C'est comme les bonbons qu'on ach\u00e8te et qu'on n'arr\u00eate de manger que lorsque le sachet est vide...<\/p>","protected":false},"featured_media":25475,"comment_status":"open","ping_status":"closed","template":"","meta":{"_acf_changed":false,"_genesis_hide_title":false,"_genesis_hide_breadcrumbs":false,"_genesis_hide_singular_image":false,"_genesis_hide_footer_widgets":false,"_genesis_custom_body_class":"","_genesis_custom_post_class":"","_genesis_layout":""},"product_brand":[],"product_cat":[454],"product_tag":[],"class_list":{"1":"product","2":"type-product","6":"product_cat-liquideo","7":"entry","9":"first","10":"outofstock","11":"taxable","12":"shipping-taxable","13":"purchasable","14":"product-type-variable"},"acf":[],"_links":{"self":[{"href":"https:\/\/eliquidnicotine.co.uk\/fr\/wp-json\/wp\/v2\/product\/19482","targetHints":{"allow":["GET"]}}],"collection":[{"href":"https:\/\/eliquidnicotine.co.uk\/fr\/wp-json\/wp\/v2\/product"}],"about":[{"href":"https:\/\/eliquidnicotine.co.uk\/fr\/wp-json\/wp\/v2\/types\/product"}],"replies":[{"embeddable":true,"href":"https:\/\/eliquidnicotine.co.uk\/fr\/wp-json\/wp\/v2\/comments?post=19482"}],"wp:featuredmedia":[{"embeddable":true,"href":"https:\/\/eliquidnicotine.co.uk\/fr\/wp-json\/wp\/v2\/media\/25475"}],"wp:attachment":[{"href":"https:\/\/eliquidnicotine.co.uk\/fr\/wp-json\/wp\/v2\/media?parent=19482"}],"wp:term":[{"taxonomy":"product_brand","embeddable":true,"href":"https:\/\/eliquidnicotine.co.uk\/fr\/wp-json\/wp\/v2\/product_brand?post=19482"},{"taxonomy":"product_cat","embeddable":true,"href":"https:\/\/eliquidnicotine.co.uk\/fr\/wp-json\/wp\/v2\/product_cat?post=19482"},{"taxonomy":"product_tag","embeddable":true,"href":"https:\/\/eliquidnicotine.co.uk\/fr\/wp-json\/wp\/v2\/product_tag?post=19482"}],"curies":[{"name":"wp","href":"https:\/\/api.w.org\/{rel}","templated":true}]}}