{"id":19483,"date":"2020-11-02T10:01:17","date_gmt":"2020-11-02T10:01:17","guid":{"rendered":"https:\/\/eliquidnicotine.co.uk\/?post_type=product&#038;p=19483"},"modified":"2024-01-15T19:19:50","modified_gmt":"2024-01-15T18:19:50","slug":"liquideo-hollywood","status":"publish","type":"product","link":"https:\/\/eliquidnicotine.co.uk\/fr\/shop\/liquideo-hollywood\/","title":{"rendered":"Liquideo Hollywood"},"content":{"rendered":"<p>Chlorophylles<\/p>\n<p>PG\/VG : 70\/30<\/p>\n<p>Contenu : 10 ml<\/p>\n<p>teneur en nicotine : 0, 3, 6, 10, 15 mg\/ml<\/p>\n<p>Notre E-liquide Hollywoodien de la collection Fresh Evolution a un PG\/VG de 70\/30. Sa riche concentration de propyl\u00e8ne glycol en fait un e-liquide au succ\u00e8s certain et \u00e0 la vo\u00fbte pas trop dense. Fra\u00eechement d\u00e9licieux, un e-liquide authentique, semblable \u00e0 un chewing-gum \u00e0 la chlorophylle. Il r\u00e9veille les papilles gustatives et donne \u00e0 votre Vape une note douce mais puissante. Voici un bon compromis pour les amateurs de e-liquides contenant du menthol. Sans aucune mod\u00e9ration \u00e0 la vapeur.<\/p>","protected":false},"excerpt":{"rendered":"<p>Remise sur volume<br \/>\n1 est le prix plein, 5=5% de r\u00e9duction, 10=10% de r\u00e9duction<br \/>\nEssayez notre liquide Hollywoodien de la collection Fresh Evolution : le go\u00fbt intense de chlorophylle de ce e-liquide pourrait vous faire croire que vous \u00eates en train de m\u00e2cher du chewing-gum. Id\u00e9al pour rafra\u00eechir votre palais.<\/p>","protected":false},"featured_media":25476,"comment_status":"open","ping_status":"closed","template":"","meta":{"_acf_changed":false,"_genesis_hide_title":false,"_genesis_hide_breadcrumbs":false,"_genesis_hide_singular_image":false,"_genesis_hide_footer_widgets":false,"_genesis_custom_body_class":"","_genesis_custom_post_class":"","_genesis_layout":""},"product_brand":[],"product_cat":[454],"product_tag":[],"class_list":{"1":"product","2":"type-product","6":"product_cat-liquideo","7":"entry","9":"first","10":"outofstock","11":"taxable","12":"shipping-taxable","13":"purchasable","14":"product-type-variable"},"acf":[],"_links":{"self":[{"href":"https:\/\/eliquidnicotine.co.uk\/fr\/wp-json\/wp\/v2\/product\/19483","targetHints":{"allow":["GET"]}}],"collection":[{"href":"https:\/\/eliquidnicotine.co.uk\/fr\/wp-json\/wp\/v2\/product"}],"about":[{"href":"https:\/\/eliquidnicotine.co.uk\/fr\/wp-json\/wp\/v2\/types\/product"}],"replies":[{"embeddable":true,"href":"https:\/\/eliquidnicotine.co.uk\/fr\/wp-json\/wp\/v2\/comments?post=19483"}],"wp:featuredmedia":[{"embeddable":true,"href":"https:\/\/eliquidnicotine.co.uk\/fr\/wp-json\/wp\/v2\/media\/25476"}],"wp:attachment":[{"href":"https:\/\/eliquidnicotine.co.uk\/fr\/wp-json\/wp\/v2\/media?parent=19483"}],"wp:term":[{"taxonomy":"product_brand","embeddable":true,"href":"https:\/\/eliquidnicotine.co.uk\/fr\/wp-json\/wp\/v2\/product_brand?post=19483"},{"taxonomy":"product_cat","embeddable":true,"href":"https:\/\/eliquidnicotine.co.uk\/fr\/wp-json\/wp\/v2\/product_cat?post=19483"},{"taxonomy":"product_tag","embeddable":true,"href":"https:\/\/eliquidnicotine.co.uk\/fr\/wp-json\/wp\/v2\/product_tag?post=19483"}],"curies":[{"name":"wp","href":"https:\/\/api.w.org\/{rel}","templated":true}]}}