{"id":19484,"date":"2020-11-02T09:57:00","date_gmt":"2020-11-02T08:57:00","guid":{"rendered":"https:\/\/eliquidnicotine.co.uk\/?post_type=product&#038;p=19484"},"modified":"2023-03-07T09:43:51","modified_gmt":"2023-03-07T08:43:51","slug":"liquideo-popo-pom","status":"publish","type":"product","link":"https:\/\/eliquidnicotine.co.uk\/fr\/shop\/liquideo-popo-pom\/","title":{"rendered":"Liquideo Po \"Po\" Pom"},"content":{"rendered":"<p>Pomme aigre<\/p>\n<p>PG\/VG : 60\/40<\/p>\n<p>Contenu : 10 ml<\/p>\n<p>teneur en nicotine : 0, 3, 6, 10 mg\/ml<\/p>\n<p>Le E-liquide Po po po pom de la collection Fruity Evolution a un PG\/VG de 60\/40, bien \u00e9quilibr\u00e9, de sorte que votre tube est \u00e0 la fois fruit\u00e9 et fort et aigre. Bien accompagn\u00e9 par son Vape dense et agr\u00e9able. Ce e-liquide vous offrira des ar\u00f4mes surprenants qui m\u00ealent douceur et acidit\u00e9 avec une douce touche de sucre en bouche.<br \/>\nPo po po pom de la collection Fruity Evolution est un e-liquide absolument indispensable, c'est incontestablement l'un de nos best-sellers.<\/p>","protected":false},"excerpt":{"rendered":"<p>Remise sur volume<br \/>\n1 est le prix plein, 5=5% de r\u00e9duction, 10=10% de r\u00e9duction<br \/>\nEssayez notre e-liquide Po po po pom de la collection Fruity Evolution : Go\u00fbt de pomme verte type Granny Smith aigre-doux : \u00e9tonnant.<br \/>\nUn e-liquide absolument inconditionnel, disponible toute la journ\u00e9e.<\/p>","protected":false},"featured_media":25483,"comment_status":"open","ping_status":"closed","template":"","meta":{"_acf_changed":false,"_genesis_hide_title":false,"_genesis_hide_breadcrumbs":false,"_genesis_hide_singular_image":false,"_genesis_hide_footer_widgets":false,"_genesis_custom_body_class":"","_genesis_custom_post_class":"","_genesis_layout":""},"product_brand":[],"product_cat":[454],"product_tag":[],"class_list":{"1":"product","2":"type-product","6":"product_cat-liquideo","7":"entry","9":"first","10":"outofstock","11":"taxable","12":"shipping-taxable","13":"purchasable","14":"product-type-variable"},"acf":[],"_links":{"self":[{"href":"https:\/\/eliquidnicotine.co.uk\/fr\/wp-json\/wp\/v2\/product\/19484","targetHints":{"allow":["GET"]}}],"collection":[{"href":"https:\/\/eliquidnicotine.co.uk\/fr\/wp-json\/wp\/v2\/product"}],"about":[{"href":"https:\/\/eliquidnicotine.co.uk\/fr\/wp-json\/wp\/v2\/types\/product"}],"replies":[{"embeddable":true,"href":"https:\/\/eliquidnicotine.co.uk\/fr\/wp-json\/wp\/v2\/comments?post=19484"}],"wp:featuredmedia":[{"embeddable":true,"href":"https:\/\/eliquidnicotine.co.uk\/fr\/wp-json\/wp\/v2\/media\/25483"}],"wp:attachment":[{"href":"https:\/\/eliquidnicotine.co.uk\/fr\/wp-json\/wp\/v2\/media?parent=19484"}],"wp:term":[{"taxonomy":"product_brand","embeddable":true,"href":"https:\/\/eliquidnicotine.co.uk\/fr\/wp-json\/wp\/v2\/product_brand?post=19484"},{"taxonomy":"product_cat","embeddable":true,"href":"https:\/\/eliquidnicotine.co.uk\/fr\/wp-json\/wp\/v2\/product_cat?post=19484"},{"taxonomy":"product_tag","embeddable":true,"href":"https:\/\/eliquidnicotine.co.uk\/fr\/wp-json\/wp\/v2\/product_tag?post=19484"}],"curies":[{"name":"wp","href":"https:\/\/api.w.org\/{rel}","templated":true}]}}