{"id":19485,"date":"2020-11-01T13:20:45","date_gmt":"2020-11-01T12:20:45","guid":{"rendered":"https:\/\/eliquidnicotine.co.uk\/?post_type=product&#038;p=19485"},"modified":"2023-03-07T09:44:59","modified_gmt":"2023-03-07T08:44:59","slug":"liquideo-rouge","status":"publish","type":"product","link":"https:\/\/eliquidnicotine.co.uk\/fr\/shop\/liquideo-rouge\/","title":{"rendered":"Liquideo Rouge"},"content":{"rendered":"<p>Notre rouge E-liquide spatial Evolution a un rapport PG\/VG de 50\/50. Ce jus est tr\u00e8s \u00e9quilibr\u00e9, ce qui constitue un excellent compromis entre un coup tr\u00e8s pr\u00e9sent et une vapeur dense. Son go\u00fbt intense de baies sauvages avec de l'anis vous donne une vapeur d'une certaine l\u00e9g\u00e8ret\u00e9 tout au long de la journ\u00e9e. \u00c9tonnamment, il devient rapidement un must, et vous pouvez l'emporter avec vous o\u00f9 que vous alliez. Ses ar\u00f4mes uniques, gr\u00e2ce \u00e0 sa touche d'anis, le rendent aussi agr\u00e9able qu'un fruit frais et significatif. On peut le reconna\u00eetre parmi mille !<\/p>","protected":false},"excerpt":{"rendered":"<p>Remise sur volume<br \/>\n1 est le prix plein, 5=5% de r\u00e9duction, 10=10% de r\u00e9duction<br \/>\nEssayez notre e-liquide Rouge Red de la collection Evolution Space :<br \/>\nRouge Red est un m\u00e9lange divin de framboise, de myrtille, de cassis et d'anis.<br \/>\nUne composition riche et persistante en bouche qui ne laissera personne indiff\u00e9rent.<\/p>","protected":false},"featured_media":25484,"comment_status":"open","ping_status":"closed","template":"","meta":{"_acf_changed":false,"_genesis_hide_title":false,"_genesis_hide_breadcrumbs":false,"_genesis_hide_singular_image":false,"_genesis_hide_footer_widgets":false,"_genesis_custom_body_class":"","_genesis_custom_post_class":"","_genesis_layout":""},"product_brand":[],"product_cat":[454],"product_tag":[],"class_list":{"1":"product","2":"type-product","6":"product_cat-liquideo","7":"entry","9":"first","10":"outofstock","11":"taxable","12":"shipping-taxable","13":"purchasable","14":"product-type-variable"},"acf":[],"_links":{"self":[{"href":"https:\/\/eliquidnicotine.co.uk\/fr\/wp-json\/wp\/v2\/product\/19485","targetHints":{"allow":["GET"]}}],"collection":[{"href":"https:\/\/eliquidnicotine.co.uk\/fr\/wp-json\/wp\/v2\/product"}],"about":[{"href":"https:\/\/eliquidnicotine.co.uk\/fr\/wp-json\/wp\/v2\/types\/product"}],"replies":[{"embeddable":true,"href":"https:\/\/eliquidnicotine.co.uk\/fr\/wp-json\/wp\/v2\/comments?post=19485"}],"wp:featuredmedia":[{"embeddable":true,"href":"https:\/\/eliquidnicotine.co.uk\/fr\/wp-json\/wp\/v2\/media\/25484"}],"wp:attachment":[{"href":"https:\/\/eliquidnicotine.co.uk\/fr\/wp-json\/wp\/v2\/media?parent=19485"}],"wp:term":[{"taxonomy":"product_brand","embeddable":true,"href":"https:\/\/eliquidnicotine.co.uk\/fr\/wp-json\/wp\/v2\/product_brand?post=19485"},{"taxonomy":"product_cat","embeddable":true,"href":"https:\/\/eliquidnicotine.co.uk\/fr\/wp-json\/wp\/v2\/product_cat?post=19485"},{"taxonomy":"product_tag","embeddable":true,"href":"https:\/\/eliquidnicotine.co.uk\/fr\/wp-json\/wp\/v2\/product_tag?post=19485"}],"curies":[{"name":"wp","href":"https:\/\/api.w.org\/{rel}","templated":true}]}}