{"id":19486,"date":"2020-11-01T15:22:06","date_gmt":"2020-11-01T14:22:06","guid":{"rendered":"https:\/\/eliquidnicotine.co.uk\/?post_type=product&#038;p=19486"},"modified":"2023-03-07T09:43:42","modified_gmt":"2023-03-07T08:43:42","slug":"liquideo-le-gaulois","status":"publish","type":"product","link":"https:\/\/eliquidnicotine.co.uk\/fr\/shop\/liquideo-le-gaulois\/","title":{"rendered":"Liquideo Le Gaulois"},"content":{"rendered":"<p>Ce E-Liquid est fabriqu\u00e9 par la soci\u00e9t\u00e9 fran\u00e7aise Liquid\u00e9o, un acteur majeur du march\u00e9 de la Vape, connu pour ses liquides de haute qualit\u00e9 !<\/p>\n<p>Ce Gaulois que vous propose Vapo d'Oliquide est un e-liquide de la gamme Evolution, compos\u00e9 de propyl\u00e8ne glycol, de glyc\u00e9rine v\u00e9g\u00e9tale, d'ar\u00f4mes alimentaires et de nicotine (sauf pour le dosage sans nicotine). Il pr\u00e9sente un rapport PG\/VG de 60\/40.<\/p>\n<p>Liquid\u00e9o est sp\u00e9cialis\u00e9 dans la production de e.liquids pour e-cig et est bas\u00e9 \u00e0 Paris. Elle est compos\u00e9e d'experts talentueux qui subliment plus de 130 ar\u00f4mes que vous trouverez dans diff\u00e9rentes collections pour satisfaire une large gamme de vaporisateurs. Il y en a pour tous les go\u00fbts ! Les e-liquides de Liquid\u00e9o sont tous produits en France dans ses laboratoires de la r\u00e9gion parisienne. Pour la composition de ces produits, Liquid\u00e9o utilise uniquement des ar\u00f4mes alimentaires certifi\u00e9s, du propyl\u00e8ne glycol, de la glyc\u00e9rine v\u00e9g\u00e9tale, de la nicotine (sauf pour les liquides \u00e0 0mg), parfois de l'\u00e9thanol et de l'eau. Ils sont garantis sans diac\u00e9tyle, parab\u00e8ne et ambrox.<\/p>","protected":false},"excerpt":{"rendered":"<p>Remise sur volume<br \/>\n1 est le prix plein, 5=5% de r\u00e9duction, 10=10% de r\u00e9duction<br \/>\nLe Gaulois est une blonde classique, l\u00e9g\u00e8rement sucr\u00e9e avec une touche de figue. Ce liquide est pr\u00e9par\u00e9 par le druide Liquid\u00e9ix de la tribu des Liquid\u00e9o... mais attention, ce n'est pas une potion magique !<\/p>","protected":false},"featured_media":25480,"comment_status":"open","ping_status":"closed","template":"","meta":{"_acf_changed":false,"_genesis_hide_title":false,"_genesis_hide_breadcrumbs":false,"_genesis_hide_singular_image":false,"_genesis_hide_footer_widgets":false,"_genesis_custom_body_class":"","_genesis_custom_post_class":"","_genesis_layout":""},"product_brand":[],"product_cat":[454],"product_tag":[],"class_list":{"1":"product","2":"type-product","6":"product_cat-liquideo","7":"entry","9":"first","10":"outofstock","11":"taxable","12":"shipping-taxable","13":"purchasable","14":"product-type-variable"},"acf":[],"_links":{"self":[{"href":"https:\/\/eliquidnicotine.co.uk\/fr\/wp-json\/wp\/v2\/product\/19486","targetHints":{"allow":["GET"]}}],"collection":[{"href":"https:\/\/eliquidnicotine.co.uk\/fr\/wp-json\/wp\/v2\/product"}],"about":[{"href":"https:\/\/eliquidnicotine.co.uk\/fr\/wp-json\/wp\/v2\/types\/product"}],"replies":[{"embeddable":true,"href":"https:\/\/eliquidnicotine.co.uk\/fr\/wp-json\/wp\/v2\/comments?post=19486"}],"wp:featuredmedia":[{"embeddable":true,"href":"https:\/\/eliquidnicotine.co.uk\/fr\/wp-json\/wp\/v2\/media\/25480"}],"wp:attachment":[{"href":"https:\/\/eliquidnicotine.co.uk\/fr\/wp-json\/wp\/v2\/media?parent=19486"}],"wp:term":[{"taxonomy":"product_brand","embeddable":true,"href":"https:\/\/eliquidnicotine.co.uk\/fr\/wp-json\/wp\/v2\/product_brand?post=19486"},{"taxonomy":"product_cat","embeddable":true,"href":"https:\/\/eliquidnicotine.co.uk\/fr\/wp-json\/wp\/v2\/product_cat?post=19486"},{"taxonomy":"product_tag","embeddable":true,"href":"https:\/\/eliquidnicotine.co.uk\/fr\/wp-json\/wp\/v2\/product_tag?post=19486"}],"curies":[{"name":"wp","href":"https:\/\/api.w.org\/{rel}","templated":true}]}}