{"id":19487,"date":"2020-11-01T13:27:41","date_gmt":"2020-11-01T13:27:41","guid":{"rendered":"https:\/\/eliquidnicotine.co.uk\/?post_type=product&#038;p=19487"},"modified":"2023-12-29T10:48:48","modified_gmt":"2023-12-29T09:48:48","slug":"liquideo-4yr","status":"publish","type":"product","link":"https:\/\/eliquidnicotine.co.uk\/fr\/shop\/liquideo-4yr\/","title":{"rendered":"Liquideo 4YR"},"content":{"rendered":"<p>Classique l\u00e9ger - force 4\/5<br \/>\nPG\/VG : 70\/30<br \/>\nContenu : 10 ml<br \/>\nteneur en nicotine : 0, 3, 6, 10, 15 mg\/ml<\/p>\n<p>Notre e-liquide 4YR de la collection Classico Evolution a un PG\/VG de 70\/30. Sa riche concentration de propyl\u00e8ne glycol renforce un coup mod\u00e9r\u00e9 et fournit un Vape satisfaisant. La concentration en ar\u00f4me du e-liquide 4YR rehaussera le go\u00fbt du classique l\u00e9ger. Force 4\/5, puissant et fort en go\u00fbt. Tous les amateurs du Gourmet Classic se retrouveront dans ce e-liquide pour cr\u00e9er un v\u00e9ritable \u00e9quilibre entre le go\u00fbt authentique et gourmand. \u00c0 d\u00e9guster et \u00e0 savourer chez soi !<\/p>","protected":false},"excerpt":{"rendered":"<p>Remise sur volume<br \/>\n1 est le prix plein, 5=5% de r\u00e9duction, 10=10% de r\u00e9duction<br \/>\nEssayez notre e-liquide 4YR de la collection Classico Evolution : l\u00e9g\u00e8rement classique et d\u00e9licieux, accompagn\u00e9 de ses notes de vanille et de caramel. Un d\u00e9lice pour les papilles gustatives.<\/p>","protected":false},"featured_media":25469,"comment_status":"open","ping_status":"closed","template":"","meta":{"_acf_changed":false,"_genesis_hide_title":false,"_genesis_hide_breadcrumbs":false,"_genesis_hide_singular_image":false,"_genesis_hide_footer_widgets":false,"_genesis_custom_body_class":"","_genesis_custom_post_class":"","_genesis_layout":""},"product_brand":[],"product_cat":[454],"product_tag":[],"class_list":{"1":"product","2":"type-product","6":"product_cat-liquideo","7":"entry","9":"first","10":"outofstock","11":"taxable","12":"shipping-taxable","13":"purchasable","14":"product-type-variable"},"acf":[],"_links":{"self":[{"href":"https:\/\/eliquidnicotine.co.uk\/fr\/wp-json\/wp\/v2\/product\/19487","targetHints":{"allow":["GET"]}}],"collection":[{"href":"https:\/\/eliquidnicotine.co.uk\/fr\/wp-json\/wp\/v2\/product"}],"about":[{"href":"https:\/\/eliquidnicotine.co.uk\/fr\/wp-json\/wp\/v2\/types\/product"}],"replies":[{"embeddable":true,"href":"https:\/\/eliquidnicotine.co.uk\/fr\/wp-json\/wp\/v2\/comments?post=19487"}],"wp:featuredmedia":[{"embeddable":true,"href":"https:\/\/eliquidnicotine.co.uk\/fr\/wp-json\/wp\/v2\/media\/25469"}],"wp:attachment":[{"href":"https:\/\/eliquidnicotine.co.uk\/fr\/wp-json\/wp\/v2\/media?parent=19487"}],"wp:term":[{"taxonomy":"product_brand","embeddable":true,"href":"https:\/\/eliquidnicotine.co.uk\/fr\/wp-json\/wp\/v2\/product_brand?post=19487"},{"taxonomy":"product_cat","embeddable":true,"href":"https:\/\/eliquidnicotine.co.uk\/fr\/wp-json\/wp\/v2\/product_cat?post=19487"},{"taxonomy":"product_tag","embeddable":true,"href":"https:\/\/eliquidnicotine.co.uk\/fr\/wp-json\/wp\/v2\/product_tag?post=19487"}],"curies":[{"name":"wp","href":"https:\/\/api.w.org\/{rel}","templated":true}]}}