{"id":19488,"date":"2020-11-01T15:09:17","date_gmt":"2020-11-01T14:09:17","guid":{"rendered":"https:\/\/eliquidnicotine.co.uk\/?post_type=product&#038;p=19488"},"modified":"2023-03-07T09:44:25","modified_gmt":"2023-03-07T08:44:25","slug":"liquideo-cowboy","status":"publish","type":"product","link":"https:\/\/eliquidnicotine.co.uk\/fr\/shop\/liquideo-cowboy\/","title":{"rendered":"Cowboy Liquideo"},"content":{"rendered":"<p>Notre Cowboy e-Liquid de la collection Classico Evolution a un PG\/VG de 70\/30. Sa haute concentration en propyl\u00e8ne glycol en fait un e-liquide au hit distinctif et \u00e0 la vapeur pas trop \u00e9paisse. Un go\u00fbt authentique de classique l\u00e9ger, fort en saveur et qui vous rappellera les amandes \u00e0 la fin de votre bouff\u00e9e. Une boisson puissante pour toute la journ\u00e9e qui ravira les vieux fumeurs, amateurs de saveurs classiques et de caract\u00e8re et de nuances de noix.<\/p>","protected":false},"excerpt":{"rendered":"<p>Remise sur volume<br \/>\n1 est le prix plein, 5=5% de r\u00e9duction, 10=10% de r\u00e9duction<br \/>\nD\u00e9couvrez notre e-liquide Cowboy de la collection Clasico Evolution : Go\u00fbt fort, classique l\u00e9ger - force 5\/5 . Cowboy e-liquid est une qualit\u00e9 in\u00e9gal\u00e9e avec un ar\u00f4me agr\u00e9able. Ce classique l\u00e9ger satisfera votre journ\u00e9e.<\/p>","protected":false},"featured_media":18772,"comment_status":"open","ping_status":"closed","template":"","meta":{"_acf_changed":false,"_genesis_hide_title":false,"_genesis_hide_breadcrumbs":false,"_genesis_hide_singular_image":false,"_genesis_hide_footer_widgets":false,"_genesis_custom_body_class":"","_genesis_custom_post_class":"","_genesis_layout":""},"product_brand":[],"product_cat":[454],"product_tag":[],"class_list":{"1":"product","2":"type-product","6":"product_cat-liquideo","7":"entry","9":"first","10":"outofstock","11":"taxable","12":"shipping-taxable","13":"purchasable","14":"product-type-variable"},"acf":[],"_links":{"self":[{"href":"https:\/\/eliquidnicotine.co.uk\/fr\/wp-json\/wp\/v2\/product\/19488","targetHints":{"allow":["GET"]}}],"collection":[{"href":"https:\/\/eliquidnicotine.co.uk\/fr\/wp-json\/wp\/v2\/product"}],"about":[{"href":"https:\/\/eliquidnicotine.co.uk\/fr\/wp-json\/wp\/v2\/types\/product"}],"replies":[{"embeddable":true,"href":"https:\/\/eliquidnicotine.co.uk\/fr\/wp-json\/wp\/v2\/comments?post=19488"}],"wp:featuredmedia":[{"embeddable":true,"href":"https:\/\/eliquidnicotine.co.uk\/fr\/wp-json\/wp\/v2\/media\/18772"}],"wp:attachment":[{"href":"https:\/\/eliquidnicotine.co.uk\/fr\/wp-json\/wp\/v2\/media?parent=19488"}],"wp:term":[{"taxonomy":"product_brand","embeddable":true,"href":"https:\/\/eliquidnicotine.co.uk\/fr\/wp-json\/wp\/v2\/product_brand?post=19488"},{"taxonomy":"product_cat","embeddable":true,"href":"https:\/\/eliquidnicotine.co.uk\/fr\/wp-json\/wp\/v2\/product_cat?post=19488"},{"taxonomy":"product_tag","embeddable":true,"href":"https:\/\/eliquidnicotine.co.uk\/fr\/wp-json\/wp\/v2\/product_tag?post=19488"}],"curies":[{"name":"wp","href":"https:\/\/api.w.org\/{rel}","templated":true}]}}