{"id":19489,"date":"2020-11-01T14:29:29","date_gmt":"2020-11-01T13:29:29","guid":{"rendered":"https:\/\/eliquidnicotine.co.uk\/?post_type=product&#038;p=19489"},"modified":"2023-03-07T09:44:48","modified_gmt":"2023-03-07T08:44:48","slug":"liquideo-jamal","status":"publish","type":"product","link":"https:\/\/eliquidnicotine.co.uk\/fr\/shop\/liquideo-jamal\/","title":{"rendered":"Liquideo Jamal"},"content":{"rendered":"<p>L\u00e9ger Classique ar\u00f4me fort - force 4\/5<\/p>\n<p>PG\/VG : 70\/30<\/p>\n<p>Contenu : 10 ml<\/p>\n<p>teneur en nicotine : 0, 6, 10, 15 mg\/ml<\/p>\n<p>Notre e-liquide Classico Eolution Jamal a un PG\/VG de 70\/30. Sa riche concentration en propyl\u00e8ne glycol en fait un e-liquide avec un hit distinct et une vapeur pas trop dense. D\u00e9couvrez toutes les saveurs d'un e-liquide classique l\u00e9ger qui offre un grand moment de d\u00e9tente. L\u00e2chez votre cigarette et acceptez ce nouveau e-liquide Jamal comme une bouteille d'une journ\u00e9e enti\u00e8re. Immergez-vous et savourez sans aucune mod\u00e9ration.<\/p>","protected":false},"excerpt":{"rendered":"<p>Remise sur volume<br \/>\n1 est le prix plein, 5=5% de r\u00e9duction, 10=10% de r\u00e9duction<br \/>\nEssayez notre Jamal E-Liquid de la collection Classico Evolution : un classique l\u00e9ger, riche en ar\u00f4me avec une force de 4\/5, sera tr\u00e8s appr\u00e9ci\u00e9 par les journaux qui tentent d'arr\u00eater de fumer. Jamal offre la vraie sensation de fumer.<\/p>","protected":false},"featured_media":25477,"comment_status":"open","ping_status":"closed","template":"","meta":{"_acf_changed":false,"_genesis_hide_title":false,"_genesis_hide_breadcrumbs":false,"_genesis_hide_singular_image":false,"_genesis_hide_footer_widgets":false,"_genesis_custom_body_class":"","_genesis_custom_post_class":"","_genesis_layout":""},"product_brand":[],"product_cat":[454],"product_tag":[],"class_list":{"1":"product","2":"type-product","6":"product_cat-liquideo","7":"entry","9":"first","10":"outofstock","11":"taxable","12":"shipping-taxable","13":"purchasable","14":"product-type-variable"},"acf":[],"_links":{"self":[{"href":"https:\/\/eliquidnicotine.co.uk\/fr\/wp-json\/wp\/v2\/product\/19489","targetHints":{"allow":["GET"]}}],"collection":[{"href":"https:\/\/eliquidnicotine.co.uk\/fr\/wp-json\/wp\/v2\/product"}],"about":[{"href":"https:\/\/eliquidnicotine.co.uk\/fr\/wp-json\/wp\/v2\/types\/product"}],"replies":[{"embeddable":true,"href":"https:\/\/eliquidnicotine.co.uk\/fr\/wp-json\/wp\/v2\/comments?post=19489"}],"wp:featuredmedia":[{"embeddable":true,"href":"https:\/\/eliquidnicotine.co.uk\/fr\/wp-json\/wp\/v2\/media\/25477"}],"wp:attachment":[{"href":"https:\/\/eliquidnicotine.co.uk\/fr\/wp-json\/wp\/v2\/media?parent=19489"}],"wp:term":[{"taxonomy":"product_brand","embeddable":true,"href":"https:\/\/eliquidnicotine.co.uk\/fr\/wp-json\/wp\/v2\/product_brand?post=19489"},{"taxonomy":"product_cat","embeddable":true,"href":"https:\/\/eliquidnicotine.co.uk\/fr\/wp-json\/wp\/v2\/product_cat?post=19489"},{"taxonomy":"product_tag","embeddable":true,"href":"https:\/\/eliquidnicotine.co.uk\/fr\/wp-json\/wp\/v2\/product_tag?post=19489"}],"curies":[{"name":"wp","href":"https:\/\/api.w.org\/{rel}","templated":true}]}}