{"id":19490,"date":"2020-11-01T14:39:04","date_gmt":"2020-11-01T14:39:04","guid":{"rendered":"https:\/\/eliquidnicotine.co.uk\/?post_type=product&#038;p=19490"},"modified":"2024-01-15T19:20:04","modified_gmt":"2024-01-15T18:20:04","slug":"liquideo-lucky-boy","status":"publish","type":"product","link":"https:\/\/eliquidnicotine.co.uk\/fr\/shop\/liquideo-lucky-boy\/","title":{"rendered":"Liquideo Lucky Boy"},"content":{"rendered":"<p>Ligth Classic fort, go\u00fbt de cigarette roul\u00e9e - force 4\/5<\/p>\n<p>PG\/VG : 70\/30<\/p>\n<p>Contenu : 10 ml<\/p>\n<p>teneur en nicotine : 0, 6, 10, 15 mg\/ml<\/p>\n<p>Notre e-liquide Lucky Boy de la collection Classico Evolution a un PG\/VG de 70\/30. Sa riche concentration en propyl\u00e8ne glycol en fait un e-liquide avec un hit distinct et une vapeur pas trop dense. Un e-liquide classique et efficace, id\u00e9al pour retrouver la sensation d'une cigarette qui tourne. Les vieux fumeurs en reconna\u00eetront les avantages : tous les effets nocifs de la cigarette ne seront que de mauvais souvenirs ! D\u00e9couvrez avec Lucky Boy le E-Liquid qui vous fera arr\u00eater de fumer pour toujours. Force 4\/5.<\/p>","protected":false},"excerpt":{"rendered":"<p>Remise sur volume<br \/>\n1 est le prix plein, 5=5% de r\u00e9duction, 10=10% de r\u00e9duction<br \/>\nEssayez notre e-liquide Lucky Boy de la collection Classico Evolution : Un e-liquide \u00e0 l'ar\u00f4me fort et au go\u00fbt distinct du classique sec, force 4\/5. Id\u00e9al pour les vieux fumeurs<\/p>","protected":false},"featured_media":25482,"comment_status":"open","ping_status":"closed","template":"","meta":{"_acf_changed":false,"_genesis_hide_title":false,"_genesis_hide_breadcrumbs":false,"_genesis_hide_singular_image":false,"_genesis_hide_footer_widgets":false,"_genesis_custom_body_class":"","_genesis_custom_post_class":"","_genesis_layout":""},"product_brand":[],"product_cat":[454],"product_tag":[],"class_list":{"1":"product","2":"type-product","6":"product_cat-liquideo","7":"entry","9":"first","10":"outofstock","11":"taxable","12":"shipping-taxable","13":"purchasable","14":"product-type-variable"},"acf":[],"_links":{"self":[{"href":"https:\/\/eliquidnicotine.co.uk\/fr\/wp-json\/wp\/v2\/product\/19490","targetHints":{"allow":["GET"]}}],"collection":[{"href":"https:\/\/eliquidnicotine.co.uk\/fr\/wp-json\/wp\/v2\/product"}],"about":[{"href":"https:\/\/eliquidnicotine.co.uk\/fr\/wp-json\/wp\/v2\/types\/product"}],"replies":[{"embeddable":true,"href":"https:\/\/eliquidnicotine.co.uk\/fr\/wp-json\/wp\/v2\/comments?post=19490"}],"wp:featuredmedia":[{"embeddable":true,"href":"https:\/\/eliquidnicotine.co.uk\/fr\/wp-json\/wp\/v2\/media\/25482"}],"wp:attachment":[{"href":"https:\/\/eliquidnicotine.co.uk\/fr\/wp-json\/wp\/v2\/media?parent=19490"}],"wp:term":[{"taxonomy":"product_brand","embeddable":true,"href":"https:\/\/eliquidnicotine.co.uk\/fr\/wp-json\/wp\/v2\/product_brand?post=19490"},{"taxonomy":"product_cat","embeddable":true,"href":"https:\/\/eliquidnicotine.co.uk\/fr\/wp-json\/wp\/v2\/product_cat?post=19490"},{"taxonomy":"product_tag","embeddable":true,"href":"https:\/\/eliquidnicotine.co.uk\/fr\/wp-json\/wp\/v2\/product_tag?post=19490"}],"curies":[{"name":"wp","href":"https:\/\/api.w.org\/{rel}","templated":true}]}}