{"id":19491,"date":"2020-11-01T14:34:40","date_gmt":"2020-11-01T13:34:40","guid":{"rendered":"https:\/\/eliquidnicotine.co.uk\/?post_type=product&#038;p=19491"},"modified":"2023-03-07T09:44:39","modified_gmt":"2023-03-07T08:44:39","slug":"liquideo-strawberryfix","status":"publish","type":"product","link":"https:\/\/eliquidnicotine.co.uk\/fr\/shop\/liquideo-strawberryfix\/","title":{"rendered":"Liquideo Strawberryfix"},"content":{"rendered":"<p>Le E-Liquid \"STRAWBERRY FIX\" de \"Liquideo\" est un milk-shake cr\u00e9meux \u00e0 la fraise qui vous ram\u00e8nera in\u00e9vitablement \u00e0 votre enfance. Appr\u00e9ciez les nuances cr\u00e9meuses et fruit\u00e9es de ce E-Liquid caract\u00e9ristique. Avec ce \"E-liquide\" bon march\u00e9, vous ferez un vrai r\u00e9gal \u00e0 votre palais. Essayez-le, vous verrez !<\/p>","protected":false},"excerpt":{"rendered":"<p>1 est le prix plein, 5=5% de r\u00e9duction, 10=10% de r\u00e9duction<\/p>","protected":false},"featured_media":19350,"comment_status":"open","ping_status":"closed","template":"","meta":{"_acf_changed":false,"_genesis_hide_title":false,"_genesis_hide_breadcrumbs":false,"_genesis_hide_singular_image":false,"_genesis_hide_footer_widgets":false,"_genesis_custom_body_class":"","_genesis_custom_post_class":"","_genesis_layout":""},"product_brand":[],"product_cat":[454],"product_tag":[],"class_list":{"1":"product","2":"type-product","6":"product_cat-liquideo","7":"entry","9":"first","10":"outofstock","11":"taxable","12":"shipping-taxable","13":"purchasable","14":"product-type-variable"},"acf":[],"_links":{"self":[{"href":"https:\/\/eliquidnicotine.co.uk\/fr\/wp-json\/wp\/v2\/product\/19491","targetHints":{"allow":["GET"]}}],"collection":[{"href":"https:\/\/eliquidnicotine.co.uk\/fr\/wp-json\/wp\/v2\/product"}],"about":[{"href":"https:\/\/eliquidnicotine.co.uk\/fr\/wp-json\/wp\/v2\/types\/product"}],"replies":[{"embeddable":true,"href":"https:\/\/eliquidnicotine.co.uk\/fr\/wp-json\/wp\/v2\/comments?post=19491"}],"wp:featuredmedia":[{"embeddable":true,"href":"https:\/\/eliquidnicotine.co.uk\/fr\/wp-json\/wp\/v2\/media\/19350"}],"wp:attachment":[{"href":"https:\/\/eliquidnicotine.co.uk\/fr\/wp-json\/wp\/v2\/media?parent=19491"}],"wp:term":[{"taxonomy":"product_brand","embeddable":true,"href":"https:\/\/eliquidnicotine.co.uk\/fr\/wp-json\/wp\/v2\/product_brand?post=19491"},{"taxonomy":"product_cat","embeddable":true,"href":"https:\/\/eliquidnicotine.co.uk\/fr\/wp-json\/wp\/v2\/product_cat?post=19491"},{"taxonomy":"product_tag","embeddable":true,"href":"https:\/\/eliquidnicotine.co.uk\/fr\/wp-json\/wp\/v2\/product_tag?post=19491"}],"curies":[{"name":"wp","href":"https:\/\/api.w.org\/{rel}","templated":true}]}}