{"id":19493,"date":"2020-11-03T08:11:40","date_gmt":"2020-11-03T08:11:40","guid":{"rendered":"https:\/\/eliquidnicotine.co.uk\/?post_type=product&#038;p=19493"},"modified":"2024-11-13T16:13:34","modified_gmt":"2024-11-13T15:13:34","slug":"t-juice-red-astaire-50-ml","status":"publish","type":"product","link":"https:\/\/eliquidnicotine.co.uk\/fr\/shop\/t-juice-2\/","title":{"rendered":"T-Juice Red Astaire 50 ml"},"content":{"rendered":"<p>E-Liquid Red Astaire T-Juice 50 ml.<\/p>\n<p>Le m\u00e9lange parfait entre les fruits rouges et le raisin noir, enrichi de notes de menthe, d'anis et d'eucalyptus. Une recette intemporelle<\/p>\n<p>Le Red Astaire E Liquid est produit au Royaume-Uni par T-Juice.<\/p>","protected":false},"excerpt":{"rendered":"<p>Les saveurs importantes : Baies rouges | menthol | anis<br \/>\nPrenez-nous au mot, cette d\u00e9licieuse combinaison de baies rouges et de raisins noirs est un go\u00fbt que tout le monde doit essayer. L'exotique m\u00e9lange d'eucalyptus, d'anis et de menthol aux propri\u00e9t\u00e9s sucr\u00e9es du fruit satisfera vos papilles encore et encore et donnera \u00e0 votre cape une touche suppl\u00e9mentaire excitante.<\/p>\n<p>Attention : cet ar\u00f4me doit \u00eatre dilu\u00e9 dans une base.<\/p>\n<p>M\u00e9lange recommand\u00e9 : 15%.<br \/>\nTemps de mont\u00e9e recommand\u00e9 : 1-3 jours<\/p>","protected":false},"featured_media":19551,"comment_status":"open","ping_status":"closed","template":"","meta":{"_acf_changed":false,"_genesis_hide_title":false,"_genesis_hide_breadcrumbs":false,"_genesis_hide_singular_image":false,"_genesis_hide_footer_widgets":false,"_genesis_custom_body_class":"","_genesis_custom_post_class":"","_genesis_layout":""},"product_brand":[],"product_cat":[541],"product_tag":[],"class_list":{"1":"product","2":"type-product","6":"product_cat-t-juice","7":"entry","9":"first","10":"outofstock","11":"sale","12":"taxable","13":"shipping-taxable","14":"purchasable","15":"product-type-simple"},"acf":[],"_links":{"self":[{"href":"https:\/\/eliquidnicotine.co.uk\/fr\/wp-json\/wp\/v2\/product\/19493","targetHints":{"allow":["GET"]}}],"collection":[{"href":"https:\/\/eliquidnicotine.co.uk\/fr\/wp-json\/wp\/v2\/product"}],"about":[{"href":"https:\/\/eliquidnicotine.co.uk\/fr\/wp-json\/wp\/v2\/types\/product"}],"replies":[{"embeddable":true,"href":"https:\/\/eliquidnicotine.co.uk\/fr\/wp-json\/wp\/v2\/comments?post=19493"}],"wp:featuredmedia":[{"embeddable":true,"href":"https:\/\/eliquidnicotine.co.uk\/fr\/wp-json\/wp\/v2\/media\/19551"}],"wp:attachment":[{"href":"https:\/\/eliquidnicotine.co.uk\/fr\/wp-json\/wp\/v2\/media?parent=19493"}],"wp:term":[{"taxonomy":"product_brand","embeddable":true,"href":"https:\/\/eliquidnicotine.co.uk\/fr\/wp-json\/wp\/v2\/product_brand?post=19493"},{"taxonomy":"product_cat","embeddable":true,"href":"https:\/\/eliquidnicotine.co.uk\/fr\/wp-json\/wp\/v2\/product_cat?post=19493"},{"taxonomy":"product_tag","embeddable":true,"href":"https:\/\/eliquidnicotine.co.uk\/fr\/wp-json\/wp\/v2\/product_tag?post=19493"}],"curies":[{"name":"wp","href":"https:\/\/api.w.org\/{rel}","templated":true}]}}