{"id":19494,"date":"2020-11-03T08:06:46","date_gmt":"2020-11-03T08:06:46","guid":{"rendered":"https:\/\/eliquidnicotine.co.uk\/?post_type=product&#038;p=19494"},"modified":"2025-05-07T08:25:10","modified_gmt":"2025-05-07T07:25:10","slug":"t-juice-colonel-custard-50-ml","status":"publish","type":"product","link":"https:\/\/eliquidnicotine.co.uk\/fr\/shop\/t-juice-colonel-custard-50-ml\/","title":{"rendered":"T-Juice Colonel Custard 50 ml"},"content":{"rendered":"<p>Colonel Custard concentr\u00e9 de Tjuice pour la production de vos e-liquides.<\/p>\n<p>Attention ! Le colonel est ici ! Le roi du pudding. Avertissement \u00e0 tous les fans d'un fort ar\u00f4me de pudding.<\/p>\n<p>Attention : cet ar\u00f4me doit \u00eatre dilu\u00e9 dans une base.<\/p>","protected":false},"excerpt":{"rendered":"<p>50 ml<br \/>\nLes saveurs importantes : Vanille | Vanille<br \/>\nAvec une merveilleuse combinaison de vanille velout\u00e9e et d'un pudding onctueux, le concentr\u00e9 de cr\u00e8me anglaise Colonel Custard est au sommet de la pile des e-liquides au go\u00fbt sucr\u00e9. Le go\u00fbt d\u00e9licieux de ce vape cr\u00e9meux fondra dans votre bouche et satisfera votre envie de sucreries encore et encore. Ce n'est pas pour rien qu'on l'appelle le roi de la cr\u00e8me anglaise.<\/p>\n<p>Attention : cet ar\u00f4me doit \u00eatre dilu\u00e9 dans une base<\/p>\n<p>M\u00e9lange recommand\u00e9 : 15%.<\/p>\n<p>Temps de mont\u00e9e recommand\u00e9 : 1-3 jours<\/p>","protected":false},"featured_media":19548,"comment_status":"open","ping_status":"closed","template":"","meta":{"_acf_changed":false,"_genesis_hide_title":false,"_genesis_hide_breadcrumbs":false,"_genesis_hide_singular_image":false,"_genesis_hide_footer_widgets":false,"_genesis_custom_body_class":"","_genesis_custom_post_class":"","_genesis_layout":""},"product_brand":[],"product_cat":[541],"product_tag":[],"class_list":{"1":"product","2":"type-product","6":"product_cat-t-juice","7":"entry","9":"first","10":"outofstock","11":"sale","12":"taxable","13":"shipping-taxable","14":"purchasable","15":"product-type-simple"},"acf":[],"_links":{"self":[{"href":"https:\/\/eliquidnicotine.co.uk\/fr\/wp-json\/wp\/v2\/product\/19494","targetHints":{"allow":["GET"]}}],"collection":[{"href":"https:\/\/eliquidnicotine.co.uk\/fr\/wp-json\/wp\/v2\/product"}],"about":[{"href":"https:\/\/eliquidnicotine.co.uk\/fr\/wp-json\/wp\/v2\/types\/product"}],"replies":[{"embeddable":true,"href":"https:\/\/eliquidnicotine.co.uk\/fr\/wp-json\/wp\/v2\/comments?post=19494"}],"wp:featuredmedia":[{"embeddable":true,"href":"https:\/\/eliquidnicotine.co.uk\/fr\/wp-json\/wp\/v2\/media\/19548"}],"wp:attachment":[{"href":"https:\/\/eliquidnicotine.co.uk\/fr\/wp-json\/wp\/v2\/media?parent=19494"}],"wp:term":[{"taxonomy":"product_brand","embeddable":true,"href":"https:\/\/eliquidnicotine.co.uk\/fr\/wp-json\/wp\/v2\/product_brand?post=19494"},{"taxonomy":"product_cat","embeddable":true,"href":"https:\/\/eliquidnicotine.co.uk\/fr\/wp-json\/wp\/v2\/product_cat?post=19494"},{"taxonomy":"product_tag","embeddable":true,"href":"https:\/\/eliquidnicotine.co.uk\/fr\/wp-json\/wp\/v2\/product_tag?post=19494"}],"curies":[{"name":"wp","href":"https:\/\/api.w.org\/{rel}","templated":true}]}}