{"id":19495,"date":"2020-11-02T14:04:34","date_gmt":"2020-11-02T14:04:34","guid":{"rendered":"https:\/\/eliquidnicotine.co.uk\/?post_type=product&#038;p=19495"},"modified":"2024-08-13T11:06:37","modified_gmt":"2024-08-13T10:06:37","slug":"t-juice-ty4","status":"publish","type":"product","link":"https:\/\/eliquidnicotine.co.uk\/fr\/shop\/t-juice-ty4\/","title":{"rendered":"T-Juice TY4"},"content":{"rendered":"<p>T Juice TY4 est la version propre \u00e0 la marque du c\u00e9l\u00e8bre et populaire ar\u00f4me traditionnel RY4. Cela ne signifie pas que TY4 est une version cuite \u00e0 la vapeur ou dilu\u00e9e, bien au contraire, car ce e-liquide sp\u00e9cial offre vague apr\u00e8s vague le plaisir de la vapeur de tabac \u00e0 la fois sucr\u00e9e et noiset\u00e9e.<\/p>\n<p>C'est la douceur du Demerara qui donne \u00e0 ce e-liquide son avantage, car il se m\u00e9lange si bien avec les nuances de noisette. Le m\u00e9lange intelligent et les ingr\u00e9dients de haute qualit\u00e9 font de ce liquide T Juice TY4 e un produit aussi populaire que la fum\u00e9e quotidienne.<\/p>\n<p>TY4 T Juice T est un e-liquide fabriqu\u00e9 au Royaume-Uni, disponible dans des concentrations de nicotine de 3mg, 6mg, 12mg ou 18mg.<\/p>","protected":false},"excerpt":{"rendered":"<p>Saveurs importantes : noix | sucre brun | tabac de Virginie<br \/>\nT-Juice s'est battu avec un vrai classique pour vous apporter T-Juice TY-4 - notre avis sur RY4 ! Nous avons ajout\u00e9 un peu plus de noisette et un soup\u00e7on de sucre de d\u00e9m\u00e9rara pour ajouter un peu plus de magie \u00e0 cette saveur e-liquide iconique. C'est un e-liquide irr\u00e9sistible pour tout fumeur actuel qui souhaite s'initier aux saveurs de la vaporisation tout en conservant le go\u00fbt classique du tabac.<\/p>","protected":false},"featured_media":19553,"comment_status":"open","ping_status":"closed","template":"","meta":{"_acf_changed":false,"_genesis_hide_title":false,"_genesis_hide_breadcrumbs":false,"_genesis_hide_singular_image":false,"_genesis_hide_footer_widgets":false,"_genesis_custom_body_class":"","_genesis_custom_post_class":"","_genesis_layout":""},"product_brand":[],"product_cat":[541],"product_tag":[],"class_list":{"1":"product","2":"type-product","6":"product_cat-t-juice","7":"entry","9":"first","10":"outofstock","11":"taxable","12":"shipping-taxable","13":"purchasable","14":"product-type-variable"},"acf":[],"_links":{"self":[{"href":"https:\/\/eliquidnicotine.co.uk\/fr\/wp-json\/wp\/v2\/product\/19495","targetHints":{"allow":["GET"]}}],"collection":[{"href":"https:\/\/eliquidnicotine.co.uk\/fr\/wp-json\/wp\/v2\/product"}],"about":[{"href":"https:\/\/eliquidnicotine.co.uk\/fr\/wp-json\/wp\/v2\/types\/product"}],"replies":[{"embeddable":true,"href":"https:\/\/eliquidnicotine.co.uk\/fr\/wp-json\/wp\/v2\/comments?post=19495"}],"wp:featuredmedia":[{"embeddable":true,"href":"https:\/\/eliquidnicotine.co.uk\/fr\/wp-json\/wp\/v2\/media\/19553"}],"wp:attachment":[{"href":"https:\/\/eliquidnicotine.co.uk\/fr\/wp-json\/wp\/v2\/media?parent=19495"}],"wp:term":[{"taxonomy":"product_brand","embeddable":true,"href":"https:\/\/eliquidnicotine.co.uk\/fr\/wp-json\/wp\/v2\/product_brand?post=19495"},{"taxonomy":"product_cat","embeddable":true,"href":"https:\/\/eliquidnicotine.co.uk\/fr\/wp-json\/wp\/v2\/product_cat?post=19495"},{"taxonomy":"product_tag","embeddable":true,"href":"https:\/\/eliquidnicotine.co.uk\/fr\/wp-json\/wp\/v2\/product_tag?post=19495"}],"curies":[{"name":"wp","href":"https:\/\/api.w.org\/{rel}","templated":true}]}}