{"id":19496,"date":"2020-11-03T08:01:22","date_gmt":"2020-11-03T08:01:22","guid":{"rendered":"https:\/\/eliquidnicotine.co.uk\/?post_type=product&#038;p=19496"},"modified":"2024-08-13T11:06:37","modified_gmt":"2024-08-13T10:06:37","slug":"t-juice-red-astaire","status":"publish","type":"product","link":"https:\/\/eliquidnicotine.co.uk\/fr\/shop\/t-juice-red-astaire\/","title":{"rendered":"T-Juice Red Astaire"},"content":{"rendered":"<p>Le e-liquide Astaire rouge de T-Juice est un m\u00e9lange tr\u00e8s contrast\u00e9 d'ar\u00f4mes doux et \u00e9pic\u00e9s, bien \u00e9quilibr\u00e9s. \u00c0 l'inhalation, on retrouve un anis floral, des baies m\u00e9lang\u00e9es douces et des raisins amers avant qu'un arri\u00e8re-go\u00fbt de menthol et d'eucalyptus rafra\u00eechissant ne cr\u00e9e un m\u00e9lange complexe en couches.<\/p>\n<p>Red Astaire e-liquid est disponible en flacons de 10 ml de nicotine \u00e0 0, 3, 6, 12 et 18 mg, les teneurs les plus faibles donnant une sensation de douceur dans la gorge, alors que les teneurs plus \u00e9lev\u00e9es donnent une sensation plus grossi\u00e8re. Avec un ratio 50% VG, ce e-liquide est id\u00e9al pour un go\u00fbt clair avec un minimum de trouble lorsqu'il est utilis\u00e9 dans un kit de d\u00e9marrage ou un dispositif \u00e0 dosettes.<\/p>\n<p>T-Juice est un fabricant britannique connu pour ses m\u00e9langes uniques mais savoureux.<\/p>\n<p>Bouteilles de liquide \u00e9lectronique de 10 ml<br \/>\n50% VG \/ 50% PG<br \/>\ndes teneurs en nicotine de 0mg, 3mg, 6mg, 12mg et 18mg<br \/>\nCon\u00e7u pour les kits de d\u00e9marrage et les dispositifs \u00e0 dosette<br \/>\nConforme \u00e0 la DPT<br \/>\nFabriqu\u00e9 en Grande-Bretagne<br \/>\nCasquette de s\u00e9curit\u00e9 pour enfants<br \/>\nSceau d'inviolabilit\u00e9<\/p>","protected":false},"excerpt":{"rendered":"<p>Les saveurs importantes : Baies rouges | menthol | anis<br \/>\nT-Juice est fier de notre fantastique vaisseau amiral, Red Astaire ! Ce e-liquide classique commence par le go\u00fbt luxuriant de baies rouges m\u00fbres, de raisins noirs et d'eucalyptus sucr\u00e9, suivi d'un coup de pied chaud d'anis et se termine par une finale fra\u00eeche au menthol. Ce e-liquide embl\u00e9matique est un v\u00e9ritable ar\u00f4me \"Boucle d'or\", parfait pour se vaporiser toute la journ\u00e9e !<\/p>","protected":false},"featured_media":19549,"comment_status":"open","ping_status":"closed","template":"","meta":{"_acf_changed":false,"_genesis_hide_title":false,"_genesis_hide_breadcrumbs":false,"_genesis_hide_singular_image":false,"_genesis_hide_footer_widgets":false,"_genesis_custom_body_class":"","_genesis_custom_post_class":"","_genesis_layout":""},"product_brand":[],"product_cat":[541],"product_tag":[],"class_list":{"1":"product","2":"type-product","6":"product_cat-t-juice","7":"entry","9":"first","10":"outofstock","11":"taxable","12":"shipping-taxable","13":"purchasable","14":"product-type-variable"},"acf":[],"_links":{"self":[{"href":"https:\/\/eliquidnicotine.co.uk\/fr\/wp-json\/wp\/v2\/product\/19496","targetHints":{"allow":["GET"]}}],"collection":[{"href":"https:\/\/eliquidnicotine.co.uk\/fr\/wp-json\/wp\/v2\/product"}],"about":[{"href":"https:\/\/eliquidnicotine.co.uk\/fr\/wp-json\/wp\/v2\/types\/product"}],"replies":[{"embeddable":true,"href":"https:\/\/eliquidnicotine.co.uk\/fr\/wp-json\/wp\/v2\/comments?post=19496"}],"wp:featuredmedia":[{"embeddable":true,"href":"https:\/\/eliquidnicotine.co.uk\/fr\/wp-json\/wp\/v2\/media\/19549"}],"wp:attachment":[{"href":"https:\/\/eliquidnicotine.co.uk\/fr\/wp-json\/wp\/v2\/media?parent=19496"}],"wp:term":[{"taxonomy":"product_brand","embeddable":true,"href":"https:\/\/eliquidnicotine.co.uk\/fr\/wp-json\/wp\/v2\/product_brand?post=19496"},{"taxonomy":"product_cat","embeddable":true,"href":"https:\/\/eliquidnicotine.co.uk\/fr\/wp-json\/wp\/v2\/product_cat?post=19496"},{"taxonomy":"product_tag","embeddable":true,"href":"https:\/\/eliquidnicotine.co.uk\/fr\/wp-json\/wp\/v2\/product_tag?post=19496"}],"curies":[{"name":"wp","href":"https:\/\/api.w.org\/{rel}","templated":true}]}}