{"id":19497,"date":"2020-11-02T14:13:01","date_gmt":"2020-11-02T14:13:01","guid":{"rendered":"https:\/\/eliquidnicotine.co.uk\/?post_type=product&#038;p=19497"},"modified":"2024-08-13T11:06:37","modified_gmt":"2024-08-13T10:06:37","slug":"t-juice-clara-t","status":"publish","type":"product","link":"https:\/\/eliquidnicotine.co.uk\/fr\/shop\/t-juice-clara-t\/","title":{"rendered":"T-Juice Clara T"},"content":{"rendered":"<p>Fi\u00e8rement fabriqu\u00e9 en Grande-Bretagne<br \/>\n- Disponible en bouteilles de 10 ml et 30 ml<br \/>\n- Un rapport VG\/PG \u00e9gal<br \/>\n- A un bouchon \u00e0 l'\u00e9preuve des enfants<br \/>\n- Casquette de s\u00e9curit\u00e9 pour enfants<\/p>\n<p>T-Juice fabrique toute sa collection de liquides \u00e9lectroniques au Royaume-Uni. Nous faisons \u00e9galement appel \u00e0 des fournisseurs britanniques de confiance pour nous procurer de la nicotine de qualit\u00e9 pharmaceutique et des diluants pour la fabrication de chacun de nos produits e-liquides.<\/p>\n<p>Notre catalogue est totalement exempt d'ingr\u00e9dients interdits par la r\u00e9glementation europ\u00e9enne. Nous testons \u00e9galement nos produits par rapport \u00e0 une liste interne plus large de produits n\u00e9gatifs bas\u00e9e sur des preuves scientifiques actuelles. Enfin, nous voulons que vous sachiez que T-Juice s'engage \u00e0 vous fournir un e-liquide de la plus haute qualit\u00e9 et \u00e0 respecter toutes les normes r\u00e9glementaires<\/p>","protected":false},"excerpt":{"rendered":"<p>Les saveurs importantes : Baies rouges | raisin | menthol<br \/>\nClara T s'affirme avec l'Astaire rouge g\u00e9ant du T-Juice, avec son twist au go\u00fbt classique de e-liquide. Clara T contient une touche d'anis plus subtile et un peu plus de fra\u00eecheur dans le go\u00fbt de ses raisins verts. Ce e-liquide ravira vos papilles et pourrait \u00eatre l'alternative \u00e0 l'Astaire rouge que vous recherchez.<\/p>","protected":false},"featured_media":19547,"comment_status":"open","ping_status":"closed","template":"","meta":{"_acf_changed":false,"_genesis_hide_title":false,"_genesis_hide_breadcrumbs":false,"_genesis_hide_singular_image":false,"_genesis_hide_footer_widgets":false,"_genesis_custom_body_class":"","_genesis_custom_post_class":"","_genesis_layout":""},"product_brand":[],"product_cat":[541],"product_tag":[],"class_list":{"1":"product","2":"type-product","6":"product_cat-t-juice","7":"entry","9":"first","10":"outofstock","11":"taxable","12":"shipping-taxable","13":"purchasable","14":"product-type-variable"},"acf":[],"_links":{"self":[{"href":"https:\/\/eliquidnicotine.co.uk\/fr\/wp-json\/wp\/v2\/product\/19497","targetHints":{"allow":["GET"]}}],"collection":[{"href":"https:\/\/eliquidnicotine.co.uk\/fr\/wp-json\/wp\/v2\/product"}],"about":[{"href":"https:\/\/eliquidnicotine.co.uk\/fr\/wp-json\/wp\/v2\/types\/product"}],"replies":[{"embeddable":true,"href":"https:\/\/eliquidnicotine.co.uk\/fr\/wp-json\/wp\/v2\/comments?post=19497"}],"wp:featuredmedia":[{"embeddable":true,"href":"https:\/\/eliquidnicotine.co.uk\/fr\/wp-json\/wp\/v2\/media\/19547"}],"wp:attachment":[{"href":"https:\/\/eliquidnicotine.co.uk\/fr\/wp-json\/wp\/v2\/media?parent=19497"}],"wp:term":[{"taxonomy":"product_brand","embeddable":true,"href":"https:\/\/eliquidnicotine.co.uk\/fr\/wp-json\/wp\/v2\/product_brand?post=19497"},{"taxonomy":"product_cat","embeddable":true,"href":"https:\/\/eliquidnicotine.co.uk\/fr\/wp-json\/wp\/v2\/product_cat?post=19497"},{"taxonomy":"product_tag","embeddable":true,"href":"https:\/\/eliquidnicotine.co.uk\/fr\/wp-json\/wp\/v2\/product_tag?post=19497"}],"curies":[{"name":"wp","href":"https:\/\/api.w.org\/{rel}","templated":true}]}}