{"id":19498,"date":"2020-11-02T14:08:22","date_gmt":"2020-11-02T14:08:22","guid":{"rendered":"https:\/\/eliquidnicotine.co.uk\/?post_type=product&#038;p=19498"},"modified":"2024-08-13T11:06:37","modified_gmt":"2024-08-13T10:06:37","slug":"t-juice-strawberri","status":"publish","type":"product","link":"https:\/\/eliquidnicotine.co.uk\/fr\/shop\/t-juice-strawberri\/","title":{"rendered":"T-Juice Strawberri"},"content":{"rendered":"<p>Strawberri T-Juice e-liquide<br \/>\nLe fier producteur britannique T-Saft apporte cette fraise en Allemagne.<\/p>\n<p>Les jus TJuice Vape sont tr\u00e8s populaires sur le march\u00e9 allemand gr\u00e2ce \u00e0 leurs m\u00e9langes parfaits, leurs saveurs de premier choix et \u00e0 la qualit\u00e9 sup\u00e9rieure de leurs ingr\u00e9dients.<\/p>\n<p>Stawberri avec le bon go\u00fbt du jus de fraise Vape. Le T-Juice Strawberri est un m\u00e9lange de fraises et d'un petit morceau de framboise.<\/p>\n<p>Ce Tjuice Eliquid est un jus au go\u00fbt tr\u00e8s, tr\u00e8s fruit\u00e9.<\/p>\n<p>Si vous aimez les Vape E-Liquids au go\u00fbt de fraise, Strawberri by T-juice sera votre prochain Vape E-Liquid pour toute la journ\u00e9e.<\/p>\n<p>Les principales saveurs du jus T Vape Juice : T-Juice Fraise, Framboise<br \/>\nVG PG RATIO DES E-liquides de jus T : 50VG\/50PG<br \/>\nTaille du T-juice : bouteille e-liquide de 10 ml, fabriqu\u00e9e en Grande-Bretagne<\/p>","protected":false},"excerpt":{"rendered":"<p>Saveurs importantes : fraise | framboise | cr\u00e8me<br \/>\nDes fraises avec une touche de cr\u00e8me et une note \u00e9lev\u00e9e de framboise en font l'un de nos parfums de fruits pr\u00e9f\u00e9r\u00e9s. Pour de nombreux amateurs de fruits dans toute l'Europe, ce go\u00fbt est comme une version moderne des cr\u00e8mes \u00e0 la fraise - parfait pour se vaporiser toute la journ\u00e9e !<\/p>","protected":false},"featured_media":19552,"comment_status":"open","ping_status":"closed","template":"","meta":{"_acf_changed":false,"_genesis_hide_title":false,"_genesis_hide_breadcrumbs":false,"_genesis_hide_singular_image":false,"_genesis_hide_footer_widgets":false,"_genesis_custom_body_class":"","_genesis_custom_post_class":"","_genesis_layout":""},"product_brand":[],"product_cat":[541],"product_tag":[],"class_list":{"1":"product","2":"type-product","6":"product_cat-t-juice","7":"entry","9":"first","10":"outofstock","11":"taxable","12":"shipping-taxable","13":"purchasable","14":"product-type-variable"},"acf":[],"_links":{"self":[{"href":"https:\/\/eliquidnicotine.co.uk\/fr\/wp-json\/wp\/v2\/product\/19498","targetHints":{"allow":["GET"]}}],"collection":[{"href":"https:\/\/eliquidnicotine.co.uk\/fr\/wp-json\/wp\/v2\/product"}],"about":[{"href":"https:\/\/eliquidnicotine.co.uk\/fr\/wp-json\/wp\/v2\/types\/product"}],"replies":[{"embeddable":true,"href":"https:\/\/eliquidnicotine.co.uk\/fr\/wp-json\/wp\/v2\/comments?post=19498"}],"wp:featuredmedia":[{"embeddable":true,"href":"https:\/\/eliquidnicotine.co.uk\/fr\/wp-json\/wp\/v2\/media\/19552"}],"wp:attachment":[{"href":"https:\/\/eliquidnicotine.co.uk\/fr\/wp-json\/wp\/v2\/media?parent=19498"}],"wp:term":[{"taxonomy":"product_brand","embeddable":true,"href":"https:\/\/eliquidnicotine.co.uk\/fr\/wp-json\/wp\/v2\/product_brand?post=19498"},{"taxonomy":"product_cat","embeddable":true,"href":"https:\/\/eliquidnicotine.co.uk\/fr\/wp-json\/wp\/v2\/product_cat?post=19498"},{"taxonomy":"product_tag","embeddable":true,"href":"https:\/\/eliquidnicotine.co.uk\/fr\/wp-json\/wp\/v2\/product_tag?post=19498"}],"curies":[{"name":"wp","href":"https:\/\/api.w.org\/{rel}","templated":true}]}}