{"id":213,"date":"2018-01-16T08:53:13","date_gmt":"2018-01-16T08:53:13","guid":{"rendered":"https:\/\/eliquidnicotine.co.uk\/?post_type=product&#038;p=213"},"modified":"2025-02-17T17:50:52","modified_gmt":"2025-02-17T16:50:52","slug":"the-perfumers-apprentice-flavours","status":"publish","type":"product","link":"https:\/\/eliquidnicotine.co.uk\/fr\/shop\/perfumers-apprentice-saveur\/","title":{"rendered":"The Perfumers Apprentice Ar\u00f4me"},"content":{"rendered":"<p>&nbsp;<\/p>\n<h2>E ar\u00f4mes liquides par l'apprenti parfumeur parfumeur<\/h2>\n<p>Un choix de plus de 70 concentr\u00e9s d'ar\u00f4mes, \u00e0 diluer avant de pouvoir les transvaser en toute s\u00e9curit\u00e9, nous recommandons un rapport de 5 \u00e0 15 %.<\/p>","protected":false},"excerpt":{"rendered":"<p>Les concentr\u00e9s d'ar\u00f4mes doivent \u00eatre dilu\u00e9s avant d'\u00eatre vaporis\u00e9s.<\/p>\n<p>Si vous n'avez pas trouv\u00e9 votre parfum pr\u00e9f\u00e9r\u00e9, nous pouvons vous fournir le parfum d'apprenti parfumeur que vous souhaitez, il vous suffit de nous envoyer un e-mail.<\/p>","protected":false},"featured_media":219,"comment_status":"open","ping_status":"closed","template":"","meta":{"_acf_changed":false,"_genesis_hide_title":false,"_genesis_hide_breadcrumbs":false,"_genesis_hide_singular_image":false,"_genesis_hide_footer_widgets":false,"_genesis_custom_body_class":"","_genesis_custom_post_class":"","_genesis_layout":""},"product_brand":[],"product_cat":[243],"product_tag":[],"class_list":{"1":"product","2":"type-product","6":"product_cat-tpa-flavours-for-self-mixing","7":"entry","9":"first","10":"outofstock","11":"taxable","12":"shipping-taxable","13":"purchasable","14":"product-type-variable"},"acf":[],"_links":{"self":[{"href":"https:\/\/eliquidnicotine.co.uk\/fr\/wp-json\/wp\/v2\/product\/213","targetHints":{"allow":["GET"]}}],"collection":[{"href":"https:\/\/eliquidnicotine.co.uk\/fr\/wp-json\/wp\/v2\/product"}],"about":[{"href":"https:\/\/eliquidnicotine.co.uk\/fr\/wp-json\/wp\/v2\/types\/product"}],"replies":[{"embeddable":true,"href":"https:\/\/eliquidnicotine.co.uk\/fr\/wp-json\/wp\/v2\/comments?post=213"}],"wp:featuredmedia":[{"embeddable":true,"href":"https:\/\/eliquidnicotine.co.uk\/fr\/wp-json\/wp\/v2\/media\/219"}],"wp:attachment":[{"href":"https:\/\/eliquidnicotine.co.uk\/fr\/wp-json\/wp\/v2\/media?parent=213"}],"wp:term":[{"taxonomy":"product_brand","embeddable":true,"href":"https:\/\/eliquidnicotine.co.uk\/fr\/wp-json\/wp\/v2\/product_brand?post=213"},{"taxonomy":"product_cat","embeddable":true,"href":"https:\/\/eliquidnicotine.co.uk\/fr\/wp-json\/wp\/v2\/product_cat?post=213"},{"taxonomy":"product_tag","embeddable":true,"href":"https:\/\/eliquidnicotine.co.uk\/fr\/wp-json\/wp\/v2\/product_tag?post=213"}],"curies":[{"name":"wp","href":"https:\/\/api.w.org\/{rel}","templated":true}]}}