{"id":21979,"date":"2022-05-16T11:13:44","date_gmt":"2022-05-16T11:13:44","guid":{"rendered":"https:\/\/eliquidnicotine.co.uk\/?post_type=product&#038;p=21979"},"modified":"2026-01-12T09:00:11","modified_gmt":"2026-01-12T08:00:11","slug":"200-mg-ml-hybrid-nicotine","status":"publish","type":"product","link":"https:\/\/eliquidnicotine.co.uk\/fr\/shop\/200-mg-ml-hybride-nicotine\/","title":{"rendered":"200 mg\/ml de nicotine hybride"},"content":{"rendered":"<p>Hybrid est la nouvelle base de nicotine, vous pouvez maintenant combiner les avantages des deux types de nicotine. La freebase donne un plus grand hit dans la gorge, les sels sont plus doux, vous pouvez donc fumer une plus grande quantit\u00e9 de nicotine sans la duret\u00e9 de la nicotine freebase.<\/p>\n<p>Nicotine pure Freebase de qualit\u00e9 USP\/EP, d'une puret\u00e9 sup\u00e9rieure \u00e0 99%. Nicotine pure freebase de premi\u00e8re qualit\u00e9 destin\u00e9e \u00e0 la production d'e-liquides. Liquide naturel, limpide et inodore extrait des feuilles de tabac.<br \/>\nNicSalt-Benzoate - Le benzoate de sel de nicotine procure un effet nicotinique plus long et plus fort que les e-liquides traditionnels.<\/p>","protected":false},"excerpt":{"rendered":"<p>200 mg\/ml Hybride 50% Freebase 50% Sels Benzoate<\/p>","protected":false},"featured_media":18951,"comment_status":"open","ping_status":"closed","template":"","meta":{"_acf_changed":false,"_genesis_hide_title":false,"_genesis_hide_breadcrumbs":false,"_genesis_hide_singular_image":false,"_genesis_hide_footer_widgets":false,"_genesis_custom_body_class":"","_genesis_custom_post_class":"","_genesis_layout":""},"product_brand":[],"product_cat":[572,242,571],"product_tag":[],"class_list":{"1":"product","2":"type-product","6":"product_cat-e-liquid-base","7":"product_cat-nicotine-liquid","8":"product_cat-wholesale","9":"entry","11":"first","12":"instock","13":"taxable","14":"shipping-taxable","15":"purchasable","16":"product-type-variable"},"acf":[],"_links":{"self":[{"href":"https:\/\/eliquidnicotine.co.uk\/fr\/wp-json\/wp\/v2\/product\/21979","targetHints":{"allow":["GET"]}}],"collection":[{"href":"https:\/\/eliquidnicotine.co.uk\/fr\/wp-json\/wp\/v2\/product"}],"about":[{"href":"https:\/\/eliquidnicotine.co.uk\/fr\/wp-json\/wp\/v2\/types\/product"}],"replies":[{"embeddable":true,"href":"https:\/\/eliquidnicotine.co.uk\/fr\/wp-json\/wp\/v2\/comments?post=21979"}],"wp:featuredmedia":[{"embeddable":true,"href":"https:\/\/eliquidnicotine.co.uk\/fr\/wp-json\/wp\/v2\/media\/18951"}],"wp:attachment":[{"href":"https:\/\/eliquidnicotine.co.uk\/fr\/wp-json\/wp\/v2\/media?parent=21979"}],"wp:term":[{"taxonomy":"product_brand","embeddable":true,"href":"https:\/\/eliquidnicotine.co.uk\/fr\/wp-json\/wp\/v2\/product_brand?post=21979"},{"taxonomy":"product_cat","embeddable":true,"href":"https:\/\/eliquidnicotine.co.uk\/fr\/wp-json\/wp\/v2\/product_cat?post=21979"},{"taxonomy":"product_tag","embeddable":true,"href":"https:\/\/eliquidnicotine.co.uk\/fr\/wp-json\/wp\/v2\/product_tag?post=21979"}],"curies":[{"name":"wp","href":"https:\/\/api.w.org\/{rel}","templated":true}]}}