{"id":22263,"date":"2021-10-29T11:51:33","date_gmt":"2021-10-29T11:51:33","guid":{"rendered":"https:\/\/eliquidnicotine.co.uk\/?post_type=product&#038;p=22263"},"modified":"2025-04-02T15:31:17","modified_gmt":"2025-04-02T14:31:17","slug":"capella-fizz-pop","status":"publish","type":"product","link":"https:\/\/eliquidnicotine.co.uk\/fr\/shop\/capella-fizz-pop\/","title":{"rendered":"Capella Fizz Pop"},"content":{"rendered":"<p>Une gamme vari\u00e9e et d\u00e9licieuse d'ar\u00f4mes hydrosolubles, hautement concentr\u00e9s et polyvalents.<\/p>\n<p>Les concentr\u00e9s Capella sont parmi les meilleurs au monde et jouissent d'une r\u00e9putation bien m\u00e9rit\u00e9e aupr\u00e8s des fumeurs bricoleurs. Le nom de Capella est r\u00e9put\u00e9 dans le monde entier pour sa vaste gamme d'ar\u00f4mes savoureux fabriqu\u00e9s avec les meilleurs ingr\u00e9dients dans son usine de fabrication en Californie, aux \u00c9tats-Unis. Tous les concentr\u00e9s d'ar\u00f4mes Capella r\u00e9pondent aux normes de qualit\u00e9 et de puret\u00e9 les plus strictes impos\u00e9es par l'\u00c9tat de Californie.<\/p>\n<p>Ingr\u00e9dients<\/p>\n<p>Ar\u00f4mes naturels et artificiels, propyl\u00e8ne glycol, eau, sucralose.<\/p>\n<p>Notes<\/p>\n<p>Il s'agit d'un ar\u00f4me concentr\u00e9 \u00e0 m\u00e9langer dans un e-liquide de bricolage. Il ne doit pas \u00eatre vaporis\u00e9 sans \u00eatre dilu\u00e9.<br \/>\nNous recommandons de m\u00e9langer la plupart des concentr\u00e9s Capella \u00e0 environ 15% au d\u00e9part, puis d'ajuster selon votre go\u00fbt personnel.<br \/>\nTous les concentr\u00e9s Capella sont \u00e0 base de PG.<br \/>\nNous achetons des gallons directement \u00e0 Capella (aux \u00c9tats-Unis) et les transvasons dans des bouteilles de 10, 100, 500 et 1000 ml ici au Royaume-Uni.<br \/>\nIl peut y avoir des diff\u00e9rences de couleur notables entre diff\u00e9rents lots d'un m\u00eame ar\u00f4me. Il s'agit d'un r\u00e9sultat naturel du processus de production de l'ar\u00f4me.<\/p>","protected":false},"excerpt":{"rendered":"<p>Fizz Pop Une gamme vari\u00e9e et d\u00e9licieuse d'ar\u00f4mes hydrosolubles, hautement concentr\u00e9s et polyvalents. Ne pas vaporiser sans diluer.<\/p>","protected":false},"featured_media":22287,"comment_status":"open","ping_status":"closed","template":"","meta":{"_acf_changed":false,"_genesis_hide_title":false,"_genesis_hide_breadcrumbs":false,"_genesis_hide_singular_image":false,"_genesis_hide_footer_widgets":false,"_genesis_custom_body_class":"","_genesis_custom_post_class":"","_genesis_layout":""},"product_brand":[],"product_cat":[398],"product_tag":[],"class_list":{"1":"product","2":"type-product","6":"product_cat-capella-flavours-for-self-mixing-10-30-and-50-ml","7":"entry","9":"first","10":"instock","11":"taxable","12":"shipping-taxable","13":"purchasable","14":"product-type-variable"},"acf":[],"_links":{"self":[{"href":"https:\/\/eliquidnicotine.co.uk\/fr\/wp-json\/wp\/v2\/product\/22263","targetHints":{"allow":["GET"]}}],"collection":[{"href":"https:\/\/eliquidnicotine.co.uk\/fr\/wp-json\/wp\/v2\/product"}],"about":[{"href":"https:\/\/eliquidnicotine.co.uk\/fr\/wp-json\/wp\/v2\/types\/product"}],"replies":[{"embeddable":true,"href":"https:\/\/eliquidnicotine.co.uk\/fr\/wp-json\/wp\/v2\/comments?post=22263"}],"wp:featuredmedia":[{"embeddable":true,"href":"https:\/\/eliquidnicotine.co.uk\/fr\/wp-json\/wp\/v2\/media\/22287"}],"wp:attachment":[{"href":"https:\/\/eliquidnicotine.co.uk\/fr\/wp-json\/wp\/v2\/media?parent=22263"}],"wp:term":[{"taxonomy":"product_brand","embeddable":true,"href":"https:\/\/eliquidnicotine.co.uk\/fr\/wp-json\/wp\/v2\/product_brand?post=22263"},{"taxonomy":"product_cat","embeddable":true,"href":"https:\/\/eliquidnicotine.co.uk\/fr\/wp-json\/wp\/v2\/product_cat?post=22263"},{"taxonomy":"product_tag","embeddable":true,"href":"https:\/\/eliquidnicotine.co.uk\/fr\/wp-json\/wp\/v2\/product_tag?post=22263"}],"curies":[{"name":"wp","href":"https:\/\/api.w.org\/{rel}","templated":true}]}}