{"id":22264,"date":"2021-10-29T12:02:13","date_gmt":"2021-10-29T12:02:13","guid":{"rendered":"https:\/\/eliquidnicotine.co.uk\/?post_type=product&#038;p=22264"},"modified":"2025-04-02T15:31:15","modified_gmt":"2025-04-02T14:31:15","slug":"capella-banana-split","status":"publish","type":"product","link":"https:\/\/eliquidnicotine.co.uk\/fr\/shop\/capella-banana-split\/","title":{"rendered":"Banana Split de Capella"},"content":{"rendered":"<p>Le concentr\u00e9 Capella Banana Split recr\u00e9e le go\u00fbt du dessert classique avec un d\u00e9licieux m\u00e9lange de bananes fra\u00eeches et de glace vanille onctueuse et cr\u00e9meuse. Ce concentr\u00e9 peut \u00eatre utilis\u00e9 pour faire une d\u00e9licieuse vape, mais il est aussi assez polyvalent pour \u00eatre utilis\u00e9 dans des recettes de g\u00e2teaux et de desserts ; voir ci-dessous une d\u00e9licieuse recette de dessert utilisant le concentr\u00e9 Capella Banana Split.<\/p>\n<p>Instructions de m\u00e9lange<\/p>\n<p>Le Banana Split de Capella est une saveur assez forte. Nous recommandons de le m\u00e9langer entre 5% et 10% selon votre go\u00fbt. Cependant, il est conseill\u00e9 de commencer avec un faible pourcentage car la saveur s'intensifiera consid\u00e9rablement au fil du temps en laissant reposer le m\u00e9lange.<\/p>\n<p>Id\u00e9es de recettes<\/p>\n<p>Banana split avec cr\u00e8me et sauce caramel :<\/p>\n<p>5% Capella Banana Split<\/p>\n<p>3% Perfumer's Apprentice caramel toffee<\/p>\n<p>3% Apprenti parfumeur glace \u00e0 la gousse de vanille<\/p>\n<p>4% Capella Cr\u00e8me fouett\u00e9e \u00e0 la vanille<\/p>\n<p>Cette recette de banana split est un m\u00e9lange r\u00e9ussi de banane, de cr\u00e8me, de glace et de sauce caramel sucr\u00e9e. Lorsque le m\u00e9lange infuse, le go\u00fbt de la banane ressort vraiment. Cette recette est tr\u00e8s polyvalente. La sauce au caramel peut \u00eatre remplac\u00e9e par une sauce au chocolat en substituant les caramels par du brownie au chocolat Capella V2. Pour intensifier la saveur de la banane tout en conservant les notes cr\u00e9meuses, vous pouvez ajouter de la cr\u00e8me de banane Perfumer's Apprentice.<\/p>\n<p>Il ne s'agit l\u00e0 que de nos id\u00e9es approximatives et des r\u00e9sultats de nos exp\u00e9rimentations. Nous sommes s\u00fbrs que vous avez vos propres recettes g\u00e9niales, notamment le Banana Split de Capella.<\/p>\n<p>N'h\u00e9sitez pas \u00e0 ajouter vos recettes pr\u00e9f\u00e9r\u00e9es ou vos variations des recettes ci-dessus dans les commentaires ci-dessous. Nous sommes impatients de vous lire.<\/p>\n<p>Pourcentage de m\u00e9lange recommand\u00e9 : 10%.<\/p>\n<p>Dur\u00e9e d'infusion recommand\u00e9e : 2 \u00e0 3 semaines<\/p>\n<p>Les concentr\u00e9s Capella font partie des meilleurs au monde et jouissent d'une r\u00e9putation bien m\u00e9rit\u00e9e aupr\u00e8s des fumeurs amateurs. Le nom de Capella est r\u00e9put\u00e9 dans le monde entier pour sa large gamme d'ar\u00f4mes savoureux fabriqu\u00e9s \u00e0 partir des meilleurs ingr\u00e9dients dans son usine de production en Californie, aux \u00c9tats-Unis. Tous les concentr\u00e9s d'ar\u00f4mes Capella r\u00e9pondent aux normes de qualit\u00e9 et de puret\u00e9 les plus strictes \u00e9tablies par l'\u00c9tat de Californie.<\/p>\n<p>Ingr\u00e9dients<\/p>\n<p>Ar\u00f4mes naturels et artificiels, propyl\u00e8ne glycol.<\/p>\n<p>Notes<\/p>\n<p>Nous recommandons de m\u00e9langer la plupart des concentr\u00e9s Capella \u00e0 environ 15% au d\u00e9part, puis d'ajuster selon votre go\u00fbt personnel.<br \/>\nTous les concentr\u00e9s Capella sont \u00e0 base de PG.<br \/>\nNous achetons des gallons directement chez Capella (aux \u00c9tats-Unis) et les transvasons dans des bouteilles de 10, 100 et 500 ml.<br \/>\nIl peut y avoir des diff\u00e9rences de couleur notables entre les diff\u00e9rents lots d'un m\u00eame ar\u00f4me. Il s'agit d'un r\u00e9sultat naturel du processus de cr\u00e9ation de l'ar\u00f4me.<br \/>\nIl s'agit d'un ar\u00f4me concentr\u00e9 \u00e0 m\u00e9langer \u00e0 un e-liquide de bricolage. Il ne doit pas \u00eatre vaporis\u00e9 non dilu\u00e9. Tous les concentr\u00e9s d'ar\u00f4mes Capella sont \u00e0 base de PG.<br \/>\nSant\u00e9 et s\u00e9curit\u00e9<\/p>\n<p>Nous vous recommandons de porter des v\u00eatements de protection appropri\u00e9s, des gants r\u00e9sistant aux produits chimiques, une protection respiratoire et des lunettes de s\u00e9curit\u00e9 lorsque vous m\u00e9langez du e-liquide.<\/p>","protected":false},"excerpt":{"rendered":"<p>Le concentr\u00e9 Capella Banana Split est un d\u00e9licieux m\u00e9lange de bananes fra\u00eeches et de glace vanille onctueuse et cr\u00e9meuse qui recr\u00e9e le go\u00fbt du dessert classique.<br \/>\nNe pas vaper sans diluer.<\/p>","protected":false},"featured_media":22286,"comment_status":"open","ping_status":"closed","template":"","meta":{"_acf_changed":false,"_genesis_hide_title":false,"_genesis_hide_breadcrumbs":false,"_genesis_hide_singular_image":false,"_genesis_hide_footer_widgets":false,"_genesis_custom_body_class":"","_genesis_custom_post_class":"","_genesis_layout":""},"product_brand":[],"product_cat":[398],"product_tag":[],"class_list":{"1":"product","2":"type-product","6":"product_cat-capella-flavours-for-self-mixing-10-30-and-50-ml","7":"entry","9":"first","10":"instock","11":"taxable","12":"shipping-taxable","13":"purchasable","14":"product-type-variable"},"acf":[],"_links":{"self":[{"href":"https:\/\/eliquidnicotine.co.uk\/fr\/wp-json\/wp\/v2\/product\/22264","targetHints":{"allow":["GET"]}}],"collection":[{"href":"https:\/\/eliquidnicotine.co.uk\/fr\/wp-json\/wp\/v2\/product"}],"about":[{"href":"https:\/\/eliquidnicotine.co.uk\/fr\/wp-json\/wp\/v2\/types\/product"}],"replies":[{"embeddable":true,"href":"https:\/\/eliquidnicotine.co.uk\/fr\/wp-json\/wp\/v2\/comments?post=22264"}],"wp:featuredmedia":[{"embeddable":true,"href":"https:\/\/eliquidnicotine.co.uk\/fr\/wp-json\/wp\/v2\/media\/22286"}],"wp:attachment":[{"href":"https:\/\/eliquidnicotine.co.uk\/fr\/wp-json\/wp\/v2\/media?parent=22264"}],"wp:term":[{"taxonomy":"product_brand","embeddable":true,"href":"https:\/\/eliquidnicotine.co.uk\/fr\/wp-json\/wp\/v2\/product_brand?post=22264"},{"taxonomy":"product_cat","embeddable":true,"href":"https:\/\/eliquidnicotine.co.uk\/fr\/wp-json\/wp\/v2\/product_cat?post=22264"},{"taxonomy":"product_tag","embeddable":true,"href":"https:\/\/eliquidnicotine.co.uk\/fr\/wp-json\/wp\/v2\/product_tag?post=22264"}],"curies":[{"name":"wp","href":"https:\/\/api.w.org\/{rel}","templated":true}]}}