{"id":22265,"date":"2021-10-29T12:04:31","date_gmt":"2021-10-29T11:04:31","guid":{"rendered":"https:\/\/eliquidnicotine.co.uk\/?post_type=product&#038;p=22265"},"modified":"2025-10-07T10:20:21","modified_gmt":"2025-10-07T09:20:21","slug":"capella-bavarian-cream","status":"publish","type":"product","link":"https:\/\/eliquidnicotine.co.uk\/fr\/shop\/capella-creme-bavaroise\/","title":{"rendered":"Cr\u00e8me bavaroise Capella"},"content":{"rendered":"<p>Le concentr\u00e9 de cr\u00e8me bavaroise Capella a un go\u00fbt riche et cr\u00e9meux inspir\u00e9 du dessert fran\u00e7ais. Son go\u00fbt rappelle un peu celui du pudding, mais avec une texture plus cr\u00e9meuse et des nuances riches. Le concentr\u00e9 de cr\u00e8me bavaroise Capella est le compl\u00e9ment id\u00e9al de toute recette de dessert, car cette saveur offre des notes profondes et onctueuses de cr\u00e8me avec une l\u00e9g\u00e8re note sucr\u00e9e. Il est recommand\u00e9 d'utiliser la cr\u00e8me bavaroise Capella avec d'autres ar\u00f4mes de cr\u00e8me et de baies et c'est un point de d\u00e9part parfait pour tout m\u00e9lange complexe de dessert.<\/p>\n<p>Instructions de m\u00e9lange<\/p>\n<p>La cr\u00e8me bavaroise Capella est une saveur forte qui peut dominer les autres \u00e9l\u00e9ments d'un m\u00e9lange et doit donc \u00eatre utilis\u00e9e avec parcimonie. Nous recommandons de m\u00e9langer entre 2% et 8% selon le go\u00fbt. Toutefois, il est conseill\u00e9 de commencer avec un faible pourcentage, car la saveur s'intensifiera consid\u00e9rablement avec le temps, au fur et \u00e0 mesure de l'impr\u00e9gnation.<\/p>\n<p>Id\u00e9es de recettes<\/p>\n<p>Beignet \u00e0 la cr\u00e8me<\/p>\n<p>10% Beignet glac\u00e9 Capella<\/p>\n<p>2% Capella Cr\u00e8me bavaroise<\/p>\n<p>3% Cr\u00e8me fouett\u00e9e de l'Apprenti parfumeur<\/p>\n<p>Cette recette est un m\u00e9lange subtil de beignets avec un soup\u00e7on de cannelle et de cr\u00e8me riche. La cr\u00e8me apporte une saveur compl\u00e8te qui \u00e9quilibre les beignets sucr\u00e9s et maintient l'ensemble du m\u00e9lange. La recette peut \u00eatre affin\u00e9e en ajoutant un nombre quelconque d'ar\u00f4mes de fruits tels que Capella Sweet Strawberry RF, Vapable Blueberry, Perfumer's Apprentice Green Apple ou Flavour West Raspberry (Natural).<\/p>\n<p>Il ne s'agit que de nos id\u00e9es approximatives et des r\u00e9sultats de nos exp\u00e9rimentations. Nous sommes s\u00fbrs que vous avez vos propres recettes g\u00e9niales, y compris la cr\u00e8me bavaroise de Capella.<\/p>\n<p>N'h\u00e9sitez pas \u00e0 nous faire part de vos recettes pr\u00e9f\u00e9r\u00e9es ou de vos variations dans les commentaires ci-dessous. Nous serons ravis de vous lire.<\/p>\n<p>Pourcentage de m\u00e9lange recommand\u00e9 : 5%.<\/p>\n<p>Dur\u00e9e d'infusion recommand\u00e9e : 4 semaines<\/p>\n<p>Les concentr\u00e9s Capella sont parmi les meilleurs au monde et jouissent d'une r\u00e9putation bien m\u00e9rit\u00e9e aupr\u00e8s des fumeurs bricoleurs. Le nom de Capella est r\u00e9put\u00e9 dans le monde entier pour sa large gamme d'ar\u00f4mes savoureux fabriqu\u00e9s \u00e0 partir des meilleurs ingr\u00e9dients dans son usine de production en Californie, aux \u00c9tats-Unis. Tous les concentr\u00e9s d'ar\u00f4mes Capella r\u00e9pondent aux normes de qualit\u00e9 et de puret\u00e9 les plus strictes \u00e9tablies par l'\u00c9tat de Californie.<\/p>\n<p>Ingr\u00e9dients<\/p>\n<p>Ar\u00f4mes naturels et artificiels, propyl\u00e8ne glycol, alcool.<\/p>\n<p>Notes<\/p>\n<p>Nous recommandons de m\u00e9langer la plupart des concentr\u00e9s Capella avec environ 15% au d\u00e9part, puis d'ajuster selon votre go\u00fbt personnel.<br \/>\nTous les concentr\u00e9s Capella sont \u00e0 base de PG.<br \/>\nNous achetons des gallons directement chez Capella (aux \u00c9tats-Unis) et les transvasons dans des bouteilles de 10, 100 et 500 ml.<br \/>\nIl peut y avoir des diff\u00e9rences de couleur notables entre les diff\u00e9rents lots d'un m\u00eame ar\u00f4me. Il s'agit d'un r\u00e9sultat naturel du processus de cr\u00e9ation de l'ar\u00f4me.<br \/>\nIl s'agit d'un ar\u00f4me concentr\u00e9 \u00e0 m\u00e9langer \u00e0 un e-liquide de bricolage. Il ne doit pas \u00eatre vaporis\u00e9 non dilu\u00e9. Tous les concentr\u00e9s d'ar\u00f4mes Capella sont \u00e0 base de PG.<br \/>\nSant\u00e9 et s\u00e9curit\u00e9<\/p>\n<p>Nous vous recommandons de porter des v\u00eatements de protection appropri\u00e9s, des gants r\u00e9sistant aux produits chimiques, une protection respiratoire et des lunettes de s\u00e9curit\u00e9 lorsque vous m\u00e9langez du e-liquide.<\/p>","protected":false},"excerpt":{"rendered":"<p>Le concentr\u00e9 de cr\u00e8me bavaroise Capella s'inspire du dessert fran\u00e7ais et se caract\u00e9rise par un go\u00fbt doux et cr\u00e9meux et des nuances riches.<br \/>\nNe pas vaper sans diluer.<\/p>","protected":false},"featured_media":22285,"comment_status":"open","ping_status":"closed","template":"","meta":{"_acf_changed":false,"_genesis_hide_title":false,"_genesis_hide_breadcrumbs":false,"_genesis_hide_singular_image":false,"_genesis_hide_footer_widgets":false,"_genesis_custom_body_class":"","_genesis_custom_post_class":"","_genesis_layout":""},"product_brand":[],"product_cat":[398],"product_tag":[],"class_list":{"1":"product","2":"type-product","6":"product_cat-capella-flavours-for-self-mixing-10-30-and-50-ml","7":"entry","9":"first","10":"instock","11":"taxable","12":"shipping-taxable","13":"purchasable","14":"product-type-variable"},"acf":[],"_links":{"self":[{"href":"https:\/\/eliquidnicotine.co.uk\/fr\/wp-json\/wp\/v2\/product\/22265","targetHints":{"allow":["GET"]}}],"collection":[{"href":"https:\/\/eliquidnicotine.co.uk\/fr\/wp-json\/wp\/v2\/product"}],"about":[{"href":"https:\/\/eliquidnicotine.co.uk\/fr\/wp-json\/wp\/v2\/types\/product"}],"replies":[{"embeddable":true,"href":"https:\/\/eliquidnicotine.co.uk\/fr\/wp-json\/wp\/v2\/comments?post=22265"}],"wp:featuredmedia":[{"embeddable":true,"href":"https:\/\/eliquidnicotine.co.uk\/fr\/wp-json\/wp\/v2\/media\/22285"}],"wp:attachment":[{"href":"https:\/\/eliquidnicotine.co.uk\/fr\/wp-json\/wp\/v2\/media?parent=22265"}],"wp:term":[{"taxonomy":"product_brand","embeddable":true,"href":"https:\/\/eliquidnicotine.co.uk\/fr\/wp-json\/wp\/v2\/product_brand?post=22265"},{"taxonomy":"product_cat","embeddable":true,"href":"https:\/\/eliquidnicotine.co.uk\/fr\/wp-json\/wp\/v2\/product_cat?post=22265"},{"taxonomy":"product_tag","embeddable":true,"href":"https:\/\/eliquidnicotine.co.uk\/fr\/wp-json\/wp\/v2\/product_tag?post=22265"}],"curies":[{"name":"wp","href":"https:\/\/api.w.org\/{rel}","templated":true}]}}