{"id":22267,"date":"2021-10-29T12:21:52","date_gmt":"2021-10-29T12:21:52","guid":{"rendered":"https:\/\/eliquidnicotine.co.uk\/?post_type=product&#038;p=22267"},"modified":"2025-04-02T15:31:06","modified_gmt":"2025-04-02T14:31:06","slug":"capella-chai-tea","status":"publish","type":"product","link":"https:\/\/eliquidnicotine.co.uk\/fr\/shop\/capella-chai-tea\/","title":{"rendered":"Th\u00e9 Chai Capella"},"content":{"rendered":"<p>Saveur de th\u00e9 Chai de Capella.<\/p>\n<p>Les concentr\u00e9s Capella sont parmi les meilleurs au monde et jouissent d'une r\u00e9putation bien m\u00e9rit\u00e9e aupr\u00e8s des fumeurs bricoleurs. Le nom Capella est r\u00e9put\u00e9 dans le monde entier pour offrir une large gamme d'ar\u00f4mes savoureux fabriqu\u00e9s avec les meilleurs ingr\u00e9dients dans leur usine de fabrication en Californie, aux \u00c9tats-Unis. Tous les concentr\u00e9s d'ar\u00f4mes Capella r\u00e9pondent aux normes de qualit\u00e9 et de puret\u00e9 les plus strictes impos\u00e9es par l'\u00c9tat de Californie.<\/p>\n<p>Ingr\u00e9dients<\/p>\n<p>Ar\u00f4mes artificiels et naturels, propyl\u00e8ne glycol, eau.<\/p>\n<p>Ce produit contient de l'ac\u00e9toine et\/ou de l'ac\u00e9tylpropionyle.<\/p>\n<p>Notes<\/p>\n<p>Il s'agit d'un ar\u00f4me concentr\u00e9 qui est m\u00e9lang\u00e9 \u00e0 un e-liquide de bricolage. Il ne doit pas \u00eatre vaporis\u00e9 sans \u00eatre dilu\u00e9.<br \/>\nNous recommandons de m\u00e9langer la plupart des concentr\u00e9s Capella \u00e0 environ 15% au d\u00e9part, puis d'ajuster selon votre go\u00fbt personnel.<br \/>\nTous les concentr\u00e9s Capella sont \u00e0 base de PG.<br \/>\nNous achetons des gallons directement chez Capella (aux Etats-Unis) et les remplissons en 10ml, 100ml et 500ml.<br \/>\nIl peut y avoir des diff\u00e9rences de couleur notables entre diff\u00e9rents lots d'un m\u00eame ar\u00f4me. Il s'agit d'un r\u00e9sultat naturel du processus de production de l'ar\u00f4me.<\/p>","protected":false},"excerpt":{"rendered":"<p>Saveur : Th\u00e9 Chai de Capella. Ne pas vaporiser sans diluer<\/p>","protected":false},"featured_media":21951,"comment_status":"open","ping_status":"closed","template":"","meta":{"_acf_changed":false,"_genesis_hide_title":false,"_genesis_hide_breadcrumbs":false,"_genesis_hide_singular_image":false,"_genesis_hide_footer_widgets":false,"_genesis_custom_body_class":"","_genesis_custom_post_class":"","_genesis_layout":""},"product_brand":[],"product_cat":[398],"product_tag":[],"class_list":{"1":"product","2":"type-product","6":"product_cat-capella-flavours-for-self-mixing-10-30-and-50-ml","7":"entry","9":"first","10":"instock","11":"taxable","12":"shipping-taxable","13":"purchasable","14":"product-type-variable"},"acf":[],"_links":{"self":[{"href":"https:\/\/eliquidnicotine.co.uk\/fr\/wp-json\/wp\/v2\/product\/22267","targetHints":{"allow":["GET"]}}],"collection":[{"href":"https:\/\/eliquidnicotine.co.uk\/fr\/wp-json\/wp\/v2\/product"}],"about":[{"href":"https:\/\/eliquidnicotine.co.uk\/fr\/wp-json\/wp\/v2\/types\/product"}],"replies":[{"embeddable":true,"href":"https:\/\/eliquidnicotine.co.uk\/fr\/wp-json\/wp\/v2\/comments?post=22267"}],"wp:featuredmedia":[{"embeddable":true,"href":"https:\/\/eliquidnicotine.co.uk\/fr\/wp-json\/wp\/v2\/media\/21951"}],"wp:attachment":[{"href":"https:\/\/eliquidnicotine.co.uk\/fr\/wp-json\/wp\/v2\/media?parent=22267"}],"wp:term":[{"taxonomy":"product_brand","embeddable":true,"href":"https:\/\/eliquidnicotine.co.uk\/fr\/wp-json\/wp\/v2\/product_brand?post=22267"},{"taxonomy":"product_cat","embeddable":true,"href":"https:\/\/eliquidnicotine.co.uk\/fr\/wp-json\/wp\/v2\/product_cat?post=22267"},{"taxonomy":"product_tag","embeddable":true,"href":"https:\/\/eliquidnicotine.co.uk\/fr\/wp-json\/wp\/v2\/product_tag?post=22267"}],"curies":[{"name":"wp","href":"https:\/\/api.w.org\/{rel}","templated":true}]}}