{"id":22270,"date":"2021-10-29T12:16:20","date_gmt":"2021-10-29T12:16:20","guid":{"rendered":"https:\/\/eliquidnicotine.co.uk\/?post_type=product&#038;p=22270"},"modified":"2025-04-02T15:30:56","modified_gmt":"2025-04-02T14:30:56","slug":"capella-apricot","status":"publish","type":"product","link":"https:\/\/eliquidnicotine.co.uk\/fr\/shop\/capella-abricot\/","title":{"rendered":"Capella Abricot"},"content":{"rendered":"<p>Le concentr\u00e9 d'abricots Capella offre le go\u00fbt sucr\u00e9 et succulent des abricots juteux et frais. Mordre dans un abricot frais et juteux est l'un des plaisirs les plus discrets de la vie et le concentr\u00e9 d'abricots Capella reproduit parfaitement ce go\u00fbt. Le concentr\u00e9 d'abricots Capella reproduit parfaitement ce go\u00fbt. Ce concentr\u00e9 est excellent en soi, mais peut \u00e9galement \u00eatre utilis\u00e9 pour ajouter une saveur subtile \u00e0 une vari\u00e9t\u00e9 d'autres recettes. Essayez le concentr\u00e9 d'abricots Capella dans une recette de Cheesecake aux amandes et aux abricots faite maison - voir ci-dessous pour plus de d\u00e9tails.<\/p>\n<p>Instructions de m\u00e9lange<\/p>\n<p>L'abricot de Capella est une saveur plut\u00f4t douce. Nous recommandons de le m\u00e9langer entre 15% et 20%. Lorsqu'il est associ\u00e9 \u00e0 d'autres ar\u00f4mes de fruits, l'abricot donne \u00e0 de nombreux m\u00e9langes une forte note de fond, mais il peut aussi \u00eatre trop fort.<\/p>\n<p>Id\u00e9es de recettes<\/p>\n<p>Cheesecake aux amandes et aux abricots :<\/p>\n<p>10% Capella Abricot<\/p>\n<p>5% Apprenti parfumeur G\u00e2teau au fromage en cro\u00fbte Graham<\/p>\n<p>5% Apprenti parfumeur Amande grill\u00e9e<\/p>\n<p>Cette recette de g\u00e2teau au fromage est un doux m\u00e9lange d'abricots sucr\u00e9s et d'amandes croquantes, auquel s'ajoute l'onctuosit\u00e9 du g\u00e2teau au fromage et une cro\u00fbte de graham comme base.<\/p>\n<p>Il ne s'agit que de nos id\u00e9es approximatives et des r\u00e9sultats de nos exp\u00e9rimentations. Nous sommes s\u00fbrs que vous avez vos propres recettes g\u00e9niales, y compris l'abricot de Capella.<\/p>\n<p>N'h\u00e9sitez pas \u00e0 ajouter vos recettes pr\u00e9f\u00e9r\u00e9es ou vos variantes aux recettes ci-dessus dans les commentaires ci-dessous. Nous sommes impatients de vous lire.<\/p>\n<p>Pourcentage de m\u00e9lange recommand\u00e9 : 15%.<\/p>\n<p>Temps de trempage recommand\u00e9 : 1 semaine<\/p>\n<p>Les concentr\u00e9s Capella font partie des meilleurs au monde et jouissent d'une r\u00e9putation bien m\u00e9rit\u00e9e aupr\u00e8s des fumeurs amateurs. Le nom de Capella est r\u00e9put\u00e9 dans le monde entier pour sa vaste gamme d'ar\u00f4mes savoureux fabriqu\u00e9s \u00e0 partir des meilleurs ingr\u00e9dients dans son usine de production en Californie, aux \u00c9tats-Unis. Tous les concentr\u00e9s d'ar\u00f4mes Capella r\u00e9pondent aux normes de qualit\u00e9 et de puret\u00e9 les plus strictes impos\u00e9es par l'\u00c9tat de Californie.<\/p>\n<p>Ingr\u00e9dients<\/p>\n<p>Ar\u00f4mes naturels, propyl\u00e8ne glycol et eau.<\/p>\n<p>Notes<\/p>\n<p>Nous recommandons de m\u00e9langer la plupart des concentr\u00e9s Capella avec environ 15% au d\u00e9part, puis d'ajuster selon votre go\u00fbt personnel.<br \/>\nTous les concentr\u00e9s Capella sont \u00e0 base de PG.<br \/>\nNous achetons des gallons directement chez Capella (aux \u00c9tats-Unis) et les transvasons dans des bouteilles de 10, 100 et 500 ml.<br \/>\nIl peut y avoir des diff\u00e9rences de couleur notables entre les diff\u00e9rents lots d'un m\u00eame ar\u00f4me. Il s'agit d'un r\u00e9sultat naturel du processus de cr\u00e9ation de l'ar\u00f4me.<br \/>\nIl s'agit d'un ar\u00f4me concentr\u00e9 qui est m\u00e9lang\u00e9 \u00e0 un e-liquide de bricolage. Il ne doit pas \u00eatre vaporis\u00e9 sans \u00eatre dilu\u00e9. Tous les concentr\u00e9s d'ar\u00f4mes Capella sont \u00e0 base de PG.<br \/>\nSant\u00e9 et s\u00e9curit\u00e9<\/p>\n<p>Nous recommandons l'utilisation de v\u00eatements de protection appropri\u00e9s, de gants r\u00e9sistant aux produits chimiques, d'une protection respiratoire et de lunettes de s\u00e9curit\u00e9 lors du m\u00e9lange de e-liquide.<\/p>","protected":false},"excerpt":{"rendered":"<p>Le concentr\u00e9 d'abricots Capella offre le go\u00fbt sucr\u00e9 et juteux des abricots frais et juteux.<br \/>\nNe pas vaporiser sans diluer.<\/p>","protected":false},"featured_media":22280,"comment_status":"open","ping_status":"closed","template":"","meta":{"_acf_changed":false,"_genesis_hide_title":false,"_genesis_hide_breadcrumbs":false,"_genesis_hide_singular_image":false,"_genesis_hide_footer_widgets":false,"_genesis_custom_body_class":"","_genesis_custom_post_class":"","_genesis_layout":""},"product_brand":[],"product_cat":[398],"product_tag":[],"class_list":{"1":"product","2":"type-product","6":"product_cat-capella-flavours-for-self-mixing-10-30-and-50-ml","7":"entry","9":"first","10":"instock","11":"taxable","12":"shipping-taxable","13":"purchasable","14":"product-type-variable"},"acf":[],"_links":{"self":[{"href":"https:\/\/eliquidnicotine.co.uk\/fr\/wp-json\/wp\/v2\/product\/22270","targetHints":{"allow":["GET"]}}],"collection":[{"href":"https:\/\/eliquidnicotine.co.uk\/fr\/wp-json\/wp\/v2\/product"}],"about":[{"href":"https:\/\/eliquidnicotine.co.uk\/fr\/wp-json\/wp\/v2\/types\/product"}],"replies":[{"embeddable":true,"href":"https:\/\/eliquidnicotine.co.uk\/fr\/wp-json\/wp\/v2\/comments?post=22270"}],"wp:featuredmedia":[{"embeddable":true,"href":"https:\/\/eliquidnicotine.co.uk\/fr\/wp-json\/wp\/v2\/media\/22280"}],"wp:attachment":[{"href":"https:\/\/eliquidnicotine.co.uk\/fr\/wp-json\/wp\/v2\/media?parent=22270"}],"wp:term":[{"taxonomy":"product_brand","embeddable":true,"href":"https:\/\/eliquidnicotine.co.uk\/fr\/wp-json\/wp\/v2\/product_brand?post=22270"},{"taxonomy":"product_cat","embeddable":true,"href":"https:\/\/eliquidnicotine.co.uk\/fr\/wp-json\/wp\/v2\/product_cat?post=22270"},{"taxonomy":"product_tag","embeddable":true,"href":"https:\/\/eliquidnicotine.co.uk\/fr\/wp-json\/wp\/v2\/product_tag?post=22270"}],"curies":[{"name":"wp","href":"https:\/\/api.w.org\/{rel}","templated":true}]}}