{"id":22271,"date":"2021-10-29T12:14:41","date_gmt":"2021-10-29T12:14:41","guid":{"rendered":"https:\/\/eliquidnicotine.co.uk\/?post_type=product&#038;p=22271"},"modified":"2025-04-02T15:30:51","modified_gmt":"2025-04-02T14:30:51","slug":"capella-double-apple","status":"publish","type":"product","link":"https:\/\/eliquidnicotine.co.uk\/fr\/shop\/capella-double-pomme\/","title":{"rendered":"Capella Double Pomme"},"content":{"rendered":"<p>Capella Double Apple Concentrate est une combinaison douce-am\u00e8re de pommes rouges fra\u00eeches et juteuses \u00e9quilibr\u00e9es par des pommes vertes acidul\u00e9es. Capella Double Apple Concentrate offre le go\u00fbt parfait des pommes m\u00fbres, croquantes et juteuses cueillies directement dans le verger. Capella a cr\u00e9\u00e9 un m\u00e9lange tr\u00e8s d\u00e9licat qui utilise la saveur de deux vari\u00e9t\u00e9s de pommes diff\u00e9rentes ; les pommes vertes acidul\u00e9es sont \u00e9quilibr\u00e9es par le jus sucr\u00e9 des pommes rouges pour cr\u00e9er une utopie de saveur paradisiaque que vous trouverez irr\u00e9sistible si vous \u00eates un amateur de fruits. Le go\u00fbt du concentr\u00e9 Capella Double Apple est tr\u00e8s frais et naturel, pas trop sucr\u00e9 et certainement pas artificiel. Essayez d'utiliser Capella Double Apple dans votre prochaine recette de e-liquide ; c'est l'ar\u00f4me qui apporte vraiment ce go\u00fbt juteux aux recettes de e-liquide de tarte aux pommes ou de crumble aux pommes.<\/p>\n<p>Pourcentage de m\u00e9lange recommand\u00e9 : 15%.<\/p>\n<p>Temps de trempage recommand\u00e9 : 1 \u00e0 3 jours.<\/p>\n<p>Les concentr\u00e9s Capella sont parmi les meilleurs au monde et jouissent d'une r\u00e9putation bien m\u00e9rit\u00e9e aupr\u00e8s des fumeurs bricoleurs. Le nom de Capella est connu dans le monde entier pour une large gamme d'ar\u00f4mes savoureux fabriqu\u00e9s avec les meilleurs ingr\u00e9dients dans leur usine de fabrication en Californie, aux \u00c9tats-Unis. Tous les concentr\u00e9s d'ar\u00f4mes Capella r\u00e9pondent aux normes de qualit\u00e9 et de puret\u00e9 les plus strictes \u00e9tablies par l'\u00c9tat de Californie.<\/p>\n<p>Ingr\u00e9dients<\/p>\n<p>Ar\u00f4mes artificiels et naturels, propyl\u00e8ne glycol.<\/p>\n<p>Notes<\/p>\n<p>Nous recommandons de m\u00e9langer la plupart des concentr\u00e9s Capella \u00e0 environ 15% au d\u00e9part, puis d'ajuster selon votre go\u00fbt personnel.<br \/>\nTous les concentr\u00e9s Capella sont \u00e0 base de PG.<br \/>\nNous achetons des gallons directement aupr\u00e8s de Capella (aux \u00c9tats-Unis) et les transposons dans des bouteilles de 10, 20 et 50 ml.<br \/>\nIl peut y avoir des diff\u00e9rences de couleur notables entre diff\u00e9rents lots d'un m\u00eame ar\u00f4me. Il s'agit d'un r\u00e9sultat naturel du processus de production de l'ar\u00f4me.<br \/>\nIl s'agit d'un ar\u00f4me concentr\u00e9 \u00e0 m\u00e9langer dans un e-liquide de bricolage. Il ne doit pas \u00eatre vaporis\u00e9 non dilu\u00e9. Tous les concentr\u00e9s d'ar\u00f4mes Capella sont \u00e0 base de PG.<br \/>\nSant\u00e9 et s\u00e9curit\u00e9<\/p>\n<p>Nous vous recommandons de porter des v\u00eatements de protection appropri\u00e9s, des gants r\u00e9sistant aux produits chimiques, une protection respiratoire et des lunettes de s\u00e9curit\u00e9 lorsque vous m\u00e9langez du e-liquide.<\/p>","protected":false},"excerpt":{"rendered":"<p>Capella Double Apple Concentrate est une combinaison douce-am\u00e8re de pommes rouges fra\u00eeches et juteuses \u00e9quilibr\u00e9es par des pommes vertes acidul\u00e9es. Ne pas vaporiser sans diluer<\/p>","protected":false},"featured_media":22281,"comment_status":"open","ping_status":"closed","template":"","meta":{"_acf_changed":false,"_genesis_hide_title":false,"_genesis_hide_breadcrumbs":false,"_genesis_hide_singular_image":false,"_genesis_hide_footer_widgets":false,"_genesis_custom_body_class":"","_genesis_custom_post_class":"","_genesis_layout":""},"product_brand":[],"product_cat":[398],"product_tag":[],"class_list":{"1":"product","2":"type-product","6":"product_cat-capella-flavours-for-self-mixing-10-30-and-50-ml","7":"entry","9":"first","10":"instock","11":"taxable","12":"shipping-taxable","13":"purchasable","14":"product-type-variable"},"acf":[],"_links":{"self":[{"href":"https:\/\/eliquidnicotine.co.uk\/fr\/wp-json\/wp\/v2\/product\/22271","targetHints":{"allow":["GET"]}}],"collection":[{"href":"https:\/\/eliquidnicotine.co.uk\/fr\/wp-json\/wp\/v2\/product"}],"about":[{"href":"https:\/\/eliquidnicotine.co.uk\/fr\/wp-json\/wp\/v2\/types\/product"}],"replies":[{"embeddable":true,"href":"https:\/\/eliquidnicotine.co.uk\/fr\/wp-json\/wp\/v2\/comments?post=22271"}],"wp:featuredmedia":[{"embeddable":true,"href":"https:\/\/eliquidnicotine.co.uk\/fr\/wp-json\/wp\/v2\/media\/22281"}],"wp:attachment":[{"href":"https:\/\/eliquidnicotine.co.uk\/fr\/wp-json\/wp\/v2\/media?parent=22271"}],"wp:term":[{"taxonomy":"product_brand","embeddable":true,"href":"https:\/\/eliquidnicotine.co.uk\/fr\/wp-json\/wp\/v2\/product_brand?post=22271"},{"taxonomy":"product_cat","embeddable":true,"href":"https:\/\/eliquidnicotine.co.uk\/fr\/wp-json\/wp\/v2\/product_cat?post=22271"},{"taxonomy":"product_tag","embeddable":true,"href":"https:\/\/eliquidnicotine.co.uk\/fr\/wp-json\/wp\/v2\/product_tag?post=22271"}],"curies":[{"name":"wp","href":"https:\/\/api.w.org\/{rel}","templated":true}]}}