{"id":22272,"date":"2021-10-29T12:10:39","date_gmt":"2021-10-29T12:10:39","guid":{"rendered":"https:\/\/eliquidnicotine.co.uk\/?post_type=product&#038;p=22272"},"modified":"2025-04-02T15:30:49","modified_gmt":"2025-04-02T14:30:49","slug":"capella-french-vanilla","status":"publish","type":"product","link":"https:\/\/eliquidnicotine.co.uk\/fr\/shop\/capella-francais-vanille\/","title":{"rendered":"Capella French Vanilla"},"content":{"rendered":"<p>Le concentr\u00e9 Capella French Vanilla V1 offre un go\u00fbt de vanille riche, cr\u00e9meux et velout\u00e9. Ce concentr\u00e9 est un must pour ajouter aux puddings ou aux g\u00e2teaux et se marie parfaitement avec une vari\u00e9t\u00e9 de cr\u00e8mes (par exemple Bavaroise ou Vienne). C'est l'un de mes parfums de vanille pr\u00e9f\u00e9r\u00e9s \u00e0 ce jour et un must pour votre collection de m\u00e9langes. Rendez une bonne cr\u00e8me anglaise encore meilleure en utilisant Capella French Vanilla dans un petit pourcentage avec la base de cr\u00e8me anglaise de votre choix et vous obtiendrez un merveilleux go\u00fbt de cr\u00e8me anglaise. Une seule goutte de concentr\u00e9 de vanille fran\u00e7aise Capella agr\u00e9mentera vos recettes de caf\u00e9, de boisson ou de dessert pr\u00e9f\u00e9r\u00e9es.<\/p>\n<p>Capella French Vanilla V2, qui est sans dic\u00e9tone, est disponible ici.<\/p>\n<p>Rapport de m\u00e9lange recommand\u00e9 : 10% - 15%.<\/p>\n<p>Dur\u00e9e d'infusion recommand\u00e9e : 1 semaine<\/p>\n<p>Les concentr\u00e9s Capella sont parmi les meilleurs au monde et jouissent d'une r\u00e9putation bien m\u00e9rit\u00e9e aupr\u00e8s des fumeurs bricoleurs. Le nom de Capella est r\u00e9put\u00e9 dans le monde entier pour sa large gamme d'ar\u00f4mes tr\u00e8s savoureux, fabriqu\u00e9s avec les meilleurs ingr\u00e9dients dans son usine de production en Californie, aux \u00c9tats-Unis. Tous les concentr\u00e9s d'ar\u00f4mes Capella r\u00e9pondent aux normes de qualit\u00e9 et de puret\u00e9 les plus strictes \u00e9tablies par l'\u00c9tat de Californie.<\/p>\n<p>Ingr\u00e9dients<\/p>\n<p>Ar\u00f4mes naturels et artificiels, propyl\u00e8ne glycol, eau.<\/p>\n<p>Notes<\/p>\n<p>Nous recommandons de m\u00e9langer la plupart des concentr\u00e9s Capella \u00e0 environ 15% au d\u00e9part, puis d'ajuster selon votre go\u00fbt personnel.<br \/>\nTous les concentr\u00e9s Capella sont \u00e0 base de PG.<br \/>\nNous achetons des gallons directement aupr\u00e8s de Capella (aux \u00c9tats-Unis) et les transposons dans des bouteilles de 10, 100 et 500 ml.<br \/>\nIl peut y avoir des diff\u00e9rences de couleur notables entre diff\u00e9rents lots d'un m\u00eame ar\u00f4me. Il s'agit d'un r\u00e9sultat naturel du processus de production de l'ar\u00f4me.<br \/>\nIl s'agit d'un ar\u00f4me concentr\u00e9 \u00e0 m\u00e9langer \u00e0 un e-liquide de bricolage. Il ne doit pas \u00eatre vaporis\u00e9 non dilu\u00e9. Tous les concentr\u00e9s d'ar\u00f4mes Capella sont \u00e0 base de PG.<br \/>\nSant\u00e9 et s\u00e9curit\u00e9<\/p>\n<p>Nous vous recommandons de porter des v\u00eatements de protection appropri\u00e9s, des gants r\u00e9sistant aux produits chimiques, une protection respiratoire et des lunettes de s\u00e9curit\u00e9 lorsque vous m\u00e9langez du e-liquide.<\/p>","protected":false},"excerpt":{"rendered":"<p>Le concentr\u00e9 Capella French Vanilla V1 offre un go\u00fbt de vanille riche, cr\u00e9meux et velout\u00e9.<br \/>\nNe pas vaporiser sans diluer.<\/p>","protected":false},"featured_media":22282,"comment_status":"open","ping_status":"closed","template":"","meta":{"_acf_changed":false,"_genesis_hide_title":false,"_genesis_hide_breadcrumbs":false,"_genesis_hide_singular_image":false,"_genesis_hide_footer_widgets":false,"_genesis_custom_body_class":"","_genesis_custom_post_class":"","_genesis_layout":""},"product_brand":[],"product_cat":[398],"product_tag":[],"class_list":{"1":"product","2":"type-product","6":"product_cat-capella-flavours-for-self-mixing-10-30-and-50-ml","7":"entry","9":"first","10":"instock","11":"taxable","12":"shipping-taxable","13":"purchasable","14":"product-type-variable"},"acf":[],"_links":{"self":[{"href":"https:\/\/eliquidnicotine.co.uk\/fr\/wp-json\/wp\/v2\/product\/22272","targetHints":{"allow":["GET"]}}],"collection":[{"href":"https:\/\/eliquidnicotine.co.uk\/fr\/wp-json\/wp\/v2\/product"}],"about":[{"href":"https:\/\/eliquidnicotine.co.uk\/fr\/wp-json\/wp\/v2\/types\/product"}],"replies":[{"embeddable":true,"href":"https:\/\/eliquidnicotine.co.uk\/fr\/wp-json\/wp\/v2\/comments?post=22272"}],"wp:featuredmedia":[{"embeddable":true,"href":"https:\/\/eliquidnicotine.co.uk\/fr\/wp-json\/wp\/v2\/media\/22282"}],"wp:attachment":[{"href":"https:\/\/eliquidnicotine.co.uk\/fr\/wp-json\/wp\/v2\/media?parent=22272"}],"wp:term":[{"taxonomy":"product_brand","embeddable":true,"href":"https:\/\/eliquidnicotine.co.uk\/fr\/wp-json\/wp\/v2\/product_brand?post=22272"},{"taxonomy":"product_cat","embeddable":true,"href":"https:\/\/eliquidnicotine.co.uk\/fr\/wp-json\/wp\/v2\/product_cat?post=22272"},{"taxonomy":"product_tag","embeddable":true,"href":"https:\/\/eliquidnicotine.co.uk\/fr\/wp-json\/wp\/v2\/product_tag?post=22272"}],"curies":[{"name":"wp","href":"https:\/\/api.w.org\/{rel}","templated":true}]}}