{"id":22358,"date":"2021-11-01T14:25:34","date_gmt":"2021-11-01T14:25:34","guid":{"rendered":"https:\/\/eliquidnicotine.co.uk\/?post_type=product&#038;p=22358"},"modified":"2025-11-13T10:14:12","modified_gmt":"2025-11-13T09:14:12","slug":"strawberry-and-cream","status":"publish","type":"product","link":"https:\/\/eliquidnicotine.co.uk\/fr\/shop\/fraise-et-creme\/","title":{"rendered":"Fraise et cr\u00e8me"},"content":{"rendered":"<p>Avec le concentr\u00e9 de fraises et de cr\u00e8me Capella, vous pouvez vous offrir le dessert classique de l'\u00e9t\u00e9 britannique. Essayez le concentr\u00e9 de fraises et de cr\u00e8me Capella seul pour un go\u00fbt de classe suppl\u00e9mentaire. La cr\u00e8me fouett\u00e9e douce et riche est magnifiquement \u00e9quilibr\u00e9e par le go\u00fbt m\u00fbr, sucr\u00e9, dodu et juteux des fraises fra\u00eeches et parfum\u00e9es et peut \u00eatre fum\u00e9e toute la journ\u00e9e. Utilisez le concentr\u00e9 de fraises et de cr\u00e8me de Capella dans votre prochaine recette de e-liquide ; il est merveilleux lorsqu'il est m\u00e9lang\u00e9 \u00e0 d'autres saveurs de baies, ou essayez d'ajouter un soup\u00e7on de vanille.<\/p>\n<p>Pourcentage de m\u00e9lange recommand\u00e9 : 10% - 15%.<\/p>\n<p>Dur\u00e9e de perfusion recommand\u00e9e : 2 \u00e0 4 semaines<\/p>\n<p>Les concentr\u00e9s Capella sont parmi les meilleurs au monde et jouissent d'une r\u00e9putation bien m\u00e9rit\u00e9e aupr\u00e8s des fumeurs bricoleurs. Le nom de Capella est r\u00e9put\u00e9 dans le monde entier pour sa large gamme d'ar\u00f4mes savoureux fabriqu\u00e9s \u00e0 partir des meilleurs ingr\u00e9dients dans son usine de production en Californie, aux \u00c9tats-Unis. Tous les concentr\u00e9s d'ar\u00f4mes Capella r\u00e9pondent aux normes de qualit\u00e9 et de puret\u00e9 les plus strictes \u00e9tablies par l'\u00c9tat de Californie.<\/p>\n<p>Ingr\u00e9dients<\/p>\n<p>Ar\u00f4mes naturels et artificiels, propyl\u00e8ne glycol.<\/p>\n<p>Notes<\/p>\n<p>Nous recommandons de m\u00e9langer la plupart des concentr\u00e9s Capella avec environ 15% au d\u00e9part, puis d'ajuster selon votre go\u00fbt personnel.<br \/>\nTous les concentr\u00e9s Capella sont \u00e0 base de PG.<br \/>\nNous achetons des gallons directement aupr\u00e8s de Capella (aux \u00c9tats-Unis) et les transvasons ici au Royaume-Uni dans des bouteilles de 10 ml, 100 ml et 500 ml.<br \/>\nIl peut y avoir des diff\u00e9rences de couleur notables entre les diff\u00e9rents lots d'un m\u00eame ar\u00f4me. Il s'agit d'un r\u00e9sultat naturel du processus de cr\u00e9ation de l'ar\u00f4me.<br \/>\nIl s'agit d'un ar\u00f4me concentr\u00e9 \u00e0 m\u00e9langer \u00e0 un e-liquide de bricolage. Il ne doit pas \u00eatre vaporis\u00e9 non dilu\u00e9. Tous les concentr\u00e9s d'ar\u00f4mes Capella sont \u00e0 base de PG.<br \/>\nSant\u00e9 et s\u00e9curit\u00e9<\/p>\n<p>Nous vous recommandons de porter des v\u00eatements de protection appropri\u00e9s, des gants r\u00e9sistant aux produits chimiques, une protection respiratoire et des lunettes de s\u00e9curit\u00e9 lorsque vous m\u00e9langez du e-liquide.<\/p>","protected":false},"excerpt":{"rendered":"<p>Le concentr\u00e9 de fraises et de cr\u00e8me Capella est une cr\u00e8me fouett\u00e9e douce et riche, magnifiquement \u00e9quilibr\u00e9e par des fraises fra\u00eeches sucr\u00e9es, dodues et juteuses. <span style=\"color: #ff0000;\"><strong>Ne pas vaper sans diluer<\/strong><\/span>.<\/p>","protected":false},"featured_media":22359,"comment_status":"open","ping_status":"closed","template":"","meta":{"_acf_changed":false,"_genesis_hide_title":false,"_genesis_hide_breadcrumbs":false,"_genesis_hide_singular_image":false,"_genesis_hide_footer_widgets":false,"_genesis_custom_body_class":"","_genesis_custom_post_class":"","_genesis_layout":""},"product_brand":[],"product_cat":[398,573],"product_tag":[],"class_list":{"1":"product","2":"type-product","6":"product_cat-capella-flavours-for-self-mixing-10-30-and-50-ml","7":"product_cat-flavours-for-e-liquid-mixing","8":"entry","10":"first","11":"instock","12":"taxable","13":"shipping-taxable","14":"purchasable","15":"product-type-variable"},"acf":[],"_links":{"self":[{"href":"https:\/\/eliquidnicotine.co.uk\/fr\/wp-json\/wp\/v2\/product\/22358","targetHints":{"allow":["GET"]}}],"collection":[{"href":"https:\/\/eliquidnicotine.co.uk\/fr\/wp-json\/wp\/v2\/product"}],"about":[{"href":"https:\/\/eliquidnicotine.co.uk\/fr\/wp-json\/wp\/v2\/types\/product"}],"replies":[{"embeddable":true,"href":"https:\/\/eliquidnicotine.co.uk\/fr\/wp-json\/wp\/v2\/comments?post=22358"}],"wp:featuredmedia":[{"embeddable":true,"href":"https:\/\/eliquidnicotine.co.uk\/fr\/wp-json\/wp\/v2\/media\/22359"}],"wp:attachment":[{"href":"https:\/\/eliquidnicotine.co.uk\/fr\/wp-json\/wp\/v2\/media?parent=22358"}],"wp:term":[{"taxonomy":"product_brand","embeddable":true,"href":"https:\/\/eliquidnicotine.co.uk\/fr\/wp-json\/wp\/v2\/product_brand?post=22358"},{"taxonomy":"product_cat","embeddable":true,"href":"https:\/\/eliquidnicotine.co.uk\/fr\/wp-json\/wp\/v2\/product_cat?post=22358"},{"taxonomy":"product_tag","embeddable":true,"href":"https:\/\/eliquidnicotine.co.uk\/fr\/wp-json\/wp\/v2\/product_tag?post=22358"}],"curies":[{"name":"wp","href":"https:\/\/api.w.org\/{rel}","templated":true}]}}