{"id":224,"date":"2018-01-17T09:30:50","date_gmt":"2018-01-17T09:30:50","guid":{"rendered":"https:\/\/eliquidnicotine.co.uk\/?post_type=product&#038;p=224"},"modified":"2020-03-25T12:20:02","modified_gmt":"2020-03-25T12:20:02","slug":"base-plus-nicotine-shots","status":"publish","type":"product","link":"https:\/\/eliquidnicotine.co.uk\/fr\/shop\/booster-base-et-nicotine\/","title":{"rendered":"Base nicotine plus booster"},"content":{"rendered":"<h2>Injections de nicotine plus base PG\/VG<\/h2>\n<p>Ce produit est un paquet de base PG\/VG plus un certain nombre de doses de nicotine de 20 mg\/ml que vous pouvez facilement m\u00e9langer ensemble pour obtenir la concentration de nicotine d\u00e9sir\u00e9e.<\/p>\n<ul>\n<li>1e qualit\u00e9 PG\/VG<\/li>\n<li>Allemand<\/li>\n<li>Longue dur\u00e9e de vie<\/li>\n<li>Emballage adapt\u00e9 aux enfants<\/li>\n<li>Semi-transparent<\/li>\n<li>Sans saveur<\/li>\n<li>Facile \u00e0 secouer et \u00e0 vo\u00fbter<\/li>\n<li>Forfait complet<\/li>\n<li>Livr\u00e9 avec une bouteille vide suppl\u00e9mentaire<\/li>\n<\/ul>\n<p>Tenir hors de port\u00e9e des enfants.<\/p>\n<h3>CALCULER LE VOLUME DE BOOSTER \u00c0 METTRE DANS UNE BASE OU UN LIQUIDE<\/h3>\n<p><strong>3 mg\/ml = 100 ml Base plus 2 injections 120 ml<\/strong><\/p>\n<p><strong>6 mg\/ml = 100 ml Base plus 4 injections 140 ml<\/strong><\/p>\n<p><strong>9 mg\/ml = 100 ml Base plus 9 doses 190 ml<\/strong><\/p>\n<p><strong>3 mg\/ml = 250 ml Base plus 4 tirs 290 ml<\/strong><\/p>\n<p><strong>6 mg\/ml = 250 ml Base plus 11 injections 360 ml<\/strong><\/p>\n<p><strong>9 mg\/ml = 250 ml Base plus 21 tirs 460 ml<\/strong><\/p>\n<p><strong>3 mg\/ml = 500 ml Base plus 9 tirs 590 ml<\/strong><\/p>\n<p><strong>6 mg\/ml = 500 ml Base plus 22 tirs 720 ml<\/strong><\/p>\n<p><strong>9 mg\/ml = 500 ml Base plus 41 tirs 910 ml<\/strong><\/p>\n<p>&nbsp;<\/p>\n<p>&nbsp;<\/p>","protected":false},"excerpt":{"rendered":"<p>Une fa\u00e7on tr\u00e8s simple de pr\u00e9parer votre base liquide pr\u00eate \u00e0 mettre en vo\u00fbte, d'ajouter de la saveur si d\u00e9sir\u00e9, de secouer et de mettre en vo\u00fbte.<\/p>","protected":false},"featured_media":236,"comment_status":"open","ping_status":"closed","template":"","meta":{"_acf_changed":false,"_genesis_hide_title":false,"_genesis_hide_breadcrumbs":false,"_genesis_hide_singular_image":false,"_genesis_hide_footer_widgets":false,"_genesis_custom_body_class":"","_genesis_custom_post_class":"","_genesis_layout":""},"product_brand":[],"product_cat":[251],"product_tag":[],"class_list":{"1":"product","2":"type-product","6":"product_cat-nicotine-shots","7":"entry","9":"first","10":"instock","11":"taxable","12":"shipping-taxable","13":"purchasable","14":"product-type-variable"},"acf":[],"_links":{"self":[{"href":"https:\/\/eliquidnicotine.co.uk\/fr\/wp-json\/wp\/v2\/product\/224","targetHints":{"allow":["GET"]}}],"collection":[{"href":"https:\/\/eliquidnicotine.co.uk\/fr\/wp-json\/wp\/v2\/product"}],"about":[{"href":"https:\/\/eliquidnicotine.co.uk\/fr\/wp-json\/wp\/v2\/types\/product"}],"replies":[{"embeddable":true,"href":"https:\/\/eliquidnicotine.co.uk\/fr\/wp-json\/wp\/v2\/comments?post=224"}],"wp:featuredmedia":[{"embeddable":true,"href":"https:\/\/eliquidnicotine.co.uk\/fr\/wp-json\/wp\/v2\/media\/236"}],"wp:attachment":[{"href":"https:\/\/eliquidnicotine.co.uk\/fr\/wp-json\/wp\/v2\/media?parent=224"}],"wp:term":[{"taxonomy":"product_brand","embeddable":true,"href":"https:\/\/eliquidnicotine.co.uk\/fr\/wp-json\/wp\/v2\/product_brand?post=224"},{"taxonomy":"product_cat","embeddable":true,"href":"https:\/\/eliquidnicotine.co.uk\/fr\/wp-json\/wp\/v2\/product_cat?post=224"},{"taxonomy":"product_tag","embeddable":true,"href":"https:\/\/eliquidnicotine.co.uk\/fr\/wp-json\/wp\/v2\/product_tag?post=224"}],"curies":[{"name":"wp","href":"https:\/\/api.w.org\/{rel}","templated":true}]}}