{"id":22769,"date":"2021-12-07T12:43:06","date_gmt":"2021-12-07T12:43:06","guid":{"rendered":"https:\/\/eliquidnicotine.co.uk\/?post_type=product&#038;p=22769"},"modified":"2024-10-15T15:16:09","modified_gmt":"2024-10-15T14:16:09","slug":"liquideo-american-mix-50-ml","status":"publish","type":"product","link":"https:\/\/eliquidnicotine.co.uk\/fr\/shop\/liquideo-american-mix-50-ml\/","title":{"rendered":"M\u00e9lange am\u00e9ricain Liquideo 50 ml"},"content":{"rendered":"<p>Teneur en nicotine 00 mg<br \/>\nType d'e-liquides E-liquide pour le boosting<br \/>\nFlavour Classic<br \/>\nContenu 50ml<br \/>\nPG\/VG 70\/30<br \/>\nPays France<\/p>","protected":false},"excerpt":{"rendered":"<p>Go\u00fbt : blond classique<br \/>\nPG\/VG : 70\/30 Le m\u00e9lange am\u00e9ricain est une agr\u00e9able blonde classique.<br \/>\nPG\/VG : 70\/30 - Liquide 00mg surdos\u00e9 en ar\u00f4mes.<br \/>\nInjection de nicotine incluse<\/p>","protected":false},"featured_media":22772,"comment_status":"open","ping_status":"closed","template":"","meta":{"_acf_changed":false,"_genesis_hide_title":false,"_genesis_hide_breadcrumbs":false,"_genesis_hide_singular_image":false,"_genesis_hide_footer_widgets":false,"_genesis_custom_body_class":"","_genesis_custom_post_class":"","_genesis_layout":""},"product_brand":[],"product_cat":[454],"product_tag":[],"class_list":{"1":"product","2":"type-product","6":"product_cat-liquideo","7":"entry","9":"first","10":"outofstock","11":"taxable","12":"shipping-taxable","13":"purchasable","14":"product-type-variable"},"acf":[],"_links":{"self":[{"href":"https:\/\/eliquidnicotine.co.uk\/fr\/wp-json\/wp\/v2\/product\/22769","targetHints":{"allow":["GET"]}}],"collection":[{"href":"https:\/\/eliquidnicotine.co.uk\/fr\/wp-json\/wp\/v2\/product"}],"about":[{"href":"https:\/\/eliquidnicotine.co.uk\/fr\/wp-json\/wp\/v2\/types\/product"}],"replies":[{"embeddable":true,"href":"https:\/\/eliquidnicotine.co.uk\/fr\/wp-json\/wp\/v2\/comments?post=22769"}],"wp:featuredmedia":[{"embeddable":true,"href":"https:\/\/eliquidnicotine.co.uk\/fr\/wp-json\/wp\/v2\/media\/22772"}],"wp:attachment":[{"href":"https:\/\/eliquidnicotine.co.uk\/fr\/wp-json\/wp\/v2\/media?parent=22769"}],"wp:term":[{"taxonomy":"product_brand","embeddable":true,"href":"https:\/\/eliquidnicotine.co.uk\/fr\/wp-json\/wp\/v2\/product_brand?post=22769"},{"taxonomy":"product_cat","embeddable":true,"href":"https:\/\/eliquidnicotine.co.uk\/fr\/wp-json\/wp\/v2\/product_cat?post=22769"},{"taxonomy":"product_tag","embeddable":true,"href":"https:\/\/eliquidnicotine.co.uk\/fr\/wp-json\/wp\/v2\/product_tag?post=22769"}],"curies":[{"name":"wp","href":"https:\/\/api.w.org\/{rel}","templated":true}]}}