{"id":22770,"date":"2021-12-07T12:50:14","date_gmt":"2021-12-07T12:50:14","guid":{"rendered":"https:\/\/eliquidnicotine.co.uk\/?post_type=product&#038;p=22770"},"modified":"2024-05-14T09:38:35","modified_gmt":"2024-05-14T08:38:35","slug":"liquideo-bloody-frutti-50-ml","status":"publish","type":"product","link":"https:\/\/eliquidnicotine.co.uk\/fr\/shop\/liquideo-bloody-frutti-50-ml\/","title":{"rendered":"Liquideo Bloody frutti 50 ml"},"content":{"rendered":"<p>Teneur en nicotine 00 mg<br \/>\nType d'e-liquides E-liquide pour le rechargement<br \/>\nSaveur Menthol, Fruit\u00e9<br \/>\nContenu 50ml<br \/>\nPG\/VG 60\/40<br \/>\nPays France<\/p>","protected":false},"excerpt":{"rendered":"<p>Go\u00fbt : Fruits rouges, menthe<br \/>\nPG\/VG : 60\/40<br \/>\nLa fra\u00eecheur l\u00e9g\u00e8re de la menthe et la saveur des fruits rouges exploseront sur votre palais comme un bouquet floral.<br \/>\nPG\/VG : 60\/40 - Liquide 00mg avec une saveur surdos\u00e9e.<br \/>\nInjection de nicotine incluse<\/p>","protected":false},"featured_media":22773,"comment_status":"open","ping_status":"closed","template":"","meta":{"_acf_changed":false,"_genesis_hide_title":false,"_genesis_hide_breadcrumbs":false,"_genesis_hide_singular_image":false,"_genesis_hide_footer_widgets":false,"_genesis_custom_body_class":"","_genesis_custom_post_class":"","_genesis_layout":""},"product_brand":[],"product_cat":[454],"product_tag":[],"class_list":{"1":"product","2":"type-product","6":"product_cat-liquideo","7":"entry","9":"first","10":"outofstock","11":"taxable","12":"shipping-taxable","13":"purchasable","14":"product-type-variable"},"acf":[],"_links":{"self":[{"href":"https:\/\/eliquidnicotine.co.uk\/fr\/wp-json\/wp\/v2\/product\/22770","targetHints":{"allow":["GET"]}}],"collection":[{"href":"https:\/\/eliquidnicotine.co.uk\/fr\/wp-json\/wp\/v2\/product"}],"about":[{"href":"https:\/\/eliquidnicotine.co.uk\/fr\/wp-json\/wp\/v2\/types\/product"}],"replies":[{"embeddable":true,"href":"https:\/\/eliquidnicotine.co.uk\/fr\/wp-json\/wp\/v2\/comments?post=22770"}],"wp:featuredmedia":[{"embeddable":true,"href":"https:\/\/eliquidnicotine.co.uk\/fr\/wp-json\/wp\/v2\/media\/22773"}],"wp:attachment":[{"href":"https:\/\/eliquidnicotine.co.uk\/fr\/wp-json\/wp\/v2\/media?parent=22770"}],"wp:term":[{"taxonomy":"product_brand","embeddable":true,"href":"https:\/\/eliquidnicotine.co.uk\/fr\/wp-json\/wp\/v2\/product_brand?post=22770"},{"taxonomy":"product_cat","embeddable":true,"href":"https:\/\/eliquidnicotine.co.uk\/fr\/wp-json\/wp\/v2\/product_cat?post=22770"},{"taxonomy":"product_tag","embeddable":true,"href":"https:\/\/eliquidnicotine.co.uk\/fr\/wp-json\/wp\/v2\/product_tag?post=22770"}],"curies":[{"name":"wp","href":"https:\/\/api.w.org\/{rel}","templated":true}]}}